{"id":3008,"date":"2023-04-28T09:59:14","date_gmt":"2023-04-28T08:59:14","guid":{"rendered":"https:\/\/www.therocatest.co.uk\/roca-pflege\/"},"modified":"2026-05-11T11:21:42","modified_gmt":"2026-05-11T10:21:42","slug":"roca-pflege","status":"publish","type":"page","link":"https:\/\/www.therocatest.co.uk\/de\/fuer-patienten\/roca-pflege\/","title":{"rendered":"Der ROCA-Test"},"content":{"rendered":"<h3 class=\"wp-block-heading\">Warum der ROCA-Test?<\/h3><p>Wenn Sie eine Ver\u00e4nderung eines der BRCA-Gene (BRCA1 oder BRCA2) haben, ist eine vorbeugende Operation (Entfernung beider Eierst\u00f6cke und Eileiter) die erste empfohlene Option, um Ihr Risiko f\u00fcr Eierstockkrebs zu senken.<\/p><p>Sie k\u00f6nnen sich jedoch entscheiden, eine solche Operation zu verschieben, um Ihre Familie zu vervollst\u00e4ndigen oder um eine fr\u00fche Menopause zu vermeiden. In solchen F\u00e4llen kann die \u00dcberwachung mit dem ROCA-Test eine hilfreiche Option sein. <\/p><p><em><strong>*<\/strong>Fr\u00fchestm\u00f6glich, nachdem Sie erfahren haben, dass Sie eine Ver\u00e4nderung eines der BRCA-Gene tragen, sollten Sie Rat einholen und sich \u00fcber Ihre M\u00f6glichkeiten informieren, um das Risiko f\u00fcr Eierstockkrebs im Sp\u00e4tstadium zu minimieren.<\/em><\/p><p class=\"MsoNormal\" style=\"margin: 0cm 0cm 8pt; line-height: 18.4px; font-size: medium; font-family: Aptos, sans-serif; white-space: normal;\"><\/p><h3 class=\"wp-block-heading\"><\/h3><p>Der ROCA-Test ist der einzige Test zur \u00dcberwachung mit nachgewiesener Genauigkeit, wie vom National Institute for Health and Care Excellence <a href=\"https:\/\/www.nice.org.uk\/guidance\/NG241\"><ins>(NICE)<\/ins><\/a> (CG241) bewertet.<\/p><p>Mit der Patientensicherheit an erster Stelle bietet Ihnen die \u00dcberwachung mit dem ROCA-Test unter Anleitung eines Arztes Unterst\u00fctzung und die M\u00f6glichkeit, die Notwendigkeit einer pr\u00e4ventiven Operation je nach Alter, spezifischer BRCA-Ver\u00e4nderung, Familienplanung und anderen Faktoren h\u00e4ufig erneut zu <s><del>besprechen<\/del><\/s>.<\/p><h3 class=\"wp-block-heading\">Die ROCA-Testreise<\/h3><p>  Die \u00dcberwachung mit dem ROCA-Test erfordert alle vier Monate Bluttests. Bei Ihrem ersten Besuch in einer Klinik werden Sie wahrscheinlich eine Beratung mit einem Experten haben, der Ihre pers\u00f6nliche Situation beurteilt, Sie \u00fcber Ihre Eignung f\u00fcr den ROCA-Test informiert und dessen Vor- und Nachteile erkl\u00e4rt. <\/p><p>Der ROCA-Test sollte NICHT als Alternative zur vorbeugenden Operation verwendet werden. Nur wenn Sie eine vorbeugende Operation nicht durchf\u00fchren lassen k\u00f6nnen oder sich entschieden haben, diese aufzuschieben, sollten Sie den ROCA-Test in Betracht ziehen. <\/p><div class=\"wp-block-columns is-layout-flex wp-container-core-columns-is-layout-2 wp-block-columns-is-layout-flex\"><div class=\"wp-block-column is-layout-flow wp-block-column-is-layout-flow\" style=\"flex-basis:100%\"><div class=\"wp-block-columns is-layout-flex wp-container-core-columns-is-layout-1 wp-block-columns-is-layout-flex\"><div class=\"wp-block-column is-layout-flow wp-block-column-is-layout-flow\"><hr class=\"wp-block-separator has-alpha-channel-opacity is-style-default\"\/><\/div><\/div><\/div><\/div><h3 class=\"wp-block-heading\">H\u00e4ufig gestellte Fragen<\/h3><div id=\"accordion-how-is-the-roca-test-different-from-the-ca-125-blood-test\" class=\"accordion\"><a class=\"accordion-label\" href=\"#how-is-the-roca-test-different-from-the-ca-125-blood-test\">How is the ROCA Test different from the CA-125 blood test?<\/a><div class=\"accordion-content\"><\/p>\n<p>A: The ROCA Test is the only test for surveillance with demonstrated accuracy, as assessed by <a href=\"https:\/\/www.nice.org.uk\/guidance\/NG241\">NICE (CG241)<\/a> and uses your CA-125 measurements, establishing your baseline levels of CA-125 with other parameters such as age to reveal an individualized profile of change over time rather than relying on a single C<\/p>\n<p>A-125 fixed cut-off value.<\/p>\n<p><\/div><\/div><div id=\"accordion-how-often-should-i-have-the-roca-test\" class=\"accordion\"><a class=\"accordion-label\" href=\"#how-often-should-i-have-the-roca-test\">How often should I have the ROCA Test?<\/a><div class=\"accordion-content\"><\/p>\n<p>A: It is recommended that you have a ROCA test 3 times a year. If your results are not Normal, your clinician may recommend a repeat ROCA Test within the next six weeks. You may also be referred for a transvaginal ultrasound (TVUS) scan of your ovaries or other clinical assessment determined by your clinician.<\/p>\n<p><\/div><\/div><p class=\"has-text-align-center\"><\/p><p><\/p>","protected":false},"excerpt":{"rendered":"<p>Warum der ROCA-Test? Wenn Sie eine Ver\u00e4nderung eines der BRCA-Gene (BRCA1 oder BRCA2) haben, ist eine vorbeugende Operation (Entfernung beider Eierst\u00f6cke und Eileiter) die erste&#8230;<\/p>\n","protected":false},"author":42,"featured_media":0,"parent":3102,"menu_order":1,"comment_status":"closed","ping_status":"closed","template":"","meta":{"_acf_changed":false,"_eb_attr":"","footnotes":""},"class_list":["post-3008","page","type-page","status-publish","hentry"],"acf":[],"_links":{"self":[{"href":"https:\/\/www.therocatest.co.uk\/de\/wp-json\/wp\/v2\/pages\/3008"}],"collection":[{"href":"https:\/\/www.therocatest.co.uk\/de\/wp-json\/wp\/v2\/pages"}],"about":[{"href":"https:\/\/www.therocatest.co.uk\/de\/wp-json\/wp\/v2\/types\/page"}],"author":[{"embeddable":true,"href":"https:\/\/www.therocatest.co.uk\/de\/wp-json\/wp\/v2\/users\/42"}],"replies":[{"embeddable":true,"href":"https:\/\/www.therocatest.co.uk\/de\/wp-json\/wp\/v2\/comments?post=3008"}],"version-history":[{"count":3,"href":"https:\/\/www.therocatest.co.uk\/de\/wp-json\/wp\/v2\/pages\/3008\/revisions"}],"predecessor-version":[{"id":3762,"href":"https:\/\/www.therocatest.co.uk\/de\/wp-json\/wp\/v2\/pages\/3008\/revisions\/3762"}],"up":[{"embeddable":true,"href":"https:\/\/www.therocatest.co.uk\/de\/wp-json\/wp\/v2\/pages\/3102"}],"wp:attachment":[{"href":"https:\/\/www.therocatest.co.uk\/de\/wp-json\/wp\/v2\/media?parent=3008"}],"curies":[{"name":"wp","href":"https:\/\/api.w.org\/{rel}","templated":true}]}}