{"id":3200,"date":"2024-03-26T11:19:45","date_gmt":"2024-03-26T11:19:45","guid":{"rendered":"https:\/\/www.therocatest.co.uk\/nachrichten-und-blogs\/nice-unterstuetzt-den-roca-test\/"},"modified":"2026-05-11T11:22:04","modified_gmt":"2026-05-11T10:22:04","slug":"nice-unterstuetzt-den-roca-test","status":"publish","type":"page","link":"https:\/\/www.therocatest.co.uk\/de\/nachrichten-und-blogs\/nice-unterstuetzt-den-roca-test\/","title":{"rendered":"NICE unterst\u00fctzt den ROCA-Test"},"content":{"rendered":"<h3 class=\"wp-block-heading\">Neue NICE-Leitlinien f\u00fcr Eierstockkrebs<\/h3><p><em>Die \u00dcberwachung mit dem ROCA-Test ist nun eine Option f\u00fcr Personen mit hohem Risiko f\u00fcr Eierstockkrebs<\/em><\/p><p>Oxford, Gro\u00dfbritannien. GENinCode Plc (AIM: GENI), das pr\u00e4diktive Genetikunternehmen, das sich auf die Pr\u00e4vention von Herz-Kreislauf-Erkrankungen (&#8220;CVD&#8221;) und dem Risiko f\u00fcr Eierstockkrebs (&#8220;OC&#8221;) konzentriert, gibt bekannt, dass sein Risk of Ovarian Cancer Algorithm (&#8220;ROCA&#8221;) Test eine Empfehlung des National Institute for Health and Care Excellence (&#8220;NICE&#8221;) als bevorzugter Test f\u00fcr die \u00dcberwachung von OC bei Personen mit hohem Risiko f\u00fcr Eierstockkrebs erhalten hat, die keine risikoreduzierende Operation durchf\u00fchren. Die neuen NICE-Leitlinien konzentrieren sich darauf, das famili\u00e4re und genetische Risiko von OC zu identifizieren und zu managen.  <\/p><p>Jedes Jahr werden im Vereinigten K\u00f6nigreich 7.500 Frauen mit OC diagnostiziert, von denen mehr als die H\u00e4lfte an der Krankheit stirbt. Das Risiko, OC zu entwickeln, ist besonders hoch bei Personen, die eine bekannte pathogene Variante in bestimmten Genen wie BRCA1 oder BRCA2 erben. Es wird gesch\u00e4tzt, dass bis zu 170.000 Menschen im Vereinigten K\u00f6nigreich Tr\u00e4ger einer BRCA-Genvariante sein k\u00f6nnten. Die Identifizierung solcher Personen durch genetische Tests erm\u00f6glicht es dem NHS, dieses Risiko durch Pr\u00e4vention und\/oder \u00dcberwachung besser zu mindern.   <\/p><p>Eine vorbeugende Operation zur Entfernung von Eierst\u00f6cken und Eileitern ist Standardbehandlung, aber wenn dies nicht m\u00f6glich ist oder der Patient sich f\u00fcr eine Verz\u00f6gerung entscheidet, empfiehlt NICE nun, dass Personen mit dem ROCA-Test \u00fcberwacht werden k\u00f6nnen. Das NICE-Komitee \u00fcberpr\u00fcfte verschiedene \u00dcberwachungsprotokolle, wie sie in der peer-reviewten Literatur ver\u00f6ffentlicht wurden, und kam zu dem Schluss, dass der ROCA-Test der genaueste mit der besten Erkennungsrate f\u00fcr fr\u00fchere Stadien von OC (Stadium IIIa oder niedriger) war. Die Erkennung von OC in einem fr\u00fcheren Stadium ist mit einer besseren Prognose und Behandlung verbunden.  <\/p><p>Der ROCA-Test verwendet einen propriet\u00e4ren Algorithmus, um das individuelle OC-Risiko einer Frau anhand mehrerer klinischer Faktoren zu berechnen, darunter das Alter und die sich ansammelnden Bluttestergebnisse f\u00fcr Krebsantigen 125 (CA-125). Die F\u00e4higkeit des ROCA-Tests, Ver\u00e4nderungen im CA-125-Wert einer Person im Laufe der Zeit durch vier monatliche Tests zu interpretieren, wurde vom NICE-Komitee als wichtiger Beitrag zu seiner Genauigkeit und F\u00e4higkeit, OC fr\u00fcher zu erkennen, anerkannt. Dar\u00fcber hinaus erkannte das NICE-Komitee die ver\u00f6ffentlichten Belege an, dass \u00dcberwachung mit dem ROCA-Test einen kostensparenden Nutzen f\u00fcr den NHS bringen w\u00fcrde.  <\/p><p>Erfahren Sie mehr \u00fcber die NICE-Richtlinien<\/p><a class=\"btn\" href=\"https:\/\/www.nice.org.uk\/guidance\/NG241\">Hier<\/a>","protected":false},"excerpt":{"rendered":"<p>Neue NICE-Leitlinien f\u00fcr Eierstockkrebs Die \u00dcberwachung mit dem ROCA-Test ist nun eine Option f\u00fcr Personen mit hohem Risiko f\u00fcr Eierstockkrebs Oxford, Gro\u00dfbritannien. GENinCode Plc (AIM:&#8230;<\/p>\n","protected":false},"author":178,"featured_media":0,"parent":3087,"menu_order":1,"comment_status":"closed","ping_status":"closed","template":"","meta":{"_acf_changed":false,"_eb_attr":"","footnotes":""},"class_list":["post-3200","page","type-page","status-publish","hentry"],"acf":[],"_links":{"self":[{"href":"https:\/\/www.therocatest.co.uk\/de\/wp-json\/wp\/v2\/pages\/3200"}],"collection":[{"href":"https:\/\/www.therocatest.co.uk\/de\/wp-json\/wp\/v2\/pages"}],"about":[{"href":"https:\/\/www.therocatest.co.uk\/de\/wp-json\/wp\/v2\/types\/page"}],"author":[{"embeddable":true,"href":"https:\/\/www.therocatest.co.uk\/de\/wp-json\/wp\/v2\/users\/178"}],"replies":[{"embeddable":true,"href":"https:\/\/www.therocatest.co.uk\/de\/wp-json\/wp\/v2\/comments?post=3200"}],"version-history":[{"count":3,"href":"https:\/\/www.therocatest.co.uk\/de\/wp-json\/wp\/v2\/pages\/3200\/revisions"}],"predecessor-version":[{"id":3770,"href":"https:\/\/www.therocatest.co.uk\/de\/wp-json\/wp\/v2\/pages\/3200\/revisions\/3770"}],"up":[{"embeddable":true,"href":"https:\/\/www.therocatest.co.uk\/de\/wp-json\/wp\/v2\/pages\/3087"}],"wp:attachment":[{"href":"https:\/\/www.therocatest.co.uk\/de\/wp-json\/wp\/v2\/media?parent=3200"}],"curies":[{"name":"wp","href":"https:\/\/api.w.org\/{rel}","templated":true}]}}