{"id":3206,"date":"2023-04-28T10:04:43","date_gmt":"2023-04-28T09:04:43","guid":{"rendered":"https:\/\/www.therocatest.co.uk\/fuer-patienten\/was-ist-brca\/"},"modified":"2026-05-11T11:20:56","modified_gmt":"2026-05-11T10:20:56","slug":"was-ist-brca","status":"publish","type":"page","link":"https:\/\/www.therocatest.co.uk\/de\/fuer-patienten\/was-ist-brca\/","title":{"rendered":"Was ist BRCA?"},"content":{"rendered":"<p>Die BRCA-1- und BRCA-2-Gene sind bei jedem vorhanden, aber bei manchen Menschen k\u00f6nnen sie ver\u00e4ndert werden. Diese Ver\u00e4nderungen k\u00f6nnen zu einem erh\u00f6hten Risiko f\u00fchren, Brust- und\/oder Eierstockkrebs zu entwickeln. Frauen, die eine Ver\u00e4nderung der BRCA1- oder BRCA2-Gene tragen, haben ein lebenslanges Risiko von bis zu 44 % bzw. 17 %, Eierstockkrebs zu entwickeln.  <\/p><p>Wenn Sie positiv auf eine BRCA-1- oder BRCA-2-Genver\u00e4nderung getestet werden, ist die effektivste Methode, Ihr Risiko f\u00fcr Eierstockkrebs zu senken, eine vorbeugende Operation. Diese Operation wird oft als risikoreduzierende bilaterale Spalpingo-Oophorektomie (RR-BSO) bezeichnet, bei der sowohl Eierst\u00f6cke als auch Eileiter vollst\u00e4ndig entfernt werden. <\/p><p>F\u00fcr viele Frauen ist die Entscheidung, eine vorbeugende Operation durchf\u00fchren zu lassen, schwierig, besonders wenn man erf\u00e4hrt, dass man eine BRCA-Genver\u00e4nderung hat, bevor man eine Familie vollendet hat. Jede Frau, die sich dieser Operation unterzieht, k\u00f6nnte keine Kinder bekommen und w\u00fcrde eine fr\u00fche Menopause erleben.   <\/p><div style=\"height:80px\" aria-hidden=\"true\" class=\"wp-block-spacer\"><\/div><h2 class=\"wp-block-heading\">Finde Unterst\u00fctzung<\/h2><p>Wir verstehen, dass es sehr schwierig sein kann, eine BRCA-1- oder BRCA-2-Diagnose zu erhalten. Es gibt Unterst\u00fctzung, und wir haben einige der gro\u00dfartigen Wohlt\u00e4tigkeitsorganisationen und Selbsthilfegruppen aufgelistet, die Ihnen helfen und Ihnen zus\u00e4tzliche Unterst\u00fctzung bieten k\u00f6nnen. <\/p><p>\u2981 F\u00fcr Pr\u00e4vention und Bewusstsein f\u00fcr Eierstockkrebs: <a href=\"https:\/\/eveappeal.org.uk\/\">Der EVE-Appell<\/a><\/p><p>\u2981 Unterst\u00fctzung f\u00fcr BRCA und genetische Tests: <a href=\"https:\/\/brcachat.com\/\">BRCA Chat<\/a>, <a href=\"https:\/\/brcaumbrella.ning.com\/\">BRCA Umbrella<\/a><\/p><p>\u2981 F\u00fcr Patientenbetreuung: <a href=\"https:\/\/www.ovacome.org.uk\">Ovacome (UK);<\/a> <a href=\"https:\/\/targetovariancancer.org.uk\">Ziel-Ovarialkrebs (UK);<\/a> <a href=\"https:\/\/ovarian.gynecancer.org\/en\/\">Olivia (EU)<\/a><\/p><p><\/p>","protected":false},"excerpt":{"rendered":"<p>Die BRCA-1- und BRCA-2-Gene sind bei jedem vorhanden, aber bei manchen Menschen k\u00f6nnen sie ver\u00e4ndert werden. Diese Ver\u00e4nderungen k\u00f6nnen zu einem erh\u00f6hten Risiko f\u00fchren, Brust-&#8230;<\/p>\n","protected":false},"author":42,"featured_media":0,"parent":3102,"menu_order":1,"comment_status":"closed","ping_status":"closed","template":"","meta":{"_acf_changed":false,"_eb_attr":"","footnotes":""},"class_list":["post-3206","page","type-page","status-publish","hentry"],"acf":[],"_links":{"self":[{"href":"https:\/\/www.therocatest.co.uk\/de\/wp-json\/wp\/v2\/pages\/3206"}],"collection":[{"href":"https:\/\/www.therocatest.co.uk\/de\/wp-json\/wp\/v2\/pages"}],"about":[{"href":"https:\/\/www.therocatest.co.uk\/de\/wp-json\/wp\/v2\/types\/page"}],"author":[{"embeddable":true,"href":"https:\/\/www.therocatest.co.uk\/de\/wp-json\/wp\/v2\/users\/42"}],"replies":[{"embeddable":true,"href":"https:\/\/www.therocatest.co.uk\/de\/wp-json\/wp\/v2\/comments?post=3206"}],"version-history":[{"count":3,"href":"https:\/\/www.therocatest.co.uk\/de\/wp-json\/wp\/v2\/pages\/3206\/revisions"}],"predecessor-version":[{"id":3752,"href":"https:\/\/www.therocatest.co.uk\/de\/wp-json\/wp\/v2\/pages\/3206\/revisions\/3752"}],"up":[{"embeddable":true,"href":"https:\/\/www.therocatest.co.uk\/de\/wp-json\/wp\/v2\/pages\/3102"}],"wp:attachment":[{"href":"https:\/\/www.therocatest.co.uk\/de\/wp-json\/wp\/v2\/media?parent=3206"}],"curies":[{"name":"wp","href":"https:\/\/api.w.org\/{rel}","templated":true}]}}