{"id":3211,"date":"2023-04-28T09:38:59","date_gmt":"2023-04-28T08:38:59","guid":{"rendered":"https:\/\/www.therocatest.co.uk\/fuer-patienten\/patientenreise\/"},"modified":"2026-05-11T11:21:12","modified_gmt":"2026-05-11T10:21:12","slug":"patientenreise","status":"publish","type":"page","link":"https:\/\/www.therocatest.co.uk\/de\/fuer-patienten\/patientenreise\/","title":{"rendered":"Patientenreise"},"content":{"rendered":"<p>Wenn Sie eine Frau sind, die sich f\u00fcr den ROCA-Test interessiert, ist es wichtig, dass Sie die Reise vollst\u00e4ndig verstehen.<\/p><p>Die folgende Gliederung beschreibt, was darin besteht. Wenn Sie Fragen zu unseren Dienstleistungen haben, wenden Sie sich bitte an unser erfahrenes Team, das Ihnen gerne weiterhilft. <\/p><div class=\"wp-block-image\"><figure class=\"alignleft is-resized\"><img loading=\"lazy\" decoding=\"async\" width=\"300\" height=\"185\" src=\"https:\/\/www.therocatest.co.uk\/assets\/step1-300x185.png\" alt=\"\" class=\"wp-image-2483\" style=\"width:150px;height:93px\" srcset=\"https:\/\/www.therocatest.co.uk\/assets\/step1-300x185.png 300w, https:\/\/www.therocatest.co.uk\/assets\/step1-600x369.png 600w, https:\/\/www.therocatest.co.uk\/assets\/step1-768x473.png 768w, https:\/\/www.therocatest.co.uk\/assets\/step1-100x62.png 100w, https:\/\/www.therocatest.co.uk\/assets\/step1.png 786w\" sizes=\"(max-width: 300px) 100vw, 300px\" \/><\/figure><\/div><p><strong>Schritt 1: Kontaktieren Sie uns<\/strong><\/p><p>Der erste Schritt ist, einen unserer verifizierten <a href=\"https:\/\/www.therocatest.co.uk\/de\/?page_id=3008#clinicians\">Kliniker <\/a>zu kontaktieren, der den ROCA-Test anbietet und Ihnen weitere Details mitteilen oder Sie f\u00fcr eine Erstberatung vereinbaren kann.<\/p><div style=\"height:50px\" aria-hidden=\"true\" class=\"wp-block-spacer\"><\/div><div class=\"wp-block-image\"><figure class=\"alignleft is-resized\"><img loading=\"lazy\" decoding=\"async\" width=\"300\" height=\"242\" src=\"https:\/\/www.therocatest.co.uk\/assets\/step2-300x242.png\" alt=\"\" class=\"wp-image-2484\" style=\"width:150px;height:121px\" srcset=\"https:\/\/www.therocatest.co.uk\/assets\/step2-300x242.png 300w, https:\/\/www.therocatest.co.uk\/assets\/step2-600x483.png 600w, https:\/\/www.therocatest.co.uk\/assets\/step2-100x81.png 100w, https:\/\/www.therocatest.co.uk\/assets\/step2.png 734w\" sizes=\"(max-width: 300px) 100vw, 300px\" \/><\/figure><\/div><p><strong>Schritt 2: Erstberatung<\/strong><\/p><p>Bei der Beratung kann Ihr Arzt beurteilen, ob der ROCA-Test eine geeignete Option f\u00fcr Sie ist, und sobald Sie zugestimmt haben, k\u00f6nnen Sie das Einverst\u00e4ndnisformular unterschreiben. Der Arzt nimmt eine erste Blutprobe oder kann Sie alternativ f\u00fcr einen sp\u00e4teren Zeitpunkt anmelden. <\/p><div style=\"height:50px\" aria-hidden=\"true\" class=\"wp-block-spacer\"><\/div><div class=\"wp-block-image\"><figure class=\"alignleft is-resized\"><img loading=\"lazy\" decoding=\"async\" width=\"264\" height=\"300\" src=\"https:\/\/www.therocatest.co.uk\/assets\/step3-264x300.png\" alt=\"\" class=\"wp-image-2485\" style=\"width:132px;height:150px\" srcset=\"https:\/\/www.therocatest.co.uk\/assets\/step3-264x300.png 264w, https:\/\/www.therocatest.co.uk\/assets\/step3-600x681.png 600w, https:\/\/www.therocatest.co.uk\/assets\/step3-100x113.png 100w, https:\/\/www.therocatest.co.uk\/assets\/step3.png 683w\" sizes=\"(max-width: 264px) 100vw, 264px\" \/><\/figure><\/div><p><strong>Schritt 3: Blutprobe testen  <\/strong><\/p><p>Ihre Blutprobe wird an ein zugelassenes Labor geschickt, und der Krebsmarker wird gemessen.<\/p><div style=\"height:50px\" aria-hidden=\"true\" class=\"wp-block-spacer\"><\/div><div class=\"wp-block-image\"><figure class=\"alignleft is-resized\"><img loading=\"lazy\" decoding=\"async\" width=\"229\" height=\"300\" src=\"https:\/\/www.therocatest.co.uk\/assets\/step4-229x300.png\" alt=\"\" class=\"wp-image-2486\" style=\"width:115px;height:150px\" srcset=\"https:\/\/www.therocatest.co.uk\/assets\/step4-229x300.png 229w, https:\/\/www.therocatest.co.uk\/assets\/step4-100x131.png 100w, https:\/\/www.therocatest.co.uk\/assets\/step4.png 579w\" sizes=\"(max-width: 229px) 100vw, 229px\" \/><\/figure><\/div><p><strong>Schritt 4: Berechnung Ihres ROCA-Risikos f\u00fcr Eierstockkrebs  <\/strong><\/p><p>Die Ergebnisse des Labors zusammen mit Ihrem Alter und Ihrem Wechseljahreszustand werden dann verwendet, um Ihr pers\u00f6nliches Risiko f\u00fcr Eierstockkrebs zu ermitteln. Ihr Arzt erh\u00e4lt innerhalb von 7 Tagen einen Bericht. <\/p><div style=\"height:50px\" aria-hidden=\"true\" class=\"wp-block-spacer\"><\/div><div class=\"wp-block-image\"><figure class=\"alignleft is-resized\"><img loading=\"lazy\" decoding=\"async\" width=\"228\" height=\"300\" src=\"https:\/\/www.therocatest.co.uk\/assets\/step5-228x300.png\" alt=\"\" class=\"wp-image-2487\" style=\"width:114px;height:150px\" srcset=\"https:\/\/www.therocatest.co.uk\/assets\/step5-228x300.png 228w, https:\/\/www.therocatest.co.uk\/assets\/step5-600x790.png 600w, https:\/\/www.therocatest.co.uk\/assets\/step5-100x132.png 100w, https:\/\/www.therocatest.co.uk\/assets\/step5.png 645w\" sizes=\"(max-width: 228px) 100vw, 228px\" \/><\/figure><\/div><p><strong>Schritt 5: N\u00e4chste Schritte<\/strong><\/p><p>Basierend auf den Ergebnissen Ihres ROCA-Tests wird Ihr Kliniker wahrscheinlich eine von drei Optionen empfehlen:<\/p><div style=\"height:\" aria-hidden=\"true\" class=\"wp-block-spacer\"><\/div><p><strong>Normal<\/strong>: Ihr n\u00e4chster Test wird in 4 Monaten angesetzt.<\/p><p><strong>Zwischenstufen<\/strong>: Ein erneuter ROCA-Test sollte in sechs Wochen geplant werden<\/p><p><strong>Erh\u00f6ht:<\/strong> Ein wiederholter ROCA-Test mit Ultraschall Ihrer Eierst\u00f6cke sollte innerhalb von sechs Wochen geplant werden<\/p><div style=\"height:70px\" aria-hidden=\"true\" class=\"wp-block-spacer\"><\/div><h2 class=\"wp-block-heading has-text-align-center\"><\/h2><p class=\"has-text-align-center\"><\/p><div class=\"wp-block-buttons is-content-justification-center is-layout-flex wp-container-core-buttons-is-layout-1 wp-block-buttons-is-layout-flex\"><div class=\"wp-block-button\"><a class=\"wp-block-button__link has-text-color has-background wp-element-button\" href=\"https:\/\/www.therocatest.co.uk\/de\/?page_id=3008\" style=\"color:#3d3d3d;background:linear-gradient(135deg,rgb(184,209,97) 0%,rgb(154,209,202) 100%)\">Mehr erfahren Sie hier<\/a><\/div><\/div><div style=\"height:100px\" aria-hidden=\"true\" class=\"wp-block-spacer\"><\/div><h2 class=\"wp-block-heading has-text-align-center\">H\u00e4ufig gestellte Fragen<\/h2><div id=\"accordion-how-do-i-know-if-i-am-eligible-for-the-roca-test\" class=\"accordion\"><a class=\"accordion-label\" href=\"#how-do-i-know-if-i-am-eligible-for-the-roca-test\">How do I know if I am eligible for the ROCA Test?<\/a><div class=\"accordion-content\"><\/p>\n<p>You may be eligible for the ROCA Test if you are between 35 and 83 years with a known alteration in the BRCA1 or BRCA2 genes.  You should talk with your doctor about whether the test is right for you.<\/p>\n<p><\/div><\/div>\n<div id=\"accordion-how-do-i-know-if-i-have-a-family-history-of-ovarian-andor-breast-cancer\" class=\"accordion\"><a class=\"accordion-label\" href=\"#how-do-i-know-if-i-have-a-family-history-of-ovarian-andor-breast-cancer\">How do I know if I have a family history of ovarian and\/or breast cancer?<\/a><div class=\"accordion-content\"><\/p>\n<p>If one or more members of your family have had ovarian and\/or breast cancer (including male breast cancer), you may wish to seek expert advice about your own risk of developing ovarian cancer. Expert clinicians will gather information from you about your family history, as well as other factors such as your age and ethnic background. The clinician may recommend that you have a BRCA test.<\/p>\n<p><\/div><\/div>\n<div id=\"accordion-i-have-tested-positive-for-a-brca-gene-alteration-and-have-been-recommended-to-have-my-ovaries-removed-%e2%80%93-should-i-have-the-roca-test-instead\" class=\"accordion\"><a class=\"accordion-label\" href=\"#i-have-tested-positive-for-a-brca-gene-alteration-and-have-been-recommended-to-have-my-ovaries-removed-%e2%80%93-should-i-have-the-roca-test-instead\">I have tested positive for a BRCA gene alteration and have been recommended to have my ovaries removed \u2013 should I have the ROCA Test instead?<\/a><div class=\"accordion-content\"><\/p>\n<p>Removal of the ovaries and fallopian tubes is the recommended option for women with a BRCA gene alteration. The ROCA Test should only be considered as a short term option until a woman is ready to undertake surgery to remove her ovaries and fallopian tubes. We recommend you consult one of our expert clinicians if you wish to explore your options.<\/p>\n<p><\/div><\/div><p class=\"has-text-align-center\"><\/p>","protected":false},"excerpt":{"rendered":"<p>Wenn Sie eine Frau sind, die sich f\u00fcr den ROCA-Test interessiert, ist es wichtig, dass Sie die Reise vollst\u00e4ndig verstehen. Die folgende Gliederung beschreibt, was&#8230;<\/p>\n","protected":false},"author":42,"featured_media":0,"parent":3102,"menu_order":1,"comment_status":"closed","ping_status":"closed","template":"","meta":{"_acf_changed":false,"_eb_attr":"","footnotes":""},"class_list":["post-3211","page","type-page","status-publish","hentry"],"acf":[],"_links":{"self":[{"href":"https:\/\/www.therocatest.co.uk\/de\/wp-json\/wp\/v2\/pages\/3211"}],"collection":[{"href":"https:\/\/www.therocatest.co.uk\/de\/wp-json\/wp\/v2\/pages"}],"about":[{"href":"https:\/\/www.therocatest.co.uk\/de\/wp-json\/wp\/v2\/types\/page"}],"author":[{"embeddable":true,"href":"https:\/\/www.therocatest.co.uk\/de\/wp-json\/wp\/v2\/users\/42"}],"replies":[{"embeddable":true,"href":"https:\/\/www.therocatest.co.uk\/de\/wp-json\/wp\/v2\/comments?post=3211"}],"version-history":[{"count":3,"href":"https:\/\/www.therocatest.co.uk\/de\/wp-json\/wp\/v2\/pages\/3211\/revisions"}],"predecessor-version":[{"id":3757,"href":"https:\/\/www.therocatest.co.uk\/de\/wp-json\/wp\/v2\/pages\/3211\/revisions\/3757"}],"up":[{"embeddable":true,"href":"https:\/\/www.therocatest.co.uk\/de\/wp-json\/wp\/v2\/pages\/3102"}],"wp:attachment":[{"href":"https:\/\/www.therocatest.co.uk\/de\/wp-json\/wp\/v2\/media?parent=3211"}],"curies":[{"name":"wp","href":"https:\/\/api.w.org\/{rel}","templated":true}]}}