{"id":3382,"date":"2015-11-06T15:28:23","date_gmt":"2015-11-06T15:28:23","guid":{"rendered":"https:\/\/www.therocatest.co.uk\/fuer-patienten\/ueber-eierstockkrebs\/"},"modified":"2026-05-11T11:35:43","modified_gmt":"2026-05-11T10:35:43","slug":"ueber-eierstockkrebs","status":"publish","type":"page","link":"https:\/\/www.therocatest.co.uk\/de\/fuer-patienten\/ueber-eierstockkrebs\/","title":{"rendered":"\u00dcber Eierstockkrebs"},"content":{"rendered":"<h2> <\/h2>\n<p>Eierstockkrebs ist eine Krankheit, die auftritt, wenn abnormale Zellen in den Eierst\u00f6cken unkontrolliert wachsen und eine Gewebemasse bilden, die als Tumor bekannt ist. Viele Arten von Tumoren k\u00f6nnen in den Eileitern oder in einem oder beiden Eierst\u00f6cken beginnen. <\/p>\n<p>Einige Tumore sind nicht krebsartig (auch als &#8220;gutartig&#8221; bekannt) und breiten sich nie \u00fcber die Eierst\u00f6cke oder Eileiter hinaus aus. Andere Tumore k\u00f6nnen jedoch b\u00f6sartig (&#8220;b\u00f6sartig&#8221;) sein und sich auf andere K\u00f6rperteile wie das Becken oder den Bauch ausbreiten. Die Behandlung von Eierstockkrebs umfasst h\u00e4ufig die chirurgische Entfernung der Tumore, Chemotherapie und\/oder Strahlentherapie.  <\/p>\n<p>Etwa 7.500 Frauen im Vereinigten K\u00f6nigreich werden mit Eierstockkrebs diagnostiziert und jedes Jahr sterben 4.100 Frauen.  <\/p>\n<h2>Die Eierst\u00f6cke<\/h2>\n<p><a href=\"https:\/\/www.therocatest.co.uk\/assets\/ovaries.jpg\"><img loading=\"lazy\" decoding=\"async\" class=\"alignright wp-image-1063 size-medium\" src=\"https:\/\/www.therocatest.co.uk\/assets\/ovaries-300x214.jpg\" alt=\"Eierst\u00f6cke und Illustration des weiblichen Fortpflanzungssystems\" width=\"300\" height=\"214\" srcset=\"https:\/\/www.therocatest.co.uk\/assets\/ovaries-300x214.jpg 300w, https:\/\/www.therocatest.co.uk\/assets\/ovaries-600x427.jpg 600w, https:\/\/www.therocatest.co.uk\/assets\/ovaries-100x71.jpg 100w, https:\/\/www.therocatest.co.uk\/assets\/ovaries.jpg 900w\" sizes=\"(max-width: 300px) 100vw, 300px\" \/><\/a><\/p>\n<p style=\"font-weight: 400;\">Die Eierst\u00f6cke sind ein Paar Organe, die sich im Becken einer Frau befinden \u2013 also im Bereich zwischen den H\u00fcften im unteren Teil des Bauches. Sie sind jeweils etwa so gro\u00df und geformt wie eine Mandel und bilden einen Teil des weiblichen Fortpflanzungssystems. Die Eierst\u00f6cke produzieren Eier und weibliche Hormone.  <\/p>\n<h2>Symptome von Eierstockkrebs<\/h2>\n<p>Die Symptome von Eierstockkrebs sind besonders in den fr\u00fchen Stadien schwer zu erkennen. Das liegt daran, dass die Symptome denen anderer weniger schwerwiegender Erkrankungen \u00e4hneln, wie dem Reizdarmsyndrom (IBS) oder dem pr\u00e4menstruellen Syndrom (PMS). <\/p>\n<p>Die am h\u00e4ufigsten berichteten Symptome bei Frauen mit Eierstockkrebs sind:<\/p>\n<ul>\n<li>Vergr\u00f6\u00dferte Bauchgr\u00f6\u00dfe und anhaltende Bl\u00e4hungen<\/li>\n<li>Anhaltende Becken- und Bauchschmerzen<\/li>\n<li>Schwierigkeiten beim Essen und schnellem S\u00e4ttigungsgef\u00fchl oder \u00dcbelkeit<\/li>\n<\/ul>\n<p>Weitere Symptome sind R\u00fcckenschmerzen, unerkl\u00e4rliche Blutungen, h\u00e4ufigeres Urinieren, Schmerzen beim Geschlechtsverkehr, Verstopfung und M\u00fcdigkeit.<\/p>\n<p>Wenn Sie eines dieser Symptome \u00fcber zwei oder mehr Wochen bemerken, sollten Sie Ihren Arzt zur Untersuchung aufsuchen. Je schneller Eierstockkrebs entdeckt und behandelt wird, desto besser sind die Chancen auf Genesung. <\/p>\n<h2>Risiko, an Eierstockkrebs zu erkranken<\/h2>\n<p>Bei 1 von 52 Frauen wird im Laufe ihres Lebens Eierstockkrebs diagnostiziert. Es gibt jedoch bestimmte Faktoren, die dieses Risiko weiter erh\u00f6hen k\u00f6nnen: <\/p>\n<ul>\n<li>Zunehmendes Alter<\/li>\n<li>Mit einer Mutation im BRCA 1 oder 2<\/li>\n<li>Eine bekannte famili\u00e4re Vorgeschichte von Eierstock- und\/oder Brustkrebs<\/li>\n<li>Als aschkenasischer j\u00fcdischer Abstammung mit bekannter famili\u00e4rer Vorgeschichte von Eierstock- oder Brustkrebs<\/li>\n<\/ul>\n<h2>Bedeutung der Fr\u00fcherkennung<\/h2>\n<p>Eine fr\u00fchzeitige Erkennung von Eierstockkrebs bedeutet ein l\u00e4ngeres \u00dcberleben<\/p>\n<p style=\"font-weight: 400;\">Wenn Eierstockkrebs im fr\u00fchesten Stadium diagnostiziert wird, wenn er noch auf einen Eierstock beschr\u00e4nkt ist, werden bis zu 9 von 10 Frauen 5 Jahre sp\u00e4ter noch leben. Allerdings wird nur ein Drittel der Frauen mit Eierstockkrebs im Fr\u00fchstadium diagnostiziert.1 <\/p>\n<p style=\"font-weight: 400;\">Leider werden viele Eierstockkrebserkrankungen im sp\u00e4ten Stadium diagnostiziert. Das bedeutet, dass viele Frauen nicht fr\u00fch genug behandelt werden und ihre Behandlungsm\u00f6glichkeiten begrenzter sein k\u00f6nnen. <\/p>\n<p style=\"text-align: center;\">\u00dcberlebensraten nach Stadium<\/p>\n<p><a href=\"https:\/\/www.therocatest.co.uk\/assets\/SurvivalbyStage.png\"><img loading=\"lazy\" decoding=\"async\" class=\"aligncenter wp-image-1063\" src=\"https:\/\/www.therocatest.co.uk\/assets\/SurvivalbyStage.png\" alt=\"\u00dcberleben bei Eierstockkrebs\" width=\"600\" height=\"427\"><\/a><\/p>\n<div id=\"accordion-useful-links\" class=\"accordion\"><a class=\"accordion-label\" href=\"#useful-links\">Useful Links<\/a><div class=\"accordion-content\"><\/p>\n<p><a href=\"https:\/\/www.cancerresearchuk.org\/about-cancer\/ovarian-cancer\">https:\/\/www.cancerresearchuk.org\/about-cancer\/ovarian-cancer<\/a> Zuletzt abgerufen: April 2026<\/p>\n<p style=\"font-weight: 400;\"><a href=\"https:\/\/www.nhs.uk\/conditions\/ovarian-cancer\/.\">https:\/\/www.nhs.uk\/conditions\/ovarian-cancer\/.<\/a>  Zuletzt abgerufen im April 2026.<\/p>\n<p><a href=\"https:\/\/www.cancerresearchuk.org\/health-professional\/cancer-statistics\/statistics-by-cancer-type\/ovarian-cancer\/risk-factors#heading-Zero\">https:\/\/www.cancerresearchuk.org\/health-professional\/cancer-statistics\/statistics-by-cancer-type\/ovarian-cancer\/risk-factors#heading-Zero<\/a> Zuletzt abgerufen im Oktober 2022.<\/p>\n<p><a href=\"http:\/\/www.nhs.uk\/Conditions\/Cancer-of-the-ovary\/Pages\/Symptoms.aspx\">http:\/\/www.nhs.uk\/Conditions\/Cancer-of-the-ovary\/Pages\/Symptoms.aspx<\/a>. Zuletzt abgerufen im Oktober 2022. <\/p>\n<p><\/div><\/div>\n<h2 style=\"text-align: center;\"><strong>H\u00e4ufig gestellte Fragen<\/strong><\/h2>\n<div id=\"accordion-what-is-my-chance-of-getting-ovarian-cancer\" class=\"accordion\"><a class=\"accordion-label\" href=\"#what-is-my-chance-of-getting-ovarian-cancer\">What is my chance of getting ovarian cancer?<\/a><div class=\"accordion-content\"><\/p>\n<p>Bestimmte Faktoren k\u00f6nnen Ihr Risiko f\u00fcr Eierstockkrebs erh\u00f6hen:<\/p>\n<p>Wenn Sie \u00fcber 50 Jahre alt sind und die Wechseljahre durchlaufen haben.<\/p>\n<p>Wenn Sie eines der folgenden Optionen haben:<\/p>\n<p>Eine bekannte Mutation in den Genen des BRCA1-, BRCA2- und\/oder Lynch-Syndroms<\/p>\n<p>Eine bekannte famili\u00e4re Vorgeschichte von Eierstock- und\/oder Brustkrebs<\/p>\n<p>Verwandte aschkenasischer j\u00fcdischer Abstammung mit famili\u00e4rer Vorgeschichte von Eierstock-\/Brustkrebs<\/p>\n<p>Einen oder mehrere dieser Risikofaktoren zu haben, bedeutet nicht, dass Sie Eierstockkrebs entwickeln werden. Das Wichtigste, was Sie tun k\u00f6nnen, ist, auf fr\u00fche Symptome zu achten und mit Ihrem Arzt zu sprechen, wenn Sie besorgt sind. <\/p>\n<p><\/div><\/div>\n<div id=\"accordion-is-ovarian-cancer-hereditary\" class=\"accordion\"><a class=\"accordion-label\" href=\"#is-ovarian-cancer-hereditary\">Is ovarian cancer hereditary?<\/a><div class=\"accordion-content\"><\/p>\n<p>Obwohl die Mehrheit des Eierstockkrebses nicht vererbt ist, haben etwa 20 bis 25 Prozent der Frauen, bei denen Eierstockkrebs diagnostiziert wurde, eine erbliche Tendenz zur Entwicklung der Krankheit. Wenn Sie Verwandte mit Brust- und\/oder Eierstockkrebs haben, haben Sie m\u00f6glicherweise ein h\u00f6heres Risiko, an Eierstockkrebs zu erkranken. <\/p>\n<p>In manchen F\u00e4llen kann dies auf eine vererbte Mutation im BRCA1- und\/oder BRCA2-Gen zur\u00fcckzuf\u00fchren sein. Diese Gene sind bei jedem vorhanden, aber bei manchen Menschen k\u00f6nnen sie in anderer Form auftreten und das Risiko f\u00fcr Brust- und\/oder Eierstockkrebs erh\u00f6hen. <\/p>\n<p>Ihr Arzt kann Ihre medizinische und pers\u00f6nliche Familiengeschichte beurteilen und Sie zu Ihrem eigenen lebenslangen Risiko f\u00fcr Eierstockkrebs beraten.<\/p>\n<p><\/div><\/div><p><\/p>","protected":false},"excerpt":{"rendered":"<p>Eierstockkrebs ist eine Krankheit, die auftritt, wenn abnormale Zellen in den Eierst\u00f6cken unkontrolliert wachsen und eine Gewebemasse bilden, die als Tumor bekannt ist. Viele Arten&#8230;<\/p>\n","protected":false},"author":42,"featured_media":0,"parent":3102,"menu_order":1,"comment_status":"closed","ping_status":"closed","template":"","meta":{"_acf_changed":false,"_eb_attr":"","footnotes":""},"class_list":["post-3382","page","type-page","status-publish","hentry"],"acf":[],"_links":{"self":[{"href":"https:\/\/www.therocatest.co.uk\/de\/wp-json\/wp\/v2\/pages\/3382"}],"collection":[{"href":"https:\/\/www.therocatest.co.uk\/de\/wp-json\/wp\/v2\/pages"}],"about":[{"href":"https:\/\/www.therocatest.co.uk\/de\/wp-json\/wp\/v2\/types\/page"}],"author":[{"embeddable":true,"href":"https:\/\/www.therocatest.co.uk\/de\/wp-json\/wp\/v2\/users\/42"}],"replies":[{"embeddable":true,"href":"https:\/\/www.therocatest.co.uk\/de\/wp-json\/wp\/v2\/comments?post=3382"}],"version-history":[{"count":2,"href":"https:\/\/www.therocatest.co.uk\/de\/wp-json\/wp\/v2\/pages\/3382\/revisions"}],"predecessor-version":[{"id":3798,"href":"https:\/\/www.therocatest.co.uk\/de\/wp-json\/wp\/v2\/pages\/3382\/revisions\/3798"}],"up":[{"embeddable":true,"href":"https:\/\/www.therocatest.co.uk\/de\/wp-json\/wp\/v2\/pages\/3102"}],"wp:attachment":[{"href":"https:\/\/www.therocatest.co.uk\/de\/wp-json\/wp\/v2\/media?parent=3382"}],"curies":[{"name":"wp","href":"https:\/\/api.w.org\/{rel}","templated":true}]}}