{"id":3031,"date":"2023-04-28T09:59:14","date_gmt":"2023-04-28T08:59:14","guid":{"rendered":"https:\/\/www.therocatest.co.uk\/roca-care\/"},"modified":"2026-05-11T11:22:19","modified_gmt":"2026-05-11T10:22:19","slug":"roca-care","status":"publish","type":"page","link":"https:\/\/www.therocatest.co.uk\/es\/para-pacientes\/roca-care\/","title":{"rendered":"La prueba ROCA"},"content":{"rendered":"<h3 class=\"wp-block-heading\">\u00bfPor qu\u00e9 la prueba ROC?<\/h3><p>Si tienes una alteraci\u00f3n en uno de los genes BRCA (BRCA1 o BRCA2), la cirug\u00eda preventiva (extirpaci\u00f3n de ambos ovarios y trompas de Falopio) es la primera opci\u00f3n recomendada para reducir el riesgo de desarrollar c\u00e1ncer de ovario.<\/p><p>Sin embargo, puede que decidas retrasar dicha cirug\u00eda para completar tu familia o para evitar la menopausia precoz. En tales casos, la vigilancia mediante la prueba ROCA puede ser una opci\u00f3n \u00fatil. <\/p><p><em><strong>*<\/strong>Lo antes posible despu\u00e9s de saber que tienes una alteraci\u00f3n en uno de los genes BRCA, deber\u00edas consultar y conocer tus opciones para minimizar el riesgo de c\u00e1ncer de ovario en fase avanzada.<\/em><\/p><p class=\"MsoNormal\" style=\"margin: 0cm 0cm 8pt; line-height: 18.4px; font-size: medium; font-family: Aptos, sans-serif; white-space: normal;\"><\/p><h3 class=\"wp-block-heading\"><\/h3><p>La prueba ROCA es la \u00fanica prueba de vigilancia con precisi\u00f3n demostrada, seg\u00fan lo evaluado por el Instituto Nacional para la Excelencia en Salud y Atenci\u00f3n <a href=\"https:\/\/www.nice.org.uk\/guidance\/NG241\"><ins>(NICE)<\/ins><\/a> (CG241).<\/p><p>Con la seguridad del paciente como prioridad, la vigilancia mediante la Prueba ROCA bajo la supervisi\u00f3n de un profesional te brinda apoyo con la oportunidad <s><del>de revisar<\/del><\/s> frecuentemente la necesidad de cirug\u00eda preventiva seg\u00fan tu edad, modificaciones espec\u00edficas del BRCA, planificaci\u00f3n familiar y otros factores.<\/p><h3 class=\"wp-block-heading\">El Viaje de la Prueba ROCA<\/h3><p>  La vigilancia mediante la Prueba ROCA requiere an\u00e1lisis de sangre cada cuatro meses. En tu primera visita a una cl\u00ednica, probablemente tendr\u00e1s una consulta con un profesional profesional que evaluar\u00e1 tu situaci\u00f3n personal, te aconsejar\u00e1 sobre tu idoneidad para la prueba ROCA y te explicar\u00e1 sus beneficios y limitaciones. <\/p><p>La prueba ROCA NO debe utilizarse como alternativa a la cirug\u00eda preventiva. Solo si no puedes someterse a la cirug\u00eda preventiva o has decidido posponer la prueba ROC. <\/p><div class=\"wp-block-columns is-layout-flex wp-container-core-columns-is-layout-2 wp-block-columns-is-layout-flex\"><div class=\"wp-block-column is-layout-flow wp-block-column-is-layout-flow\" style=\"flex-basis:100%\"><div class=\"wp-block-columns is-layout-flex wp-container-core-columns-is-layout-1 wp-block-columns-is-layout-flex\"><div class=\"wp-block-column is-layout-flow wp-block-column-is-layout-flow\"><hr class=\"wp-block-separator has-alpha-channel-opacity is-style-default\"\/><\/div><\/div><\/div><\/div><h3 class=\"wp-block-heading\">Preguntas frecuentes<\/h3><div id=\"accordion-how-is-the-roca-test-different-from-the-ca-125-blood-test\" class=\"accordion\"><a class=\"accordion-label\" href=\"#how-is-the-roca-test-different-from-the-ca-125-blood-test\">How is the ROCA Test different from the CA-125 blood test?<\/a><div class=\"accordion-content\"><\/p>\n<p>A: The ROCA Test is the only test for surveillance with demonstrated accuracy, as assessed by <a href=\"https:\/\/www.nice.org.uk\/guidance\/NG241\">NICE (CG241)<\/a> and uses your CA-125 measurements, establishing your baseline levels of CA-125 with other parameters such as age to reveal an individualized profile of change over time rather than relying on a single C<\/p>\n<p>A-125 fixed cut-off value.<\/p>\n<p><\/div><\/div><div id=\"accordion-how-often-should-i-have-the-roca-test\" class=\"accordion\"><a class=\"accordion-label\" href=\"#how-often-should-i-have-the-roca-test\">How often should I have the ROCA Test?<\/a><div class=\"accordion-content\"><\/p>\n<p>A: It is recommended that you have a ROCA test 3 times a year. If your results are not Normal, your clinician may recommend a repeat ROCA Test within the next six weeks. You may also be referred for a transvaginal ultrasound (TVUS) scan of your ovaries or other clinical assessment determined by your clinician.<\/p>\n<p><\/div><\/div><p class=\"has-text-align-center\"><\/p><p><\/p>","protected":false},"excerpt":{"rendered":"<p>\u00bfPor qu\u00e9 la prueba ROC? Si tienes una alteraci\u00f3n en uno de los genes BRCA (BRCA1 o BRCA2), la cirug\u00eda preventiva (extirpaci\u00f3n de ambos ovarios&#8230;<\/p>\n","protected":false},"author":42,"featured_media":0,"parent":3100,"menu_order":1,"comment_status":"closed","ping_status":"closed","template":"","meta":{"_acf_changed":false,"_eb_attr":"","footnotes":""},"class_list":["post-3031","page","type-page","status-publish","hentry"],"acf":[],"_links":{"self":[{"href":"https:\/\/www.therocatest.co.uk\/es\/wp-json\/wp\/v2\/pages\/3031"}],"collection":[{"href":"https:\/\/www.therocatest.co.uk\/es\/wp-json\/wp\/v2\/pages"}],"about":[{"href":"https:\/\/www.therocatest.co.uk\/es\/wp-json\/wp\/v2\/types\/page"}],"author":[{"embeddable":true,"href":"https:\/\/www.therocatest.co.uk\/es\/wp-json\/wp\/v2\/users\/42"}],"replies":[{"embeddable":true,"href":"https:\/\/www.therocatest.co.uk\/es\/wp-json\/wp\/v2\/comments?post=3031"}],"version-history":[{"count":3,"href":"https:\/\/www.therocatest.co.uk\/es\/wp-json\/wp\/v2\/pages\/3031\/revisions"}],"predecessor-version":[{"id":3775,"href":"https:\/\/www.therocatest.co.uk\/es\/wp-json\/wp\/v2\/pages\/3031\/revisions\/3775"}],"up":[{"embeddable":true,"href":"https:\/\/www.therocatest.co.uk\/es\/wp-json\/wp\/v2\/pages\/3100"}],"wp:attachment":[{"href":"https:\/\/www.therocatest.co.uk\/es\/wp-json\/wp\/v2\/media?parent=3031"}],"curies":[{"name":"wp","href":"https:\/\/api.w.org\/{rel}","templated":true}]}}