{"id":3061,"date":"2023-04-28T09:38:59","date_gmt":"2023-04-28T08:38:59","guid":{"rendered":"https:\/\/www.therocatest.co.uk\/viaje-del-paciente\/"},"modified":"2026-05-11T11:21:19","modified_gmt":"2026-05-11T10:21:19","slug":"viaje-del-paciente","status":"publish","type":"page","link":"https:\/\/www.therocatest.co.uk\/es\/para-pacientes\/viaje-del-paciente\/","title":{"rendered":"Viaje del paciente"},"content":{"rendered":"<p>Si eres una mujer interesada en la Prueba ROCA, es importante que comprendas el camino en su totalidad.<\/p><p>El esquema a continuaci\u00f3n describe lo que implica. Si tienes alguna pregunta sobre nuestros servicios, por favor contacta con nuestro equipo experimentado, que estar\u00e1 encantado de ayudarte. <\/p><div class=\"wp-block-image\"><figure class=\"alignleft is-resized\"><img loading=\"lazy\" decoding=\"async\" width=\"300\" height=\"185\" src=\"https:\/\/www.therocatest.co.uk\/assets\/step1-300x185.png\" alt=\"\" class=\"wp-image-2483\" style=\"width:150px;height:93px\" srcset=\"https:\/\/www.therocatest.co.uk\/assets\/step1-300x185.png 300w, https:\/\/www.therocatest.co.uk\/assets\/step1-600x369.png 600w, https:\/\/www.therocatest.co.uk\/assets\/step1-768x473.png 768w, https:\/\/www.therocatest.co.uk\/assets\/step1-100x62.png 100w, https:\/\/www.therocatest.co.uk\/assets\/step1.png 786w\" sizes=\"(max-width: 300px) 100vw, 300px\" \/><\/figure><\/div><p><strong>Paso 1: Contacta con nosotros<\/strong><\/p><p>El primer paso es contactar con uno de nuestros <a href=\"https:\/\/www.therocatest.co.uk\/es\/?page_id=3031#clinicians\">cl\u00ednicos <\/a>verificados que ofrece la prueba ROCA y podr\u00e1 compartir m\u00e1s detalles o reservarte una consulta inicial.<\/p><div style=\"height:50px\" aria-hidden=\"true\" class=\"wp-block-spacer\"><\/div><div class=\"wp-block-image\"><figure class=\"alignleft is-resized\"><img loading=\"lazy\" decoding=\"async\" width=\"300\" height=\"242\" src=\"https:\/\/www.therocatest.co.uk\/assets\/step2-300x242.png\" alt=\"\" class=\"wp-image-2484\" style=\"width:150px;height:121px\" srcset=\"https:\/\/www.therocatest.co.uk\/assets\/step2-300x242.png 300w, https:\/\/www.therocatest.co.uk\/assets\/step2-600x483.png 600w, https:\/\/www.therocatest.co.uk\/assets\/step2-100x81.png 100w, https:\/\/www.therocatest.co.uk\/assets\/step2.png 734w\" sizes=\"(max-width: 300px) 100vw, 300px\" \/><\/figure><\/div><p><strong>Paso 2: La consulta inicial<\/strong><\/p><p>En la consulta, tu m\u00e9dico podr\u00e1 evaluar si la prueba ROCA es una opci\u00f3n adecuada para ti y, una vez que hayas aceptado, podr\u00e1s firmar el formulario de consentimiento. El profesional tomar\u00e1 una muestra inicial de sangre o, alternativamente, puede programarte una cita para una fecha posterior. <\/p><div style=\"height:50px\" aria-hidden=\"true\" class=\"wp-block-spacer\"><\/div><div class=\"wp-block-image\"><figure class=\"alignleft is-resized\"><img loading=\"lazy\" decoding=\"async\" width=\"264\" height=\"300\" src=\"https:\/\/www.therocatest.co.uk\/assets\/step3-264x300.png\" alt=\"\" class=\"wp-image-2485\" style=\"width:132px;height:150px\" srcset=\"https:\/\/www.therocatest.co.uk\/assets\/step3-264x300.png 264w, https:\/\/www.therocatest.co.uk\/assets\/step3-600x681.png 600w, https:\/\/www.therocatest.co.uk\/assets\/step3-100x113.png 100w, https:\/\/www.therocatest.co.uk\/assets\/step3.png 683w\" sizes=\"(max-width: 264px) 100vw, 264px\" \/><\/figure><\/div><p><strong>Paso 3: Analizar tu muestra de sangre  <\/strong><\/p><p>Tu muestra de sangre ser\u00e1 enviada a un laboratorio autorizado y se medir\u00e1 el nivel de un marcador de c\u00e1ncer.<\/p><div style=\"height:50px\" aria-hidden=\"true\" class=\"wp-block-spacer\"><\/div><div class=\"wp-block-image\"><figure class=\"alignleft is-resized\"><img loading=\"lazy\" decoding=\"async\" width=\"229\" height=\"300\" src=\"https:\/\/www.therocatest.co.uk\/assets\/step4-229x300.png\" alt=\"\" class=\"wp-image-2486\" style=\"width:115px;height:150px\" srcset=\"https:\/\/www.therocatest.co.uk\/assets\/step4-229x300.png 229w, https:\/\/www.therocatest.co.uk\/assets\/step4-100x131.png 100w, https:\/\/www.therocatest.co.uk\/assets\/step4.png 579w\" sizes=\"(max-width: 229px) 100vw, 229px\" \/><\/figure><\/div><p><strong>Paso 4: Generar tu riesgo de c\u00e1ncer de ovario ROCA  <\/strong><\/p><p>Los resultados del laboratorio junto con tu edad y estado menop\u00e1usico se utilizar\u00e1n para determinar tu riesgo personal de padecer c\u00e1ncer de ovario. Tu m\u00e9dico recibir\u00e1 un informe en un plazo de 7 d\u00edas. <\/p><div style=\"height:50px\" aria-hidden=\"true\" class=\"wp-block-spacer\"><\/div><div class=\"wp-block-image\"><figure class=\"alignleft is-resized\"><img loading=\"lazy\" decoding=\"async\" width=\"228\" height=\"300\" src=\"https:\/\/www.therocatest.co.uk\/assets\/step5-228x300.png\" alt=\"\" class=\"wp-image-2487\" style=\"width:114px;height:150px\" srcset=\"https:\/\/www.therocatest.co.uk\/assets\/step5-228x300.png 228w, https:\/\/www.therocatest.co.uk\/assets\/step5-600x790.png 600w, https:\/\/www.therocatest.co.uk\/assets\/step5-100x132.png 100w, https:\/\/www.therocatest.co.uk\/assets\/step5.png 645w\" sizes=\"(max-width: 228px) 100vw, 228px\" \/><\/figure><\/div><p><strong>Paso 5: Pr\u00f3ximos pasos<\/strong><\/p><p>Seg\u00fan los resultados de tu prueba ROCA, es probable que tu m\u00e9dico te recomiende una de tres opciones:<\/p><div style=\"height:\" aria-hidden=\"true\" class=\"wp-block-spacer\"><\/div><p><strong>Normal<\/strong>: Tu pr\u00f3xima prueba se programar\u00e1 dentro de 4 meses.<\/p><p><strong>Intermedio<\/strong>: Se deber\u00eda programar una repetici\u00f3n del examen ROCA en seis semanas<\/p><p><strong>Elevado:<\/strong> Una prueba ROCA repetida, con una ecograf\u00eda de los ovarios deber\u00eda programarse en un plazo de seis semanas<\/p><div style=\"height:70px\" aria-hidden=\"true\" class=\"wp-block-spacer\"><\/div><h2 class=\"wp-block-heading has-text-align-center\"><\/h2><p class=\"has-text-align-center\"><\/p><div class=\"wp-block-buttons is-content-justification-center is-layout-flex wp-container-core-buttons-is-layout-1 wp-block-buttons-is-layout-flex\"><div class=\"wp-block-button\"><a class=\"wp-block-button__link has-text-color has-background wp-element-button\" href=\"https:\/\/www.therocatest.co.uk\/es\/?page_id=3031\" style=\"color:#3d3d3d;background:linear-gradient(135deg,rgb(184,209,97) 0%,rgb(154,209,202) 100%)\">Descubre m\u00e1s aqu\u00ed<\/a><\/div><\/div><div style=\"height:100px\" aria-hidden=\"true\" class=\"wp-block-spacer\"><\/div><h2 class=\"wp-block-heading has-text-align-center\">Preguntas frecuentes<\/h2><div id=\"accordion-how-do-i-know-if-i-am-eligible-for-the-roca-test\" class=\"accordion\"><a class=\"accordion-label\" href=\"#how-do-i-know-if-i-am-eligible-for-the-roca-test\">How do I know if I am eligible for the ROCA Test?<\/a><div class=\"accordion-content\"><\/p>\n<p>You may be eligible for the ROCA Test if you are between 35 and 83 years with a known alteration in the BRCA1 or BRCA2 genes.  You should talk with your doctor about whether the test is right for you.<\/p>\n<p><\/div><\/div>\n<div id=\"accordion-how-do-i-know-if-i-have-a-family-history-of-ovarian-andor-breast-cancer\" class=\"accordion\"><a class=\"accordion-label\" href=\"#how-do-i-know-if-i-have-a-family-history-of-ovarian-andor-breast-cancer\">How do I know if I have a family history of ovarian and\/or breast cancer?<\/a><div class=\"accordion-content\"><\/p>\n<p>If one or more members of your family have had ovarian and\/or breast cancer (including male breast cancer), you may wish to seek expert advice about your own risk of developing ovarian cancer. Expert clinicians will gather information from you about your family history, as well as other factors such as your age and ethnic background. The clinician may recommend that you have a BRCA test.<\/p>\n<p><\/div><\/div>\n<div id=\"accordion-i-have-tested-positive-for-a-brca-gene-alteration-and-have-been-recommended-to-have-my-ovaries-removed-%e2%80%93-should-i-have-the-roca-test-instead\" class=\"accordion\"><a class=\"accordion-label\" href=\"#i-have-tested-positive-for-a-brca-gene-alteration-and-have-been-recommended-to-have-my-ovaries-removed-%e2%80%93-should-i-have-the-roca-test-instead\">I have tested positive for a BRCA gene alteration and have been recommended to have my ovaries removed \u2013 should I have the ROCA Test instead?<\/a><div class=\"accordion-content\"><\/p>\n<p>Removal of the ovaries and fallopian tubes is the recommended option for women with a BRCA gene alteration. The ROCA Test should only be considered as a short term option until a woman is ready to undertake surgery to remove her ovaries and fallopian tubes. We recommend you consult one of our expert clinicians if you wish to explore your options.<\/p>\n<p><\/div><\/div><p class=\"has-text-align-center\"><\/p>","protected":false},"excerpt":{"rendered":"<p>Si eres una mujer interesada en la Prueba ROCA, es importante que comprendas el camino en su totalidad. El esquema a continuaci\u00f3n describe lo que&#8230;<\/p>\n","protected":false},"author":42,"featured_media":0,"parent":3100,"menu_order":1,"comment_status":"closed","ping_status":"closed","template":"","meta":{"_acf_changed":false,"_eb_attr":"","footnotes":""},"class_list":["post-3061","page","type-page","status-publish","hentry"],"acf":[],"_links":{"self":[{"href":"https:\/\/www.therocatest.co.uk\/es\/wp-json\/wp\/v2\/pages\/3061"}],"collection":[{"href":"https:\/\/www.therocatest.co.uk\/es\/wp-json\/wp\/v2\/pages"}],"about":[{"href":"https:\/\/www.therocatest.co.uk\/es\/wp-json\/wp\/v2\/types\/page"}],"author":[{"embeddable":true,"href":"https:\/\/www.therocatest.co.uk\/es\/wp-json\/wp\/v2\/users\/42"}],"replies":[{"embeddable":true,"href":"https:\/\/www.therocatest.co.uk\/es\/wp-json\/wp\/v2\/comments?post=3061"}],"version-history":[{"count":3,"href":"https:\/\/www.therocatest.co.uk\/es\/wp-json\/wp\/v2\/pages\/3061\/revisions"}],"predecessor-version":[{"id":3758,"href":"https:\/\/www.therocatest.co.uk\/es\/wp-json\/wp\/v2\/pages\/3061\/revisions\/3758"}],"up":[{"embeddable":true,"href":"https:\/\/www.therocatest.co.uk\/es\/wp-json\/wp\/v2\/pages\/3100"}],"wp:attachment":[{"href":"https:\/\/www.therocatest.co.uk\/es\/wp-json\/wp\/v2\/media?parent=3061"}],"curies":[{"name":"wp","href":"https:\/\/api.w.org\/{rel}","templated":true}]}}