{"id":3104,"date":"2023-04-28T10:04:43","date_gmt":"2023-04-28T09:04:43","guid":{"rendered":"https:\/\/www.therocatest.co.uk\/para-pacientes\/que-es-brca\/"},"modified":"2026-05-11T11:20:49","modified_gmt":"2026-05-11T10:20:49","slug":"que-es-brca","status":"publish","type":"page","link":"https:\/\/www.therocatest.co.uk\/es\/para-pacientes\/que-es-brca\/","title":{"rendered":"\u00bfQu\u00e9 es BRCA?"},"content":{"rendered":"<p>Los genes BRCA 1 y 2 est\u00e1n presentes en todos, pero en algunas personas pueden alterarse. Estas alteraciones pueden aumentar la probabilidad de desarrollar c\u00e1ncer de mama y\/o ovario. Las mujeres que portan una alteraci\u00f3n en los genes BRCA1 o BRCA 2 tienen un riesgo de por vida de hasta un 44% y un 17% de desarrollar c\u00e1ncer de ovario, respectivamente.  <\/p><p>Si das positivo en una alteraci\u00f3n gen\u00e9tica BRCA 1 o 2, la forma m\u00e1s eficaz de reducir el riesgo de c\u00e1ncer de ovario es someterse a una cirug\u00eda preventiva. Esta cirug\u00eda suele denominarse salpingo-ooforectom\u00eda bilateral reductora de riesgo (RR-BSO), durante la cual se extirpan completamente tanto los ovarios como las trompas de Falopio. <\/p><p>Para muchas mujeres, la decisi\u00f3n de someterse a una cirug\u00eda preventiva es dif\u00edcil, especialmente si descubren que tienen una alteraci\u00f3n gen\u00e9tica BRCA antes de haber formado una familia. Cualquier mujer que se someta a esta cirug\u00eda no podr\u00eda tener hijos y sufrir\u00eda una menopausia temprana.   <\/p><div style=\"height:80px\" aria-hidden=\"true\" class=\"wp-block-spacer\"><\/div><h2 class=\"wp-block-heading\">Encuentra apoyo<\/h2><p>Entendemos que obtener un diagn\u00f3stico BRCA 1 o 2 puede ser muy dif\u00edcil. Hay apoyo y hemos listado algunas de las organizaciones ben\u00e9ficas y grupos de apoyo incre\u00edbles que pueden ayudarte y ofrecerte apoyo adicional. <\/p><p>\u2981 Para la Prevenci\u00f3n y Concienciaci\u00f3n sobre el C\u00e1ncer de Ovario: <a href=\"https:\/\/eveappeal.org.uk\/\">La campa\u00f1a EVE<\/a><\/p><p>\u2981 Apoyo para BRCA y pruebas gen\u00e9ticas: <a href=\"https:\/\/brcachat.com\/\">BRCA Chat<\/a>, <a href=\"https:\/\/brcaumbrella.ning.com\/\">BRCA Umbrella<\/a><\/p><p>\u2981 Para soporte al paciente: <a href=\"https:\/\/www.ovacome.org.uk\">Ovacome (Reino Unido);<\/a> <a href=\"https:\/\/targetovariancancer.org.uk\">Target Ovarian Cancer (Reino Unido);<\/a> <a href=\"https:\/\/ovarian.gynecancer.org\/en\/\">Olivia (UE)<\/a><\/p><p><\/p>","protected":false},"excerpt":{"rendered":"<p>Los genes BRCA 1 y 2 est\u00e1n presentes en todos, pero en algunas personas pueden alterarse. Estas alteraciones pueden aumentar la probabilidad de desarrollar c\u00e1ncer&#8230;<\/p>\n","protected":false},"author":42,"featured_media":0,"parent":3100,"menu_order":1,"comment_status":"closed","ping_status":"closed","template":"","meta":{"_acf_changed":false,"_eb_attr":"","footnotes":""},"class_list":["post-3104","page","type-page","status-publish","hentry"],"acf":[],"_links":{"self":[{"href":"https:\/\/www.therocatest.co.uk\/es\/wp-json\/wp\/v2\/pages\/3104"}],"collection":[{"href":"https:\/\/www.therocatest.co.uk\/es\/wp-json\/wp\/v2\/pages"}],"about":[{"href":"https:\/\/www.therocatest.co.uk\/es\/wp-json\/wp\/v2\/types\/page"}],"author":[{"embeddable":true,"href":"https:\/\/www.therocatest.co.uk\/es\/wp-json\/wp\/v2\/users\/42"}],"replies":[{"embeddable":true,"href":"https:\/\/www.therocatest.co.uk\/es\/wp-json\/wp\/v2\/comments?post=3104"}],"version-history":[{"count":3,"href":"https:\/\/www.therocatest.co.uk\/es\/wp-json\/wp\/v2\/pages\/3104\/revisions"}],"predecessor-version":[{"id":3751,"href":"https:\/\/www.therocatest.co.uk\/es\/wp-json\/wp\/v2\/pages\/3104\/revisions\/3751"}],"up":[{"embeddable":true,"href":"https:\/\/www.therocatest.co.uk\/es\/wp-json\/wp\/v2\/pages\/3100"}],"wp:attachment":[{"href":"https:\/\/www.therocatest.co.uk\/es\/wp-json\/wp\/v2\/media?parent=3104"}],"curies":[{"name":"wp","href":"https:\/\/api.w.org\/{rel}","templated":true}]}}