{"id":3194,"date":"2024-03-26T11:19:45","date_gmt":"2024-03-26T11:19:45","guid":{"rendered":"https:\/\/www.therocatest.co.uk\/noticias-y-blogs\/nice-admite-la-prueba-roca\/"},"modified":"2026-05-11T11:22:04","modified_gmt":"2026-05-11T10:22:04","slug":"nice-admite-la-prueba-roca","status":"publish","type":"page","link":"https:\/\/www.therocatest.co.uk\/es\/noticias-y-blogs\/nice-admite-la-prueba-roca\/","title":{"rendered":"NICE admite la prueba ROCA"},"content":{"rendered":"<h3 class=\"wp-block-heading\">Nueva gu\u00eda NICE para el c\u00e1ncer de ovario<\/h3><p><em>La vigilancia mediante la prueba ROCA es ahora una opci\u00f3n para personas con alto riesgo de c\u00e1ncer de ovario<\/em><\/p><p>Oxford, Reino Unido. GENinCode Plc (AIM: GENI), la empresa de gen\u00e9tica predictiva centrada en la prevenci\u00f3n de enfermedades cardiovasculares (&#8220;ECV&#8221;) y el riesgo de c\u00e1ncer de ovario (&#8220;CO&#8221;), anuncia que su prueba del Algoritmo de Riesgo de C\u00e1ncer de Ovario (&#8220;ROCA&#8221;) ha recibido una recomendaci\u00f3n del Instituto Nacional para la Excelencia en Salud y Atenci\u00f3n (&#8220;NICE&#8221;) como prueba preferida para la vigilancia de CO en personas con alto riesgo de c\u00e1ncer de ovario que no se someten a cirug\u00edas reductoras de riesgo. La nueva gu\u00eda de NICE se centra en identificar y gestionar el riesgo familiar y gen\u00e9tico de CO.  <\/p><p>Cada a\u00f1o en el Reino Unido, se diagnostican 7.500 mujeres con OC y m\u00e1s de la mitad de ellas mueren por la enfermedad. El riesgo de desarrollar CO es especialmente alto en individuos que heredan una variante pat\u00f3gena conocida en ciertos genes como BRCA1 o BRCA2. Se estima que hasta 170.000 personas en el Reino Unido podr\u00edan ser portadoras de una variante del gen BRCA. Identificar a estas personas mediante pruebas gen\u00e9ticas permitir\u00e1 al NHS mitigar mejor ese riesgo mediante la prevenci\u00f3n y\/o la vigilancia.   <\/p><p>La cirug\u00eda preventiva para extirpar tanto los ovarios como las trompas de Falopio es el est\u00e1ndar de atenci\u00f3n, pero cuando esto no es posible, o cuando el paciente decide retrasar la cirug\u00eda, NICE recomienda ahora que se ofrezca vigilancia mediante la prueba ROC. El comit\u00e9 NICE revis\u00f3 varios protocolos de vigilancia, publicados en la literatura revisada por pares, y concluy\u00f3 que la prueba ROCA era la m\u00e1s precisa con la mejor tasa de detecci\u00f3n para las etapas tempranas de la OC (etapa IIIa o inferior). La detecci\u00f3n de la OC en una fase m\u00e1s temprana se asocia con un mejor pron\u00f3stico y tratamiento.  <\/p><p>La prueba ROCA utiliza un algoritmo propietario para calcular el riesgo individual de OC de la mujer bas\u00e1ndose en varios factores cl\u00ednicos, incluyendo la edad y la acumulaci\u00f3n de resultados de an\u00e1lisis de sangre del Ant\u00edgeno Cancer\u00edgeno 125 (CA-125). La capacidad de la prueba ROCA para interpretar cambios en el nivel de CA-125 de una persona a lo largo del tiempo mediante pruebas intermenstruales fue reconocida por el comit\u00e9 NICE como un factor importante para su precisi\u00f3n y capacidad para detectar el CO m\u00e1s temprano. Adem\u00e1s, el comit\u00e9 NICE reconoci\u00f3 la evidencia publicada de que la vigilancia mediante la prueba ROCA tendr\u00eda un beneficio de ahorro de costes para el NHS.  <\/p><p>Descubre m\u00e1s sobre las Directrices NICE<\/p><a class=\"btn\" href=\"https:\/\/www.nice.org.uk\/guidance\/NG241\">Aqu\u00ed<\/a>","protected":false},"excerpt":{"rendered":"<p>Nueva gu\u00eda NICE para el c\u00e1ncer de ovario La vigilancia mediante la prueba ROCA es ahora una opci\u00f3n para personas con alto riesgo de c\u00e1ncer&#8230;<\/p>\n","protected":false},"author":178,"featured_media":0,"parent":3082,"menu_order":1,"comment_status":"closed","ping_status":"closed","template":"","meta":{"_acf_changed":false,"_eb_attr":"","footnotes":""},"class_list":["post-3194","page","type-page","status-publish","hentry"],"acf":[],"_links":{"self":[{"href":"https:\/\/www.therocatest.co.uk\/es\/wp-json\/wp\/v2\/pages\/3194"}],"collection":[{"href":"https:\/\/www.therocatest.co.uk\/es\/wp-json\/wp\/v2\/pages"}],"about":[{"href":"https:\/\/www.therocatest.co.uk\/es\/wp-json\/wp\/v2\/types\/page"}],"author":[{"embeddable":true,"href":"https:\/\/www.therocatest.co.uk\/es\/wp-json\/wp\/v2\/users\/178"}],"replies":[{"embeddable":true,"href":"https:\/\/www.therocatest.co.uk\/es\/wp-json\/wp\/v2\/comments?post=3194"}],"version-history":[{"count":3,"href":"https:\/\/www.therocatest.co.uk\/es\/wp-json\/wp\/v2\/pages\/3194\/revisions"}],"predecessor-version":[{"id":3771,"href":"https:\/\/www.therocatest.co.uk\/es\/wp-json\/wp\/v2\/pages\/3194\/revisions\/3771"}],"up":[{"embeddable":true,"href":"https:\/\/www.therocatest.co.uk\/es\/wp-json\/wp\/v2\/pages\/3082"}],"wp:attachment":[{"href":"https:\/\/www.therocatest.co.uk\/es\/wp-json\/wp\/v2\/media?parent=3194"}],"curies":[{"name":"wp","href":"https:\/\/api.w.org\/{rel}","templated":true}]}}