{"id":3366,"date":"2015-11-06T15:28:23","date_gmt":"2015-11-06T15:28:23","guid":{"rendered":"https:\/\/www.therocatest.co.uk\/para-pacientes\/acerca-del-cancer-de-ovario\/"},"modified":"2026-05-11T11:26:17","modified_gmt":"2026-05-11T10:26:17","slug":"acerca-del-cancer-de-ovario","status":"publish","type":"page","link":"https:\/\/www.therocatest.co.uk\/es\/para-pacientes\/acerca-del-cancer-de-ovario\/","title":{"rendered":"Acerca del c\u00e1ncer de ovario"},"content":{"rendered":"<h2> <\/h2>\n<p>El c\u00e1ncer de ovario es una enfermedad que ocurre cuando c\u00e9lulas an\u00f3malas en los ovarios crecen a un ritmo incontrolable y forman una masa de tejido conocida como tumor. Muchos tipos de tumores pueden comenzar en las trompas de Falopio o en uno o ambos ovarios. <\/p>\n<p>Algunos tumores no son cancerosos (tambi\u00e9n conocidos como &#8220;benignos&#8221;) y nunca se extienden m\u00e1s all\u00e1 de los ovarios o trompas de Falopio. Sin embargo, otros tumores pueden ser cancerosos (&#8220;malignos&#8221;) y pueden extenderse a otras partes del cuerpo, como la pelvis o el abdomen. El tratamiento del c\u00e1ncer de ovario suele implicar la extirpaci\u00f3n quir\u00fargica de los tumores, quimioterapia y\/o radioterapia.  <\/p>\n<p>Unas 7.500 mujeres en el Reino Unido son diagnosticadas con c\u00e1ncer de ovario y 4.100 mueren cada a\u00f1o.  <\/p>\n<h2>Los ovarios<\/h2>\n<p><a href=\"https:\/\/www.therocatest.co.uk\/assets\/ovaries.jpg\"><img loading=\"lazy\" decoding=\"async\" class=\"alignright wp-image-1063 size-medium\" src=\"https:\/\/www.therocatest.co.uk\/assets\/ovaries-300x214.jpg\" alt=\"Ovarios e ilustraci\u00f3n del sistema reproductor femenino\" width=\"300\" height=\"214\" srcset=\"https:\/\/www.therocatest.co.uk\/assets\/ovaries-300x214.jpg 300w, https:\/\/www.therocatest.co.uk\/assets\/ovaries-600x427.jpg 600w, https:\/\/www.therocatest.co.uk\/assets\/ovaries-100x71.jpg 100w, https:\/\/www.therocatest.co.uk\/assets\/ovaries.jpg 900w\" sizes=\"(max-width: 300px) 100vw, 300px\" \/><\/a><\/p>\n<p style=\"font-weight: 400;\">Los ovarios son un par de \u00f3rganos situados en la pelvis de la mujer, es decir, la zona situada entre las caderas en la parte inferior del abdomen. Cada una tiene aproximadamente el tama\u00f1o y la forma de una almendra, y forman parte del sistema reproductor femenino. Los ovarios producen \u00f3vulos y hormonas femeninas.  <\/p>\n<h2>S\u00edntomas del c\u00e1ncer de ovario<\/h2>\n<p>Los s\u00edntomas del c\u00e1ncer de ovario pueden ser dif\u00edciles de reconocer, especialmente en sus primeras fases. Esto se debe a que los s\u00edntomas son similares a los de otras condiciones menos graves, como el s\u00edndrome de intestino irritable (SII) o el s\u00edndrome premenstrual (SPM). <\/p>\n<p>Sin embargo, los s\u00edntomas m\u00e1s com\u00fanmente reportados en mujeres diagnosticadas con c\u00e1ncer de ovario son:<\/p>\n<ul>\n<li>Aumento del tama\u00f1o abdominal e hinchaz\u00f3n persistente<\/li>\n<li>Dolor p\u00e9lvico y abdominal persistente<\/li>\n<li>Dificultad para comer y sentirse lleno r\u00e1pidamente, o n\u00e1useas<\/li>\n<\/ul>\n<p>Otros s\u00edntomas incluyen dolor de espalda, sangrado inexplicable, necesidad de orinar con m\u00e1s frecuencia de lo habitual, dolor durante las relaciones sexuales, estre\u00f1imiento y fatiga.<\/p>\n<p>Si notas alguno de estos s\u00edntomas durante dos o m\u00e1s semanas, deber\u00edas acudir a tu m\u00e9dico para una evaluaci\u00f3n. Cuanto antes se detecte y trate el c\u00e1ncer de ovario, mejores ser\u00e1n las posibilidades de recuperaci\u00f3n. <\/p>\n<h2>Riesgo de desarrollar c\u00e1ncer de ovario<\/h2>\n<p>1 de cada 52 mujeres ser\u00e1 diagnosticada con c\u00e1ncer de ovario a lo largo de su vida. Sin embargo, existen ciertos factores que pueden aumentar a\u00fan m\u00e1s ese riesgo: <\/p>\n<ul>\n<li>Envejecimiento creciente<\/li>\n<li>Portando una mutaci\u00f3n en el BRCA 1 o 2<\/li>\n<li>Tener antecedentes familiares conocidos de c\u00e1ncer de ovario y\/o mama<\/li>\n<li>Ser de ascendencia jud\u00eda asquenaz\u00ed con antecedentes familiares conocidos de c\u00e1ncer de ovario o mama<\/li>\n<\/ul>\n<h2>Importancia de la detecci\u00f3n temprana<\/h2>\n<p>La detecci\u00f3n precoz del c\u00e1ncer de ovario significa una mayor supervivencia<\/p>\n<p style=\"font-weight: 400;\">Si el c\u00e1ncer de ovario se diagnostica en la fase m\u00e1s temprana, cuando a\u00fan est\u00e1 confinado a un ovario, entonces hasta 9 de cada 10 mujeres seguir\u00e1n vivas 5 a\u00f1os despu\u00e9s. Sin embargo, solo un tercio de las mujeres con c\u00e1ncer de ovario son diagnosticadas en fases tempranas.1 <\/p>\n<p style=\"font-weight: 400;\">Desafortunadamente, muchos c\u00e1nceres de ovario se diagnostican en etapas avanzadas. Esto significa que muchas mujeres no ser\u00e1n tratadas lo suficientemente pronto y sus opciones de tratamiento pueden ser m\u00e1s limitadas. <\/p>\n<p style=\"text-align: center;\">Tasas de supervivencia por etapa<\/p>\n<p><a href=\"https:\/\/www.therocatest.co.uk\/assets\/SurvivalbyStage.png\"><img loading=\"lazy\" decoding=\"async\" class=\"aligncenter wp-image-1063\" src=\"https:\/\/www.therocatest.co.uk\/assets\/SurvivalbyStage.png\" alt=\"Supervivencia al c\u00e1ncer de ovario\" width=\"600\" height=\"427\"><\/a><\/p>\n<div id=\"accordion-useful-links\" class=\"accordion\"><a class=\"accordion-label\" href=\"#useful-links\">Useful Links<\/a><div class=\"accordion-content\"><\/p>\n<p><a href=\"https:\/\/www.cancerresearchuk.org\/about-cancer\/ovarian-cancer\">https:\/\/www.cancerresearchuk.org\/about-cancer\/ovarian-cancer<\/a> \u00daltima consulta en abril de 2026<\/p>\n<p style=\"font-weight: 400;\"><a href=\"https:\/\/www.nhs.uk\/conditions\/ovarian-cancer\/.\">https:\/\/www.nhs.uk\/conditions\/ovarian-cancer\/.<\/a>  \u00daltima consulta: abril de 2026.<\/p>\n<p><a href=\"https:\/\/www.cancerresearchuk.org\/health-professional\/cancer-statistics\/statistics-by-cancer-type\/ovarian-cancer\/risk-factors#heading-Zero\">https:\/\/www.cancerresearchuk.org\/health-professional\/cancer-statistics\/statistics-by-cancer-type\/ovarian-cancer\/risk-factors#heading-Zero<\/a> \u00daltima consulta: octubre de 2022.<\/p>\n<p><a href=\"http:\/\/www.nhs.uk\/Conditions\/Cancer-of-the-ovary\/Pages\/Symptoms.aspx\">http:\/\/www.nhs.uk\/Conditions\/Cancer-of-the-ovary\/Pages\/Symptoms.aspx<\/a>. \u00daltima consulta: octubre de 2022. <\/p>\n<p><\/div><\/div>\n<h2 style=\"text-align: center;\"><strong>Preguntas frecuentes<\/strong><\/h2>\n<div id=\"accordion-what-is-my-chance-of-getting-ovarian-cancer\" class=\"accordion\"><a class=\"accordion-label\" href=\"#what-is-my-chance-of-getting-ovarian-cancer\">What is my chance of getting ovarian cancer?<\/a><div class=\"accordion-content\"><\/p>\n<p>Ciertos factores pueden aumentar tu probabilidad de tener c\u00e1ncer de ovario:<\/p>\n<p>Si tienes m\u00e1s de 50 a\u00f1os y has pasado por la menopausia<\/p>\n<p>Si tienes alguno de los siguientes casos:<\/p>\n<p>Una mutaci\u00f3n conocida en los genes BRCA1, BRCA2 y\/o del s\u00edndrome de Lynch<\/p>\n<p>Antecedentes familiares conocidos de c\u00e1ncer de ovario y\/o mama<\/p>\n<p>Parientes de ascendencia jud\u00eda asquenaz\u00ed con antecedentes familiares de c\u00e1ncer de ovario\/mama<\/p>\n<p>Tener uno o m\u00e1s de estos factores de riesgo no significa que vayas a desarrollar c\u00e1ncer de ovario. Lo m\u00e1s importante que puedes hacer es vigilar los primeros s\u00edntomas y hablar con tu m\u00e9dico si est\u00e1s preocupado. <\/p>\n<p><\/div><\/div>\n<div id=\"accordion-is-ovarian-cancer-hereditary\" class=\"accordion\"><a class=\"accordion-label\" href=\"#is-ovarian-cancer-hereditary\">Is ovarian cancer hereditary?<\/a><div class=\"accordion-content\"><\/p>\n<p>Aunque la mayor\u00eda de los c\u00e1nceres de ovario no son hereditarios, entre el 20 y el 25 por ciento de las mujeres diagnosticadas con c\u00e1ncer de ovario tienen una tendencia hereditaria a desarrollar la enfermedad. Si tienes familiares con c\u00e1ncer de mama y\/o de ovario, puedes tener un mayor riesgo de desarrollar c\u00e1ncer de ovario. <\/p>\n<p>En algunos casos, esto puede deberse a una mutaci\u00f3n hereditaria en el gen BRCA1 y\/o BRCA2. Estos genes est\u00e1n presentes en todos, pero en algunas personas pueden manifestarse de forma diferente y pueden aumentar la probabilidad de c\u00e1ncer de mama y\/o ovario. <\/p>\n<p>Tu m\u00e9dico puede evaluar tu historial m\u00e9dico y familiar personal y asesorarte sobre tu propio riesgo de c\u00e1ncer de ovario a lo largo de tu vida.<\/p>\n<p><\/div><\/div><p><\/p>","protected":false},"excerpt":{"rendered":"<p>El c\u00e1ncer de ovario es una enfermedad que ocurre cuando c\u00e9lulas an\u00f3malas en los ovarios crecen a un ritmo incontrolable y forman una masa de&#8230;<\/p>\n","protected":false},"author":42,"featured_media":0,"parent":3100,"menu_order":1,"comment_status":"closed","ping_status":"closed","template":"","meta":{"_acf_changed":false,"_eb_attr":"","footnotes":""},"class_list":["post-3366","page","type-page","status-publish","hentry"],"acf":[],"_links":{"self":[{"href":"https:\/\/www.therocatest.co.uk\/es\/wp-json\/wp\/v2\/pages\/3366"}],"collection":[{"href":"https:\/\/www.therocatest.co.uk\/es\/wp-json\/wp\/v2\/pages"}],"about":[{"href":"https:\/\/www.therocatest.co.uk\/es\/wp-json\/wp\/v2\/types\/page"}],"author":[{"embeddable":true,"href":"https:\/\/www.therocatest.co.uk\/es\/wp-json\/wp\/v2\/users\/42"}],"replies":[{"embeddable":true,"href":"https:\/\/www.therocatest.co.uk\/es\/wp-json\/wp\/v2\/comments?post=3366"}],"version-history":[{"count":2,"href":"https:\/\/www.therocatest.co.uk\/es\/wp-json\/wp\/v2\/pages\/3366\/revisions"}],"predecessor-version":[{"id":3778,"href":"https:\/\/www.therocatest.co.uk\/es\/wp-json\/wp\/v2\/pages\/3366\/revisions\/3778"}],"up":[{"embeddable":true,"href":"https:\/\/www.therocatest.co.uk\/es\/wp-json\/wp\/v2\/pages\/3100"}],"wp:attachment":[{"href":"https:\/\/www.therocatest.co.uk\/es\/wp-json\/wp\/v2\/media?parent=3366"}],"curies":[{"name":"wp","href":"https:\/\/api.w.org\/{rel}","templated":true}]}}