{"id":3016,"date":"2016-09-28T15:51:28","date_gmt":"2016-09-28T14:51:28","guid":{"rendered":"https:\/\/www.therocatest.co.uk\/limitations\/"},"modified":"2026-03-30T17:28:17","modified_gmt":"2026-03-30T16:28:17","slug":"limitations","status":"publish","type":"page","link":"https:\/\/www.therocatest.co.uk\/fr\/roca-test\/limitations\/","title":{"rendered":"Limitations"},"content":{"rendered":"<h2>Risques et contre-indications du test ROCA<\/h2>\n<div id=\"accordion-limitations-et-risques\" class=\"accordion\"><a class=\"accordion-label\" href=\"#limitations-et-risques\">Limitations et risques<\/a><div class=\"accordion-content\"><\/p>\n<p>Le test ROCA ne d\u00e9tecte pas toutes les femmes atteintes d\u2019un cancer de l\u2019ovaire. Il est donc tr\u00e8s important que les femmes restent conscientes des sympt\u00f4mes et en parlent \u00e0 leur m\u00e9decin si elles sont inqui\u00e8tes. <\/p>\n<p>Le test ROCA ne doit PAS \u00eatre utilis\u00e9 comme seul test pour d\u00e9terminer si vous devez proc\u00e9der \u00e0 une op\u00e9ration ou suivre un autre traitement pour le cancer de l\u2019ovaire. Un test ROCA anormal doit toujours \u00eatre suivi d\u2019une \u00e9chographie transvaginale. Dans certaines circonstances, d\u2019autres examens (par exemple examen pelvien, IRM, scanner) peuvent \u00eatre r\u00e9alis\u00e9s pour aider le m\u00e9decin \u00e0 d\u00e9terminer si une intervention chirurgicale est n\u00e9cessaire.  <\/p>\n<p>Un r\u00e9sultat anormal du test ROCA (\u00ab interm\u00e9diaire \u00bb ou \u00ab \u00e9lev\u00e9 \u00bb) ne signifie pas que vous avez forc\u00e9ment un cancer de l\u2019ovaire. Votre score ROCA pourrait \u00eatre anormal pour d\u2019autres raisons telles que : colite, h\u00e9patite active chronique, endom\u00e9triose, polyarthrite rhumato\u00efde ou arthrose. Certaines femmes peuvent avoir un taux naturellement \u00e9lev\u00e9 d\u2019une prot\u00e9ine appel\u00e9e CA-125, ce qui provoque un taux temporaire \u00e9lev\u00e9 de ROCA jusqu\u2019\u00e0 ce que le test d\u00e9termine votre \u00e9tat de d\u00e9part.  <\/p>\n<p>La recommandation clinique actuelle pour les femmes consid\u00e9r\u00e9es comme \u00ab \u00e0 haut risque \u00bb de cancer de l\u2019ovaire (en raison de mutations dans les g\u00e8nes BRCA) est une chirurgie prophylactique de r\u00e9duction du risque, g\u00e9n\u00e9ralement l\u2019ablation des ovaires et des trompes de Fallope. Le test ROCA NE DOIT PAS \u00eatre propos\u00e9 comme alternative \u00e0 la chirurgie de r\u00e9duction du risque. Ce n\u2019est que si une femme ne peut pas subir ou refuse de r\u00e9duire le risque de chirurgie que le test ROCA devrait \u00eatre envisag\u00e9.  <\/p>\n<p>Bien qu\u2019il existe des preuves que davantage de cancers de l\u2019ovaire \u00e0 un stade pr\u00e9coce peuvent \u00eatre d\u00e9tect\u00e9s chez les femmes sous surveillance gr\u00e2ce au test ROCA, de nombreuses femmes seront tout de m\u00eame diagnostiqu\u00e9es apr\u00e8s la propagation du cancer.<\/p>\n<p>Il n\u2019existe aucune preuve montrant que la surveillance des femmes porteuses de mutations BRCA par le test ROCA puisse sauver des vies.<\/p>\n<p>La surveillance du cancer de l\u2019ovaire \u00e0 l\u2019aide du test ROCA peut provoquer de l\u2019anxi\u00e9t\u00e9 chez certaines femmes si des r\u00e9sultats sont anormaux m\u00eame en l\u2019absence de cancer. Chez certaines femmes, ces r\u00e9sultats entra\u00eenent une chirurgie m\u00eame sans cancer et parfois la chirurgie comporte des complications. Toutes les femmes soumises \u00e0 une surveillance devraient comprendre ces risques.  <\/p>\n<p><\/div><\/div>\n<div id=\"accordion-contre-indications\" class=\"accordion\"><a class=\"accordion-label\" href=\"#contre-indications\">Contre-indications<\/a><div class=\"accordion-content\"><\/p>\n<p>Le test ROCA n\u2019a pas \u00e9t\u00e9 \u00e9valu\u00e9 dans :<\/p>\n<p>Des femmes pr\u00e9c\u00e9demment trait\u00e9es pour un cancer de l\u2019ovaire.<\/p>\n<p>Femmes pr\u00e9sentant des sympt\u00f4mes pouvant indiquer un cancer de l\u2019ovaire<\/p>\n<p>Des femmes \u00e0 qui on a fait retirer \u00e0 la fois les trompes de Fallope et les ovaires.<\/p>\n<p>Des femmes actuellement trait\u00e9es par chimioth\u00e9rapie pour n\u2019importe quel cancer depuis 12 mois.<\/p>\n<p>Femmes de plus de 84 ans.<\/p>\n<p>Des femmes de moins de 35 ans.<\/p>\n<p>Femmes enceintes.<\/p>\n<p>Seul un m\u00e9decin peut d\u00e9terminer si le test ROCA est appropri\u00e9 pour une femme.<\/p>\n<p><\/div><\/div>\n","protected":false},"excerpt":{"rendered":"<p>Risques et contre-indications du test ROCA<\/p>\n","protected":false},"author":38,"featured_media":0,"parent":3365,"menu_order":2,"comment_status":"closed","ping_status":"closed","template":"","meta":{"_acf_changed":false,"_eb_attr":"","footnotes":""},"class_list":["post-3016","page","type-page","status-publish","hentry"],"acf":[],"_links":{"self":[{"href":"https:\/\/www.therocatest.co.uk\/fr\/wp-json\/wp\/v2\/pages\/3016"}],"collection":[{"href":"https:\/\/www.therocatest.co.uk\/fr\/wp-json\/wp\/v2\/pages"}],"about":[{"href":"https:\/\/www.therocatest.co.uk\/fr\/wp-json\/wp\/v2\/types\/page"}],"author":[{"embeddable":true,"href":"https:\/\/www.therocatest.co.uk\/fr\/wp-json\/wp\/v2\/users\/38"}],"replies":[{"embeddable":true,"href":"https:\/\/www.therocatest.co.uk\/fr\/wp-json\/wp\/v2\/comments?post=3016"}],"version-history":[{"count":1,"href":"https:\/\/www.therocatest.co.uk\/fr\/wp-json\/wp\/v2\/pages\/3016\/revisions"}],"predecessor-version":[{"id":3017,"href":"https:\/\/www.therocatest.co.uk\/fr\/wp-json\/wp\/v2\/pages\/3016\/revisions\/3017"}],"up":[{"embeddable":true,"href":"https:\/\/www.therocatest.co.uk\/fr\/wp-json\/wp\/v2\/pages\/3365"}],"wp:attachment":[{"href":"https:\/\/www.therocatest.co.uk\/fr\/wp-json\/wp\/v2\/media?parent=3016"}],"curies":[{"name":"wp","href":"https:\/\/api.w.org\/{rel}","templated":true}]}}