{"id":3020,"date":"2023-04-28T09:59:14","date_gmt":"2023-04-28T08:59:14","guid":{"rendered":"https:\/\/www.therocatest.co.uk\/soins-roca\/"},"modified":"2026-05-11T11:21:48","modified_gmt":"2026-05-11T10:21:48","slug":"soins-roca","status":"publish","type":"page","link":"https:\/\/www.therocatest.co.uk\/fr\/pour-les-patients\/soins-roca\/","title":{"rendered":"Le test ROCA"},"content":{"rendered":"<h3 class=\"wp-block-heading\">Pourquoi le test ROCA ?<\/h3><p>Si vous avez une alt\u00e9ration de l\u2019un des g\u00e8nes BRCA (BRCA1 ou BRCA2), la chirurgie pr\u00e9ventive (ablation des ovaires et des trompes de Fallope) est la premi\u00e8re option recommand\u00e9e pour r\u00e9duire votre risque de d\u00e9velopper un cancer de l\u2019ovaire.<\/p><p>Cependant, vous pouvez d\u00e9cider de reporter cette chirurgie afin de compl\u00e9ter votre famille ou d\u2019\u00e9viter une m\u00e9nopause pr\u00e9coce. Dans de tels cas, la surveillance \u00e0 l\u2019aide du test ROCA peut \u00eatre une option utile. <\/p><p><em><strong>*<\/strong>D\u00e8s que vous avez appris que vous portez une alt\u00e9ration de l\u2019un des g\u00e8nes BRCA, vous devriez demander conseil et conna\u00eetre vos options pour minimiser le risque de cancer de l\u2019ovaire \u00e0 un stade avanc\u00e9.<\/em><\/p><p class=\"MsoNormal\" style=\"margin: 0cm 0cm 8pt; line-height: 18.4px; font-size: medium; font-family: Aptos, sans-serif; white-space: normal;\"><\/p><h3 class=\"wp-block-heading\"><\/h3><p>Le test ROCA est le seul test de surveillance d\u00e9montr\u00e9 avec une pr\u00e9cision, telle qu\u2019\u00e9valu\u00e9e par le National Institute for Health and Care <a href=\"https:\/\/www.nice.org.uk\/guidance\/NG241\"><ins>Excellence (NICE)<\/ins><\/a> (CG241).<\/p><p>Avec la s\u00e9curit\u00e9 des patients au premier plan, la surveillance utilisant le test ROCA sous la supervision d\u2019un clinicien vous offre un soutien avec la possibilit\u00e9 <s><del>de revoir<\/del><\/s> fr\u00e9quemment la n\u00e9cessit\u00e9 d\u2019une chirurgie pr\u00e9ventive selon votre \u00e2ge, la modification sp\u00e9cifique du BRCA, la planification familiale et d\u2019autres facteurs.<\/p><h3 class=\"wp-block-heading\">Le parcours du test ROCA<\/h3><p>  La surveillance utilisant le test ROCA n\u00e9cessite des analyses sanguines tous les quatre mois. Lors de votre premi\u00e8re visite en clinique, vous aurez probablement une consultation avec un clinicien expert qui \u00e9valuera votre situation personnelle, vous conseillera sur votre aptitude au test ROCA et vous expliquera ses avantages et ses limites. <\/p><p>Le test ROCA NE DOIT PAS \u00eatre utilis\u00e9 comme alternative \u00e0 la chirurgie pr\u00e9ventive. Ce n\u2019est que si vous ne pouvez pas subir ou avez d\u00e9cid\u00e9 de reporter la chirurgie pr\u00e9ventive que vous devriez envisager le test ROCA. <\/p><div class=\"wp-block-columns is-layout-flex wp-container-core-columns-is-layout-2 wp-block-columns-is-layout-flex\"><div class=\"wp-block-column is-layout-flow wp-block-column-is-layout-flow\" style=\"flex-basis:100%\"><div class=\"wp-block-columns is-layout-flex wp-container-core-columns-is-layout-1 wp-block-columns-is-layout-flex\"><div class=\"wp-block-column is-layout-flow wp-block-column-is-layout-flow\"><hr class=\"wp-block-separator has-alpha-channel-opacity is-style-default\"\/><\/div><\/div><\/div><\/div><h3 class=\"wp-block-heading\">Questions fr\u00e9quemment pos\u00e9es<\/h3><div id=\"accordion-how-is-the-roca-test-different-from-the-ca-125-blood-test\" class=\"accordion\"><a class=\"accordion-label\" href=\"#how-is-the-roca-test-different-from-the-ca-125-blood-test\">How is the ROCA Test different from the CA-125 blood test?<\/a><div class=\"accordion-content\"><\/p>\n<p>A: The ROCA Test is the only test for surveillance with demonstrated accuracy, as assessed by <a href=\"https:\/\/www.nice.org.uk\/guidance\/NG241\">NICE (CG241)<\/a> and uses your CA-125 measurements, establishing your baseline levels of CA-125 with other parameters such as age to reveal an individualized profile of change over time rather than relying on a single C<\/p>\n<p>A-125 fixed cut-off value.<\/p>\n<p><\/div><\/div><div id=\"accordion-how-often-should-i-have-the-roca-test\" class=\"accordion\"><a class=\"accordion-label\" href=\"#how-often-should-i-have-the-roca-test\">How often should I have the ROCA Test?<\/a><div class=\"accordion-content\"><\/p>\n<p>A: It is recommended that you have a ROCA test 3 times a year. If your results are not Normal, your clinician may recommend a repeat ROCA Test within the next six weeks. You may also be referred for a transvaginal ultrasound (TVUS) scan of your ovaries or other clinical assessment determined by your clinician.<\/p>\n<p><\/div><\/div><p class=\"has-text-align-center\"><\/p><p><\/p>","protected":false},"excerpt":{"rendered":"<p>Pourquoi le test ROCA ? Si vous avez une alt\u00e9ration de l\u2019un des g\u00e8nes BRCA (BRCA1 ou BRCA2), la chirurgie pr\u00e9ventive (ablation des ovaires et&#8230;<\/p>\n","protected":false},"author":42,"featured_media":0,"parent":3098,"menu_order":1,"comment_status":"closed","ping_status":"closed","template":"","meta":{"_acf_changed":false,"_eb_attr":"","footnotes":""},"class_list":["post-3020","page","type-page","status-publish","hentry"],"acf":[],"_links":{"self":[{"href":"https:\/\/www.therocatest.co.uk\/fr\/wp-json\/wp\/v2\/pages\/3020"}],"collection":[{"href":"https:\/\/www.therocatest.co.uk\/fr\/wp-json\/wp\/v2\/pages"}],"about":[{"href":"https:\/\/www.therocatest.co.uk\/fr\/wp-json\/wp\/v2\/types\/page"}],"author":[{"embeddable":true,"href":"https:\/\/www.therocatest.co.uk\/fr\/wp-json\/wp\/v2\/users\/42"}],"replies":[{"embeddable":true,"href":"https:\/\/www.therocatest.co.uk\/fr\/wp-json\/wp\/v2\/comments?post=3020"}],"version-history":[{"count":3,"href":"https:\/\/www.therocatest.co.uk\/fr\/wp-json\/wp\/v2\/pages\/3020\/revisions"}],"predecessor-version":[{"id":3764,"href":"https:\/\/www.therocatest.co.uk\/fr\/wp-json\/wp\/v2\/pages\/3020\/revisions\/3764"}],"up":[{"embeddable":true,"href":"https:\/\/www.therocatest.co.uk\/fr\/wp-json\/wp\/v2\/pages\/3098"}],"wp:attachment":[{"href":"https:\/\/www.therocatest.co.uk\/fr\/wp-json\/wp\/v2\/media?parent=3020"}],"curies":[{"name":"wp","href":"https:\/\/api.w.org\/{rel}","templated":true}]}}