{"id":3033,"date":"2023-04-28T09:38:59","date_gmt":"2023-04-28T08:38:59","guid":{"rendered":"https:\/\/www.therocatest.co.uk\/parcours-du-patient\/"},"modified":"2026-05-11T11:21:27","modified_gmt":"2026-05-11T10:21:27","slug":"parcours-du-patient","status":"publish","type":"page","link":"https:\/\/www.therocatest.co.uk\/fr\/pour-les-patients\/parcours-du-patient\/","title":{"rendered":"Parcours du patient"},"content":{"rendered":"<p>Si vous \u00eates une femme int\u00e9ress\u00e9e par le test ROCA, il est important que vous compreniez pleinement ce parcours.<\/p><p>Le plan ci-dessous d\u00e9crit ce qui est impliqu\u00e9. Si vous avez des questions sur nos services, veuillez contacter notre \u00e9quipe exp\u00e9riment\u00e9e qui sera ravie de vous aider. <\/p><div class=\"wp-block-image\"><figure class=\"alignleft is-resized\"><img loading=\"lazy\" decoding=\"async\" width=\"300\" height=\"185\" src=\"https:\/\/www.therocatest.co.uk\/assets\/step1-300x185.png\" alt=\"\" class=\"wp-image-2483\" style=\"width:150px;height:93px\" srcset=\"https:\/\/www.therocatest.co.uk\/assets\/step1-300x185.png 300w, https:\/\/www.therocatest.co.uk\/assets\/step1-600x369.png 600w, https:\/\/www.therocatest.co.uk\/assets\/step1-768x473.png 768w, https:\/\/www.therocatest.co.uk\/assets\/step1-100x62.png 100w, https:\/\/www.therocatest.co.uk\/assets\/step1.png 786w\" sizes=\"(max-width: 300px) 100vw, 300px\" \/><\/figure><\/div><p><strong>\u00c9tape 1 : Contactez-nous<\/strong><\/p><p>La premi\u00e8re \u00e9tape consiste \u00e0 contacter l\u2019un de nos <a href=\"https:\/\/www.therocatest.co.uk\/fr\/pour-les-patients\/soins-roca\/#clinicians\">cliniciens <\/a>v\u00e9rifi\u00e9s qui propose le test ROCA, qui pourra vous donner plus de d\u00e9tails ou vous r\u00e9server une premi\u00e8re consultation.<\/p><div style=\"height:50px\" aria-hidden=\"true\" class=\"wp-block-spacer\"><\/div><div class=\"wp-block-image\"><figure class=\"alignleft is-resized\"><img loading=\"lazy\" decoding=\"async\" width=\"300\" height=\"242\" src=\"https:\/\/www.therocatest.co.uk\/assets\/step2-300x242.png\" alt=\"\" class=\"wp-image-2484\" style=\"width:150px;height:121px\" srcset=\"https:\/\/www.therocatest.co.uk\/assets\/step2-300x242.png 300w, https:\/\/www.therocatest.co.uk\/assets\/step2-600x483.png 600w, https:\/\/www.therocatest.co.uk\/assets\/step2-100x81.png 100w, https:\/\/www.therocatest.co.uk\/assets\/step2.png 734w\" sizes=\"(max-width: 300px) 100vw, 300px\" \/><\/figure><\/div><p><strong>\u00c9tape 2 : La consultation initiale<\/strong><\/p><p>Lors de la consultation, votre clinicien pourra \u00e9valuer si le test ROCA est une option appropri\u00e9e pour vous, et une fois que vous aurez accept\u00e9, vous pourrez signer le formulaire de consentement. Le clinicien pr\u00e9l\u00e8vera un premier \u00e9chantillon de sang, ou peut vous fixer pour une date ult\u00e9rieure. <\/p><div style=\"height:50px\" aria-hidden=\"true\" class=\"wp-block-spacer\"><\/div><div class=\"wp-block-image\"><figure class=\"alignleft is-resized\"><img loading=\"lazy\" decoding=\"async\" width=\"264\" height=\"300\" src=\"https:\/\/www.therocatest.co.uk\/assets\/step3-264x300.png\" alt=\"\" class=\"wp-image-2485\" style=\"width:132px;height:150px\" srcset=\"https:\/\/www.therocatest.co.uk\/assets\/step3-264x300.png 264w, https:\/\/www.therocatest.co.uk\/assets\/step3-600x681.png 600w, https:\/\/www.therocatest.co.uk\/assets\/step3-100x113.png 100w, https:\/\/www.therocatest.co.uk\/assets\/step3.png 683w\" sizes=\"(max-width: 264px) 100vw, 264px\" \/><\/figure><\/div><p><strong>\u00c9tape 3 : Analyse de votre pr\u00e9l\u00e8vement sanguin  <\/strong><\/p><p>Votre \u00e9chantillon de sang sera envoy\u00e9 dans un laboratoire agr\u00e9\u00e9, et le niveau d\u2019un marqueur de cancer sera mesur\u00e9.<\/p><div style=\"height:50px\" aria-hidden=\"true\" class=\"wp-block-spacer\"><\/div><div class=\"wp-block-image\"><figure class=\"alignleft is-resized\"><img loading=\"lazy\" decoding=\"async\" width=\"229\" height=\"300\" src=\"https:\/\/www.therocatest.co.uk\/assets\/step4-229x300.png\" alt=\"\" class=\"wp-image-2486\" style=\"width:115px;height:150px\" srcset=\"https:\/\/www.therocatest.co.uk\/assets\/step4-229x300.png 229w, https:\/\/www.therocatest.co.uk\/assets\/step4-100x131.png 100w, https:\/\/www.therocatest.co.uk\/assets\/step4.png 579w\" sizes=\"(max-width: 229px) 100vw, 229px\" \/><\/figure><\/div><p><strong>\u00c9tape 4 : \u00c9valuer votre risque de ROCA de cancer de l\u2019ovaire  <\/strong><\/p><p>Les r\u00e9sultats du laboratoire, ainsi que votre \u00e2ge et votre \u00e9tat m\u00e9nopausique, seront ensuite utilis\u00e9s pour d\u00e9terminer votre risque personnel de d\u00e9velopper un cancer de l\u2019ovaire. Votre clinicien recevra un rapport dans les 7 jours. <\/p><div style=\"height:50px\" aria-hidden=\"true\" class=\"wp-block-spacer\"><\/div><div class=\"wp-block-image\"><figure class=\"alignleft is-resized\"><img loading=\"lazy\" decoding=\"async\" width=\"228\" height=\"300\" src=\"https:\/\/www.therocatest.co.uk\/assets\/step5-228x300.png\" alt=\"\" class=\"wp-image-2487\" style=\"width:114px;height:150px\" srcset=\"https:\/\/www.therocatest.co.uk\/assets\/step5-228x300.png 228w, https:\/\/www.therocatest.co.uk\/assets\/step5-600x790.png 600w, https:\/\/www.therocatest.co.uk\/assets\/step5-100x132.png 100w, https:\/\/www.therocatest.co.uk\/assets\/step5.png 645w\" sizes=\"(max-width: 228px) 100vw, 228px\" \/><\/figure><\/div><p><strong>\u00c9tape 5 : Prochaines \u00e9tapes<\/strong><\/p><p>En fonction des r\u00e9sultats de votre test ROCA, votre clinicien est susceptible de recommander l\u2019une des trois options suivantes :<\/p><div style=\"height:\" aria-hidden=\"true\" class=\"wp-block-spacer\"><\/div><p><strong>Normal<\/strong> : Votre prochain test sera programm\u00e9 dans 4 mois.<\/p><p><strong>Interm\u00e9diaire<\/strong> : Un test ROCA \u00e0 r\u00e9p\u00e9ter devrait \u00eatre programm\u00e9 dans six semaines<\/p><p><strong>\u00c9lev\u00e9 :<\/strong> Un nouveau test ROCA, avec une \u00e9chographie de vos ovaires, devrait \u00eatre programm\u00e9 dans les six semaines<\/p><div style=\"height:70px\" aria-hidden=\"true\" class=\"wp-block-spacer\"><\/div><h2 class=\"wp-block-heading has-text-align-center\"><\/h2><p class=\"has-text-align-center\"><\/p><div class=\"wp-block-buttons is-content-justification-center is-layout-flex wp-container-core-buttons-is-layout-1 wp-block-buttons-is-layout-flex\"><div class=\"wp-block-button\"><a class=\"wp-block-button__link has-text-color has-background wp-element-button\" href=\"https:\/\/www.therocatest.co.uk\/fr\/pour-les-patients\/soins-roca\/\" style=\"color:#3d3d3d;background:linear-gradient(135deg,rgb(184,209,97) 0%,rgb(154,209,202) 100%)\">Pour en savoir plus ici,<\/a><\/div><\/div><div style=\"height:100px\" aria-hidden=\"true\" class=\"wp-block-spacer\"><\/div><h2 class=\"wp-block-heading has-text-align-center\">Questions fr\u00e9quemment pos\u00e9es<\/h2><div id=\"accordion-how-do-i-know-if-i-am-eligible-for-the-roca-test\" class=\"accordion\"><a class=\"accordion-label\" href=\"#how-do-i-know-if-i-am-eligible-for-the-roca-test\">How do I know if I am eligible for the ROCA Test?<\/a><div class=\"accordion-content\"><\/p>\n<p>You may be eligible for the ROCA Test if you are between 35 and 83 years with a known alteration in the BRCA1 or BRCA2 genes.  You should talk with your doctor about whether the test is right for you.<\/p>\n<p><\/div><\/div>\n<div id=\"accordion-how-do-i-know-if-i-have-a-family-history-of-ovarian-andor-breast-cancer\" class=\"accordion\"><a class=\"accordion-label\" href=\"#how-do-i-know-if-i-have-a-family-history-of-ovarian-andor-breast-cancer\">How do I know if I have a family history of ovarian and\/or breast cancer?<\/a><div class=\"accordion-content\"><\/p>\n<p>If one or more members of your family have had ovarian and\/or breast cancer (including male breast cancer), you may wish to seek expert advice about your own risk of developing ovarian cancer. Expert clinicians will gather information from you about your family history, as well as other factors such as your age and ethnic background. The clinician may recommend that you have a BRCA test.<\/p>\n<p><\/div><\/div>\n<div id=\"accordion-i-have-tested-positive-for-a-brca-gene-alteration-and-have-been-recommended-to-have-my-ovaries-removed-%e2%80%93-should-i-have-the-roca-test-instead\" class=\"accordion\"><a class=\"accordion-label\" href=\"#i-have-tested-positive-for-a-brca-gene-alteration-and-have-been-recommended-to-have-my-ovaries-removed-%e2%80%93-should-i-have-the-roca-test-instead\">I have tested positive for a BRCA gene alteration and have been recommended to have my ovaries removed \u2013 should I have the ROCA Test instead?<\/a><div class=\"accordion-content\"><\/p>\n<p>Removal of the ovaries and fallopian tubes is the recommended option for women with a BRCA gene alteration. The ROCA Test should only be considered as a short term option until a woman is ready to undertake surgery to remove her ovaries and fallopian tubes. We recommend you consult one of our expert clinicians if you wish to explore your options.<\/p>\n<p><\/div><\/div><p class=\"has-text-align-center\"><\/p>","protected":false},"excerpt":{"rendered":"<p>Si vous \u00eates une femme int\u00e9ress\u00e9e par le test ROCA, il est important que vous compreniez pleinement ce parcours. Le plan ci-dessous d\u00e9crit ce qui&#8230;<\/p>\n","protected":false},"author":42,"featured_media":0,"parent":3098,"menu_order":1,"comment_status":"closed","ping_status":"closed","template":"","meta":{"_acf_changed":false,"_eb_attr":"","footnotes":""},"class_list":["post-3033","page","type-page","status-publish","hentry"],"acf":[],"_links":{"self":[{"href":"https:\/\/www.therocatest.co.uk\/fr\/wp-json\/wp\/v2\/pages\/3033"}],"collection":[{"href":"https:\/\/www.therocatest.co.uk\/fr\/wp-json\/wp\/v2\/pages"}],"about":[{"href":"https:\/\/www.therocatest.co.uk\/fr\/wp-json\/wp\/v2\/types\/page"}],"author":[{"embeddable":true,"href":"https:\/\/www.therocatest.co.uk\/fr\/wp-json\/wp\/v2\/users\/42"}],"replies":[{"embeddable":true,"href":"https:\/\/www.therocatest.co.uk\/fr\/wp-json\/wp\/v2\/comments?post=3033"}],"version-history":[{"count":3,"href":"https:\/\/www.therocatest.co.uk\/fr\/wp-json\/wp\/v2\/pages\/3033\/revisions"}],"predecessor-version":[{"id":3759,"href":"https:\/\/www.therocatest.co.uk\/fr\/wp-json\/wp\/v2\/pages\/3033\/revisions\/3759"}],"up":[{"embeddable":true,"href":"https:\/\/www.therocatest.co.uk\/fr\/wp-json\/wp\/v2\/pages\/3098"}],"wp:attachment":[{"href":"https:\/\/www.therocatest.co.uk\/fr\/wp-json\/wp\/v2\/media?parent=3033"}],"curies":[{"name":"wp","href":"https:\/\/api.w.org\/{rel}","templated":true}]}}