{"id":3052,"date":"2023-04-28T10:04:43","date_gmt":"2023-04-28T09:04:43","guid":{"rendered":"https:\/\/www.therocatest.co.uk\/quest-ce-que-le-brca\/"},"modified":"2026-05-11T11:21:58","modified_gmt":"2026-05-11T10:21:58","slug":"quest-ce-que-le-brca","status":"publish","type":"page","link":"https:\/\/www.therocatest.co.uk\/fr\/pour-les-patients\/quest-ce-que-le-brca\/","title":{"rendered":"Qu\u2019est-ce que le BRCA ?"},"content":{"rendered":"<p>Les g\u00e8nes BRCA 1 et 2 sont pr\u00e9sents chez tout le monde, mais chez certaines personnes ils peuvent \u00eatre modifi\u00e9s. Ces modifications peuvent augmenter le risque de d\u00e9velopper un cancer du sein et\/ou de l\u2019ovaire. Les femmes porteuses d\u2019une alt\u00e9ration des g\u00e8nes BRCA1 ou BRCA 2 ont respectivement jusqu\u2019\u00e0 44 % et 17 % de risque \u00e0 vie de d\u00e9velopper un cancer de l\u2019ovaire.  <\/p><p>Si vous \u00eates positif \u00e0 une alt\u00e9ration g\u00e9n\u00e9tique BRCA 1 ou 2, la mani\u00e8re la plus efficace de r\u00e9duire votre risque de cancer de l\u2019ovaire est de subir une chirurgie pr\u00e9ventive. Cette intervention est souvent appel\u00e9e salpingo-oophorectomie bilat\u00e9rale r\u00e9duisante du risque (RR-BSO), au cours de laquelle les ovaires et les trompes de Fallope sont compl\u00e8tement retir\u00e9s. <\/p><p>Pour de nombreuses femmes, la d\u00e9cision de subir une chirurgie pr\u00e9ventive est difficile, surtout si vous d\u00e9couvrez qu\u2019elle a une alt\u00e9ration du g\u00e8ne BRCA avant d\u2019avoir form\u00e9 une famille. Toute femme subissant cette op\u00e9ration ne pourrait pas avoir d\u2019enfants et conna\u00eetrait une m\u00e9nopause pr\u00e9coce.   <\/p><div style=\"height:80px\" aria-hidden=\"true\" class=\"wp-block-spacer\"><\/div><h2 class=\"wp-block-heading\">Trouvez du soutien<\/h2><p>Nous comprenons qu\u2019obtenir un diagnostic BRCA 1 ou 2 peut \u00eatre tr\u00e8s difficile. Il y a du soutien et nous avons list\u00e9 quelques-unes des associations et groupes de soutien incroyables qui pourraient vous aider et vous offrir un soutien suppl\u00e9mentaire. <\/p><p>\u2981 Pour la pr\u00e9vention et la sensibilisation au cancer de l\u2019ovaire : <a href=\"https:\/\/eveappeal.org.uk\/\">l\u2019appel EVE<\/a><\/p><p>\u2981 Soutien pour le BRCA et les tests g\u00e9n\u00e9tiques : <a href=\"https:\/\/brcachat.com\/\">BRCA Chat<\/a>, <a href=\"https:\/\/brcaumbrella.ning.com\/\">BRCA Umbrella<\/a><\/p><p>\u2981 Pour le soutien aux patients : <a href=\"https:\/\/www.ovacome.org.uk\">Ovacome (Royaume-Uni)<\/a> ; <a href=\"https:\/\/targetovariancancer.org.uk\">Target Ovarian Cancer (Royaume-Uni)<\/a> ; <a href=\"https:\/\/ovarian.gynecancer.org\/en\/\">Olivia (UE)<\/a><\/p><p><\/p>","protected":false},"excerpt":{"rendered":"<p>Les g\u00e8nes BRCA 1 et 2 sont pr\u00e9sents chez tout le monde, mais chez certaines personnes ils peuvent \u00eatre modifi\u00e9s. Ces modifications peuvent augmenter le&#8230;<\/p>\n","protected":false},"author":42,"featured_media":0,"parent":3098,"menu_order":1,"comment_status":"closed","ping_status":"closed","template":"","meta":{"_acf_changed":false,"_eb_attr":"","footnotes":""},"class_list":["post-3052","page","type-page","status-publish","hentry"],"acf":[],"_links":{"self":[{"href":"https:\/\/www.therocatest.co.uk\/fr\/wp-json\/wp\/v2\/pages\/3052"}],"collection":[{"href":"https:\/\/www.therocatest.co.uk\/fr\/wp-json\/wp\/v2\/pages"}],"about":[{"href":"https:\/\/www.therocatest.co.uk\/fr\/wp-json\/wp\/v2\/types\/page"}],"author":[{"embeddable":true,"href":"https:\/\/www.therocatest.co.uk\/fr\/wp-json\/wp\/v2\/users\/42"}],"replies":[{"embeddable":true,"href":"https:\/\/www.therocatest.co.uk\/fr\/wp-json\/wp\/v2\/comments?post=3052"}],"version-history":[{"count":3,"href":"https:\/\/www.therocatest.co.uk\/fr\/wp-json\/wp\/v2\/pages\/3052\/revisions"}],"predecessor-version":[{"id":3768,"href":"https:\/\/www.therocatest.co.uk\/fr\/wp-json\/wp\/v2\/pages\/3052\/revisions\/3768"}],"up":[{"embeddable":true,"href":"https:\/\/www.therocatest.co.uk\/fr\/wp-json\/wp\/v2\/pages\/3098"}],"wp:attachment":[{"href":"https:\/\/www.therocatest.co.uk\/fr\/wp-json\/wp\/v2\/media?parent=3052"}],"curies":[{"name":"wp","href":"https:\/\/api.w.org\/{rel}","templated":true}]}}