{"id":3084,"date":"2023-09-21T20:25:39","date_gmt":"2023-09-21T19:25:39","guid":{"rendered":"https:\/\/www.therocatest.co.uk\/merci-de-nous-avoir-contactes\/"},"modified":"2026-03-30T17:29:04","modified_gmt":"2026-03-30T16:29:04","slug":"merci-de-nous-avoir-contactes","status":"publish","type":"page","link":"https:\/\/www.therocatest.co.uk\/fr\/merci-de-nous-avoir-contactes\/","title":{"rendered":"Merci de nous avoir contact\u00e9s"},"content":{"rendered":"<h3><span data-sheets-value=\"[null,2,\"Thank you for contacting us. A customer care specialist will be in touch shortly.\"]\" data-sheets-userformat=\"[null,null,15105,[null,0],null,null,null,null,null,null,null,4,0,null,[null,2,0],\"Calibri\",11]\">Merci de nous avoir contact\u00e9s.  <\/span><\/h3>\n<p>Merci de nous avoir contact\u00e9s, nous nous efforcerons de r\u00e9pondre \u00e0 vos demandes dans un d\u00e9lai de 5 jours ouvr\u00e9s.<\/p><h3 class=\"wp-block-heading\"><a>Vous avez des questions ?<\/a><\/h3><p>Consultez les principales questions et r\u00e9ponses sur le test ROCA dans notre<a> <\/a><a href=\"https:\/\/www.therocatest.co.uk\/roca-test\/patient-faqs\/\">Foire<\/a> aux questions.<\/p>","protected":false},"excerpt":{"rendered":"<p>Merci de nous avoir contact\u00e9s. Merci de nous avoir contact\u00e9s, nous nous efforcerons de r\u00e9pondre \u00e0 vos demandes dans un d\u00e9lai de 5 jours ouvr\u00e9s&#8230;.<\/p>\n","protected":false},"author":177,"featured_media":0,"parent":0,"menu_order":0,"comment_status":"closed","ping_status":"closed","template":"","meta":{"_acf_changed":false,"_eb_attr":"","footnotes":""},"class_list":["post-3084","page","type-page","status-publish","hentry"],"acf":[],"_links":{"self":[{"href":"https:\/\/www.therocatest.co.uk\/fr\/wp-json\/wp\/v2\/pages\/3084"}],"collection":[{"href":"https:\/\/www.therocatest.co.uk\/fr\/wp-json\/wp\/v2\/pages"}],"about":[{"href":"https:\/\/www.therocatest.co.uk\/fr\/wp-json\/wp\/v2\/types\/page"}],"author":[{"embeddable":true,"href":"https:\/\/www.therocatest.co.uk\/fr\/wp-json\/wp\/v2\/users\/177"}],"replies":[{"embeddable":true,"href":"https:\/\/www.therocatest.co.uk\/fr\/wp-json\/wp\/v2\/comments?post=3084"}],"version-history":[{"count":2,"href":"https:\/\/www.therocatest.co.uk\/fr\/wp-json\/wp\/v2\/pages\/3084\/revisions"}],"predecessor-version":[{"id":3086,"href":"https:\/\/www.therocatest.co.uk\/fr\/wp-json\/wp\/v2\/pages\/3084\/revisions\/3086"}],"wp:attachment":[{"href":"https:\/\/www.therocatest.co.uk\/fr\/wp-json\/wp\/v2\/media?parent=3084"}],"curies":[{"name":"wp","href":"https:\/\/api.w.org\/{rel}","templated":true}]}}