{"id":3128,"date":"2016-02-02T08:45:38","date_gmt":"2016-02-02T08:45:38","guid":{"rendered":"https:\/\/www.therocatest.co.uk\/importance-de-la-detection-precoce\/"},"modified":"2026-03-30T17:27:57","modified_gmt":"2026-03-30T16:27:57","slug":"importance-de-la-detection-precoce","status":"publish","type":"page","link":"https:\/\/www.therocatest.co.uk\/fr\/pour-les-patients\/a-propos-du-cancer-de-lovaire\/importance-de-la-detection-precoce\/","title":{"rendered":"Importance de la d\u00e9tection pr\u00e9coce"},"content":{"rendered":"<h2>Une d\u00e9tection pr\u00e9coce du cancer de l\u2019ovaire signifie une survie plus longue<\/h2>\n<p>Si le cancer de l\u2019ovaire est diagnostiqu\u00e9 au plus t\u00f4t stade, alors qu\u2019il est encore confin\u00e9 \u00e0 un seul ovaire, alors jusqu\u2019\u00e0 9 femmes sur 10 seront encore en vie 5 ans plus tard. Cependant, seulement un tiers des femmes atteintes de cancer de l\u2019ovaire sont diagnostiqu\u00e9es \u00e0 un stade pr\u00e9coce. <sup><span style=\"font-size: 13.3333px; line-height: 20px;\">1<\/span><\/sup><\/p>\n<p>Malheureusement, de nombreux cancers de l\u2019ovaire sont diagnostiqu\u00e9s \u00e0 un stade avanc\u00e9. Cela signifie que de nombreuses femmes ne seront pas trait\u00e9es avant qu\u2019il ne soit trop tard, et que leurs options de traitement peuvent \u00eatre plus limit\u00e9es. <\/p>\n<h4 style=\"text-align: center;\">Taux de survie par stade<\/h4>\n<p><a href=\"https:\/\/www.therocatest.co.uk\/assets\/SurvivalbyStage.png\"><img loading=\"lazy\" decoding=\"async\" class=\"wp-image-1916 alignleft\" src=\"https:\/\/www.therocatest.co.uk\/assets\/SurvivalbyStage.png\" alt=\"Survie au cancer de l\u2019ovaire\" width=\"745\" height=\"467\"><\/a><\/p>\n<p style=\"text-align: left;\"><em>Source : <a href=\"http:\/\/www.cancerresearchuk.org\/health-professional\/cancer-statistics\/statistics-by-cancer-type\/ovarian-cancer\/survival#heading-Three\">http:\/\/www.cancerresearchuk.org\/health-professional\/cancer-statistics\/statistics-by-cancer-type\/ovarian-cancer\/survival#heading-Three<\/a><\/em><em>. Derni\u00e8re consultation en octobre 2022.<\/em><\/p>\n<p><a class=\"btn-secondary more\" href=\"https:\/\/www.therocatest.co.uk\/roca-test\/roca-test-for-ovarian-cancer\/\">EN SAVOIR PLUS SUR LE ROCA TEST<\/a><\/p>\n<hr>\n<p>R\u00e9f\u00e9rences<\/p>\n<ol>\n<li><a href=\"http:\/\/www.cancerresearchuk.org\/health-professional\/cancer-statistics\/statistics-by-cancer-type\/ovarian-cancer\">http:\/\/www.cancerresearchuk.org\/health-professional\/cancer-statistics\/statistics-by-cancer-type\/ovarian-cancer<\/a>. Derni\u00e8re consultation en octobre 2022. <\/li>\n<li><a href=\"http:\/\/www.nhs.uk\/Conditions\/Cancer-of-the-ovary\/Pages\/Symptoms.aspx\">http:\/\/www.nhs.uk\/Conditions\/Cancer-of-the-ovary\/Pages\/Symptoms.aspx<\/a>. Derni\u00e8re consultation en octobre 2022. <\/li>\n<\/ol>\n","protected":false},"excerpt":{"rendered":"<p>Une d\u00e9tection pr\u00e9coce du cancer de l\u2019ovaire signifie une survie plus longue Si le cancer de l\u2019ovaire est diagnostiqu\u00e9 au plus t\u00f4t stade, alors qu\u2019il&#8230;<\/p>\n","protected":false},"author":42,"featured_media":0,"parent":3349,"menu_order":2,"comment_status":"closed","ping_status":"closed","template":"","meta":{"_acf_changed":false,"_eb_attr":"","footnotes":""},"class_list":["post-3128","page","type-page","status-publish","hentry"],"acf":[],"_links":{"self":[{"href":"https:\/\/www.therocatest.co.uk\/fr\/wp-json\/wp\/v2\/pages\/3128"}],"collection":[{"href":"https:\/\/www.therocatest.co.uk\/fr\/wp-json\/wp\/v2\/pages"}],"about":[{"href":"https:\/\/www.therocatest.co.uk\/fr\/wp-json\/wp\/v2\/types\/page"}],"author":[{"embeddable":true,"href":"https:\/\/www.therocatest.co.uk\/fr\/wp-json\/wp\/v2\/users\/42"}],"replies":[{"embeddable":true,"href":"https:\/\/www.therocatest.co.uk\/fr\/wp-json\/wp\/v2\/comments?post=3128"}],"version-history":[{"count":1,"href":"https:\/\/www.therocatest.co.uk\/fr\/wp-json\/wp\/v2\/pages\/3128\/revisions"}],"predecessor-version":[{"id":3136,"href":"https:\/\/www.therocatest.co.uk\/fr\/wp-json\/wp\/v2\/pages\/3128\/revisions\/3136"}],"up":[{"embeddable":true,"href":"https:\/\/www.therocatest.co.uk\/fr\/wp-json\/wp\/v2\/pages\/3349"}],"wp:attachment":[{"href":"https:\/\/www.therocatest.co.uk\/fr\/wp-json\/wp\/v2\/media?parent=3128"}],"curies":[{"name":"wp","href":"https:\/\/api.w.org\/{rel}","templated":true}]}}