{"id":3148,"date":"2016-07-12T21:59:51","date_gmt":"2016-07-12T20:59:51","guid":{"rendered":"https:\/\/www.therocatest.co.uk\/un-simple-test-sanguin\/"},"modified":"2026-03-30T17:28:16","modified_gmt":"2026-03-30T16:28:16","slug":"un-simple-test-sanguin","status":"publish","type":"page","link":"https:\/\/www.therocatest.co.uk\/fr\/roca-test\/un-simple-test-sanguin\/","title":{"rendered":"Un simple test sanguin"},"content":{"rendered":"<h3><strong>Cancer de l\u2019ovaire<\/strong><\/h3>\n<p>Le cancer de l\u2019ovaire est la cinqui\u00e8me cause la plus fr\u00e9quente de d\u00e9c\u00e8s li\u00e9s au cancer chez les femmes, et il est souvent appel\u00e9 le \u00ab tueur silencieux \u00bb car les sympt\u00f4mes peuvent \u00eatre vagues et difficiles \u00e0 diagnostiquer \u00e0 un stade pr\u00e9coce, lorsque le taux de survie est \u00e9lev\u00e9. <sup><a href=\"http:\/\/www.cancerresearchuk.org\/health-professional\/cancer-statistics\/mortality\/common-cancers-compared#heading-Two\" target=\"_blank\" rel=\"noopener\">1<\/a><\/sup> Plus le cancer de l\u2019ovaire est d\u00e9tect\u00e9 t\u00f4t, plus t\u00f4t il peut \u00eatre diagnostiqu\u00e9 et trait\u00e9, augmentant ainsi les chances de survie.<\/p>\n<h3><strong>Le test ROCA<\/strong><\/h3>\n<p>Le test ROCA est une prise de sang qui d\u00e9termine le risque qu\u2019une femme souffre d\u2019un cancer de l\u2019ovaire. Le test est destin\u00e9 aux femmes pr\u00e9sentant une mutation du g\u00e8ne BRCA1 ou BRCA2 qui pr\u00e9sente un risque \u00e9lev\u00e9 de d\u00e9velopper un cancer de l\u2019ovaire.  Il est g\u00e9n\u00e9ralement recommand\u00e9 aux femmes pr\u00e9sentant une mutation du g\u00e8ne BRCA1 ou BRCA2 d\u2019envisager l\u2019ablation chirurgicale de leurs ovaires et trompes de Fallope. Cependant, cela entra\u00eene une m\u00e9nopause pr\u00e9coce et affecte la fertilit\u00e9. C\u2019est pourquoi beaucoup de femmes choisissent de retarder cette proc\u00e9dure.  <\/p>\n<h3><strong>R\u00e9sultats des tests<\/strong><\/h3>\n<p>Le test ROCA rapporte un score num\u00e9rique repr\u00e9sentant le risque d\u2019une femme de d\u00e9velopper un cancer de l\u2019ovaire. Avec ce score initial, un m\u00e9decin pourra d\u00e9terminer si d\u2019autres examens, tels qu\u2019une \u00e9chographie transvaginale, sont n\u00e9cessaires. <\/p>\n<h3><strong>Limitations<\/strong><\/h3>\n<p>Comprenez les <a href=\"https:\/\/www.therocatest.co.uk\/fr\/?page_id=3016\">risques, les limites et les contre-indications <\/a>du test ROC.<\/p>\n<h3><strong>Questions fr\u00e9quemment pos\u00e9es<\/strong><\/h3>\n<p>Vous avez des questions sur le test ROCA ?  <a href=\"https:\/\/www.therocatest.co.uk\/roca-test\/patient-faqs\/\">Obtenez plus de r\u00e9ponses ici.<\/a><\/p>\n<p>&nbsp;<\/p>\n","protected":false},"excerpt":{"rendered":"<p>Cancer de l\u2019ovaire Le cancer de l\u2019ovaire est la cinqui\u00e8me cause la plus fr\u00e9quente de d\u00e9c\u00e8s li\u00e9s au cancer chez les femmes, et il est&#8230;<\/p>\n","protected":false},"author":38,"featured_media":0,"parent":3365,"menu_order":0,"comment_status":"closed","ping_status":"closed","template":"","meta":{"_acf_changed":false,"_eb_attr":"","footnotes":""},"class_list":["post-3148","page","type-page","status-publish","hentry"],"acf":[],"_links":{"self":[{"href":"https:\/\/www.therocatest.co.uk\/fr\/wp-json\/wp\/v2\/pages\/3148"}],"collection":[{"href":"https:\/\/www.therocatest.co.uk\/fr\/wp-json\/wp\/v2\/pages"}],"about":[{"href":"https:\/\/www.therocatest.co.uk\/fr\/wp-json\/wp\/v2\/types\/page"}],"author":[{"embeddable":true,"href":"https:\/\/www.therocatest.co.uk\/fr\/wp-json\/wp\/v2\/users\/38"}],"replies":[{"embeddable":true,"href":"https:\/\/www.therocatest.co.uk\/fr\/wp-json\/wp\/v2\/comments?post=3148"}],"version-history":[{"count":3,"href":"https:\/\/www.therocatest.co.uk\/fr\/wp-json\/wp\/v2\/pages\/3148\/revisions"}],"predecessor-version":[{"id":3454,"href":"https:\/\/www.therocatest.co.uk\/fr\/wp-json\/wp\/v2\/pages\/3148\/revisions\/3454"}],"up":[{"embeddable":true,"href":"https:\/\/www.therocatest.co.uk\/fr\/wp-json\/wp\/v2\/pages\/3365"}],"wp:attachment":[{"href":"https:\/\/www.therocatest.co.uk\/fr\/wp-json\/wp\/v2\/media?parent=3148"}],"curies":[{"name":"wp","href":"https:\/\/api.w.org\/{rel}","templated":true}]}}