{"id":3187,"date":"2024-03-26T11:19:45","date_gmt":"2024-03-26T11:19:45","guid":{"rendered":"https:\/\/www.therocatest.co.uk\/actualites-et-blogs\/nice-prend-en-chargement-le-test-roca\/"},"modified":"2026-05-11T11:20:18","modified_gmt":"2026-05-11T10:20:18","slug":"nice-prend-en-chargement-le-test-roca","status":"publish","type":"page","link":"https:\/\/www.therocatest.co.uk\/fr\/actualites-et-blogs\/nice-prend-en-chargement-le-test-roca\/","title":{"rendered":"NICE prend en chargement le test ROCA"},"content":{"rendered":"<h3 class=\"wp-block-heading\">Nouvelles directives NICE pour le cancer de l\u2019ovaire<\/h3><p><em>La surveillance via le test ROCA est d\u00e9sormais une option pour les personnes \u00e0 haut risque de cancer de l\u2019ovaire<\/em><\/p><p>Oxford, Royaume-Uni. GENinCode Plc (AIM : GENI), la soci\u00e9t\u00e9 de g\u00e9n\u00e9tique pr\u00e9dictive sp\u00e9cialis\u00e9e dans la pr\u00e9vention des maladies cardiovasculaires (\u00ab\u00a0MCV\u00a0\u00bb) et du risque de cancer de l\u2019ovaire (\u00ab\u00a0CO\u00a0\u00bb), annonce que son test Risk of Cancer Cancer Algorithm (\u00ab\u00a0ROCA\u00a0\u00bb) a re\u00e7u une recommandation du National Institute for Health and Care Excellence (\u00ab\u00a0NICE\u00a0\u00bb) comme test pr\u00e9f\u00e9r\u00e9 pour la surveillance des CO chez les personnes \u00e0 haut risque de cancer de l\u2019ovaire qui ne subissent pas de chirurgie de r\u00e9duction du risque. Les nouvelles directives NICE se concentrent sur l\u2019identification et la gestion du risque familial et g\u00e9n\u00e9tique de CO.  <\/p><p>Chaque ann\u00e9e au Royaume-Uni, 7 500 femmes sont diagnostiqu\u00e9es avec un CO et plus de la moiti\u00e9 d\u2019entre elles meurent de cette maladie. Le risque de d\u00e9velopper un CO est particuli\u00e8rement \u00e9lev\u00e9 chez les individus h\u00e9ritant d\u2019un variant pathog\u00e8ne connu dans certains g\u00e8nes tels que BRCA1 ou BRCA2. On estime que jusqu\u2019\u00e0 170 000 personnes au Royaume-Uni pourraient \u00eatre porteuses d\u2019un variant du g\u00e8ne BRCA. Identifier ces individus par le biais de tests g\u00e9n\u00e9tiques permettra au NHS de mieux att\u00e9nuer ce risque par la pr\u00e9vention et\/ou la surveillance.   <\/p><p>La chirurgie pr\u00e9ventive pour retirer \u00e0 la fois les ovaires et les trompes de Fallope est la norme de soins, mais lorsque cela n\u2019est pas possible, ou lorsque le patient d\u00e9cide de retarder la chirurgie, le NICE recommande d\u00e9sormais que les patients puissent b\u00e9n\u00e9ficier d\u2019une surveillance via le test ROC. Le comit\u00e9 NICE a examin\u00e9 divers protocoles de surveillance, tels que publi\u00e9s dans la litt\u00e9rature \u00e9valu\u00e9e par les pairs, et a conclu que le test ROCA \u00e9tait le plus pr\u00e9cis avec le meilleur taux de d\u00e9tection pour les stades pr\u00e9coces de la CO (stade IIIa ou inf\u00e9rieur). La d\u00e9tection de la CO \u00e0 un stade pr\u00e9coce est associ\u00e9e \u00e0 un meilleur pronostic et \u00e0 un meilleur traitement.  <\/p><p>Le test ROCA utilise un algorithme propri\u00e9taire pour calculer le risque individuel de CO de la femme en se basant sur plusieurs facteurs cliniques, notamment l\u2019\u00e2ge et l\u2019accumulation des r\u00e9sultats des analyses sanguines de l\u2019antig\u00e8ne canc\u00e9reux 125 (CA-125). La capacit\u00e9 du test ROCA \u00e0 interpr\u00e9ter les changements du niveau CA-125 d\u2019un individu au fil du temps gr\u00e2ce \u00e0 des tests interm\u00e9di\u00e9s de quatre mois a \u00e9t\u00e9 reconnue par le comit\u00e9 NICE comme un facteur important de sa pr\u00e9cision et de sa capacit\u00e9 \u00e0 d\u00e9tecter le CO plus t\u00f4t. De plus, le comit\u00e9 NICE a reconnu les preuves publi\u00e9es selon lesquelles la surveillance utilisant le test ROCA aurait un avantage \u00e9conomique pour le NHS.  <\/p><p>D\u00e9couvrez-en plus sur les directives NICE<\/p><a class=\"btn\" href=\"https:\/\/www.nice.org.uk\/guidance\/NG241\">Tiens<\/a>","protected":false},"excerpt":{"rendered":"<p>Nouvelles directives NICE pour le cancer de l\u2019ovaire La surveillance via le test ROCA est d\u00e9sormais une option pour les personnes \u00e0 haut risque de&#8230;<\/p>\n","protected":false},"author":178,"featured_media":0,"parent":3077,"menu_order":1,"comment_status":"closed","ping_status":"closed","template":"","meta":{"_acf_changed":false,"_eb_attr":"","footnotes":""},"class_list":["post-3187","page","type-page","status-publish","hentry"],"acf":[],"_links":{"self":[{"href":"https:\/\/www.therocatest.co.uk\/fr\/wp-json\/wp\/v2\/pages\/3187"}],"collection":[{"href":"https:\/\/www.therocatest.co.uk\/fr\/wp-json\/wp\/v2\/pages"}],"about":[{"href":"https:\/\/www.therocatest.co.uk\/fr\/wp-json\/wp\/v2\/types\/page"}],"author":[{"embeddable":true,"href":"https:\/\/www.therocatest.co.uk\/fr\/wp-json\/wp\/v2\/users\/178"}],"replies":[{"embeddable":true,"href":"https:\/\/www.therocatest.co.uk\/fr\/wp-json\/wp\/v2\/comments?post=3187"}],"version-history":[{"count":3,"href":"https:\/\/www.therocatest.co.uk\/fr\/wp-json\/wp\/v2\/pages\/3187\/revisions"}],"predecessor-version":[{"id":3749,"href":"https:\/\/www.therocatest.co.uk\/fr\/wp-json\/wp\/v2\/pages\/3187\/revisions\/3749"}],"up":[{"embeddable":true,"href":"https:\/\/www.therocatest.co.uk\/fr\/wp-json\/wp\/v2\/pages\/3077"}],"wp:attachment":[{"href":"https:\/\/www.therocatest.co.uk\/fr\/wp-json\/wp\/v2\/media?parent=3187"}],"curies":[{"name":"wp","href":"https:\/\/api.w.org\/{rel}","templated":true}]}}