{"id":3304,"date":"2015-11-06T15:28:23","date_gmt":"2015-11-06T15:28:23","guid":{"rendered":"https:\/\/www.therocatest.co.uk\/faq-des-cliniciens-sur-la-roca\/"},"modified":"2026-05-11T11:29:08","modified_gmt":"2026-05-11T10:29:08","slug":"faq-des-cliniciens-sur-la-roca","status":"publish","type":"page","link":"https:\/\/www.therocatest.co.uk\/fr\/pour-les-cliniciens\/faq-des-cliniciens-sur-la-roca\/","title":{"rendered":"FAQ des cliniciens sur la ROCA"},"content":{"rendered":"<div id=\"accordion-1-what-is-the-roca-test\" class=\"accordion\"><a class=\"accordion-label\" href=\"#1-what-is-the-roca-test\">1. What is the ROCA Test?<\/a><div class=\"accordion-content\"><\/p>\n<p>Le <a href=\"https:\/\/www.therocatest.co.uk\/fr\/pour-les-cliniciens\/about-roca\/\">test ROCA<\/a> est un test sanguin simple qui d\u00e9termine la probabilit\u00e9 qu\u2019une femme souffre d\u2019un cancer de l\u2019ovaire. Le test utilise l\u2019\u00e2ge de la femme, son \u00e9tat m\u00e9nopausique, son \u00e9tat de risque et les mesures sanguines s\u00e9rieuses de CA-125 au fil du temps pour obtenir un score indiquant sa probabilit\u00e9 de d\u00e9velopper un cancer de l\u2019ovaire. <\/p>\n<p>C\u2019est le seul test de surveillance du cancer de l\u2019ovaire approuv\u00e9 par <a href=\"https:\/\/www.nice.org.uk\/guidance\/NG241\">le NICE<\/a> et \u00e9valu\u00e9 dans des essais cliniques prospectifs majeurs. Ces \u00e9tudes montrent qu\u2019il est sensible pour d\u00e9tecter le cancer de l\u2019ovaire avant l\u2019apparition des sympt\u00f4mes et peut d\u00e9tecter plus de maladies \u00e0 un stade pr\u00e9coce que l\u2019absence de surveillance. <\/p>\n<p>Le test ROCA s\u2019adresse aux femmes \u00e2g\u00e9es de 35 \u00e0 83 ans pr\u00e9sentant une mutation confirm\u00e9e du g\u00e8ne BRCA1 ou BRCA2.<\/p>\n<p><\/div><\/div>\n<div id=\"accordion-2-how-is-the-roca-test-different-from-the-standard-ca-125-test\" class=\"accordion\"><a class=\"accordion-label\" href=\"#2-how-is-the-roca-test-different-from-the-standard-ca-125-test\">2. How is the ROCA Test different from the standard CA-125 test?<\/a><div class=\"accordion-content\"><\/p>\n<p>Le test ROCA diff\u00e8re d\u2019un CA-125 standard en ce qu\u2019il n\u2019utilise pas un seuil fixe de 35U\/ml mais utilise une m\u00e9thode bas\u00e9e sur un algorithme pour \u00e9valuer la signification de tout changement du niveau de base de CA125 afin de pr\u00e9dire le risque de cancer de l\u2019ovaire. L\u2019algorithme compare le profil CA-125 en s\u00e9rie d\u2019une femme \u00e0 une base de donn\u00e9es propri\u00e9taire de profils CA-125 connus (avec ou sans cancer). Plus le profil d\u2019une femme est corr\u00e9l\u00e9 \u00e0 celui connu du cancer de l\u2019ovaire, plus son risque est \u00e9lev\u00e9. L\u2019algorithme prend \u00e9galement en compte l\u2019\u00e2ge, le statut m\u00e9nopaus\u00e9 et le risque \u00e9lev\u00e9 de cancer de l\u2019ovaire d\u2019une femme comme facteurs. C\u2019est \u00e9galement le seul test de surveillance d\u00e9montr\u00e9 avec une pr\u00e9cision, telle qu\u2019\u00e9valu\u00e9e par <a href=\"https:\/\/www.nice.org.uk\/guidance\/NG241\">le NICE (CG241).<\/a>    <\/p>\n<p><\/div><\/div>\n<div id=\"accordion-3-how-do-i-interpret-my-patients-roca-test-results\" class=\"accordion\"><a class=\"accordion-label\" href=\"#3-how-do-i-interpret-my-patients-roca-test-results\">3. How do I interpret my patient's ROCA Test results?<\/a><div class=\"accordion-content\"><\/p>\n<p>Le test ROCA rapporte un score num\u00e9rique repr\u00e9sentant le risque d\u2019une femme de d\u00e9velopper un cancer de l\u2019ovaire (par exemple 1 sur 3 000). Le score de risque est class\u00e9 comme Normal, Interm\u00e9diaire ou \u00c9lev\u00e9 et les recommandations cliniques servent d\u2019orientation pour le suivi clinique. <\/p>\n<p>Le test ROCA est un test de premi\u00e8re ligne et ne doit pas \u00eatre utilis\u00e9 pour orienter directement un patient vers une chirurgie. Les r\u00e9sultats du test orienteront soit le patient vers un test ROCA r\u00e9p\u00e9t\u00e9, soit vers une \u00e9chographie transvaginale des ovaires, dont les r\u00e9sultats sont interpr\u00e9t\u00e9s par une \u00e9valuation clinique experte. <\/p>\n<p><\/div><\/div>\n<\/p>\n<p><strong><b><a href=\"https:\/\/www.therocatest.co.uk\/fr\/roca-test\/limitations\/\">RISQUES ET CONTRE-INDICATIONS<\/a><\/b><\/strong><\/p><p><\/p>","protected":false},"excerpt":{"rendered":"<p>RISQUES ET CONTRE-INDICATIONS<\/p>\n","protected":false},"author":42,"featured_media":0,"parent":3331,"menu_order":2,"comment_status":"closed","ping_status":"closed","template":"","meta":{"_acf_changed":false,"_eb_attr":"","footnotes":""},"class_list":["post-3304","page","type-page","status-publish","hentry"],"acf":[],"_links":{"self":[{"href":"https:\/\/www.therocatest.co.uk\/fr\/wp-json\/wp\/v2\/pages\/3304"}],"collection":[{"href":"https:\/\/www.therocatest.co.uk\/fr\/wp-json\/wp\/v2\/pages"}],"about":[{"href":"https:\/\/www.therocatest.co.uk\/fr\/wp-json\/wp\/v2\/types\/page"}],"author":[{"embeddable":true,"href":"https:\/\/www.therocatest.co.uk\/fr\/wp-json\/wp\/v2\/users\/42"}],"replies":[{"embeddable":true,"href":"https:\/\/www.therocatest.co.uk\/fr\/wp-json\/wp\/v2\/comments?post=3304"}],"version-history":[{"count":3,"href":"https:\/\/www.therocatest.co.uk\/fr\/wp-json\/wp\/v2\/pages\/3304\/revisions"}],"predecessor-version":[{"id":3781,"href":"https:\/\/www.therocatest.co.uk\/fr\/wp-json\/wp\/v2\/pages\/3304\/revisions\/3781"}],"up":[{"embeddable":true,"href":"https:\/\/www.therocatest.co.uk\/fr\/wp-json\/wp\/v2\/pages\/3331"}],"wp:attachment":[{"href":"https:\/\/www.therocatest.co.uk\/fr\/wp-json\/wp\/v2\/media?parent=3304"}],"curies":[{"name":"wp","href":"https:\/\/api.w.org\/{rel}","templated":true}]}}