{"id":3325,"date":"2015-11-06T15:28:23","date_gmt":"2015-11-06T15:28:23","guid":{"rendered":"https:\/\/www.therocatest.co.uk\/test-roca-pour-le-cancer-de-lovaire\/"},"modified":"2026-03-30T17:25:56","modified_gmt":"2026-03-30T16:25:56","slug":"test-roca-pour-le-cancer-de-lovaire","status":"publish","type":"page","link":"https:\/\/www.therocatest.co.uk\/fr\/roca-test\/test-roca-pour-le-cancer-de-lovaire\/","title":{"rendered":"Test ROCA pour le cancer de l\u2019ovaire"},"content":{"rendered":"<h2>Une simple prise de sang<\/h2>\n<p>Le test ROCA est une prise de sang qui d\u00e9termine le risque qu\u2019une femme souffre d\u2019un cancer de l\u2019ovaire. Le test est destin\u00e9 aux femmes pr\u00e9sentant une mutation du g\u00e8ne BRCA1 ou BRCA2 qui pr\u00e9sente un risque \u00e9lev\u00e9 de d\u00e9velopper un cancer de l\u2019ovaire. Il est g\u00e9n\u00e9ralement recommand\u00e9 aux femmes pr\u00e9sentant une mutation du g\u00e8ne BRCA1 ou BRCA2 d\u2019envisager l\u2019ablation chirurgicale de leurs ovaires et trompes de Fallope. Cependant, cela entra\u00eene une m\u00e9nopause pr\u00e9coce et affecte la fertilit\u00e9. C\u2019est pourquoi beaucoup de femmes choisissent de retarder cette proc\u00e9dure.    <\/p>\n<h4>\u00c9valu\u00e9 dans les principaux essais cliniques<\/h4>\n<p>Le test ROCA a \u00e9t\u00e9 \u00e9valu\u00e9 cliniquement dans plusieurs essais prospectifs. Plus d\u2019informations sont disponibles <a href=\"https:\/\/www.therocatest.co.uk\/for-clinicians\/about-roca\/\">ici<\/a>. <\/p>\n<p><span style=\"font-family: 'Georgia',serif;\"><a class=\"more\" href=\"https:\/\/www.therocatest.co.uk\/roca-test\/patient-faqs\/\">Lisez nos questions fr\u00e9quemment pos\u00e9es sur le test ROCA<\/a><\/span><\/p>\n<h4><\/h4>\n<hr>\n<p>Avertissement : L\u2019interpr\u00e9tation des r\u00e9sultats du test ROCA se base sur les donn\u00e9es issues des essais cliniques. Le test ROCA peut d\u00e9tecter &gt;95 % des cancers de l\u2019ovaire si un patient remplit les crit\u00e8res d\u2019\u00e9ligibilit\u00e9 \u00e9num\u00e9r\u00e9s ci-dessus et lorsqu\u2019il est utilis\u00e9 comme lors des essais cliniques. Si un patient ne remplit pas les crit\u00e8res d\u2019\u00e9ligibilit\u00e9, les r\u00e9sultats des tests ne peuvent pas \u00eatre garantis. Toute \u00e9valuation clinique et d\u00e9termination d\u2019un traitement rel\u00e8ve uniquement du m\u00e9decin du patient. Il est recommand\u00e9 que tous les r\u00e9sultats du test ROCA soient examin\u00e9s par un patient avec son m\u00e9decin.<\/p>\n","protected":false},"excerpt":{"rendered":"<p>Une simple prise de sang Le test ROCA est une prise de sang qui d\u00e9termine le risque qu\u2019une femme souffre d\u2019un cancer de l\u2019ovaire. Le&#8230;<\/p>\n","protected":false},"author":42,"featured_media":0,"parent":3365,"menu_order":1,"comment_status":"closed","ping_status":"closed","template":"","meta":{"_acf_changed":false,"_eb_attr":"","footnotes":""},"class_list":["post-3325","page","type-page","status-publish","hentry"],"acf":[],"_links":{"self":[{"href":"https:\/\/www.therocatest.co.uk\/fr\/wp-json\/wp\/v2\/pages\/3325"}],"collection":[{"href":"https:\/\/www.therocatest.co.uk\/fr\/wp-json\/wp\/v2\/pages"}],"about":[{"href":"https:\/\/www.therocatest.co.uk\/fr\/wp-json\/wp\/v2\/types\/page"}],"author":[{"embeddable":true,"href":"https:\/\/www.therocatest.co.uk\/fr\/wp-json\/wp\/v2\/users\/42"}],"replies":[{"embeddable":true,"href":"https:\/\/www.therocatest.co.uk\/fr\/wp-json\/wp\/v2\/comments?post=3325"}],"version-history":[{"count":1,"href":"https:\/\/www.therocatest.co.uk\/fr\/wp-json\/wp\/v2\/pages\/3325\/revisions"}],"predecessor-version":[{"id":3328,"href":"https:\/\/www.therocatest.co.uk\/fr\/wp-json\/wp\/v2\/pages\/3325\/revisions\/3328"}],"up":[{"embeddable":true,"href":"https:\/\/www.therocatest.co.uk\/fr\/wp-json\/wp\/v2\/pages\/3365"}],"wp:attachment":[{"href":"https:\/\/www.therocatest.co.uk\/fr\/wp-json\/wp\/v2\/media?parent=3325"}],"curies":[{"name":"wp","href":"https:\/\/api.w.org\/{rel}","templated":true}]}}