{"id":3349,"date":"2015-11-06T15:28:23","date_gmt":"2015-11-06T15:28:23","guid":{"rendered":"https:\/\/www.therocatest.co.uk\/pour-les-patients\/a-propos-du-cancer-de-lovaire\/"},"modified":"2026-05-11T11:35:38","modified_gmt":"2026-05-11T10:35:38","slug":"a-propos-du-cancer-de-lovaire","status":"publish","type":"page","link":"https:\/\/www.therocatest.co.uk\/fr\/pour-les-patients\/a-propos-du-cancer-de-lovaire\/","title":{"rendered":"\u00c0 propos du cancer de l\u2019ovaire"},"content":{"rendered":"<h2> <\/h2>\n<p>Le cancer de l\u2019ovaire est une maladie qui survient lorsque des cellules anormales des ovaires se d\u00e9veloppent \u00e0 un rythme incontr\u00f4lable et forment une masse tissulaire appel\u00e9e tumeur. De nombreux types de tumeurs peuvent appara\u00eetre dans les trompes de Fallope ou dans un ou les deux ovaires. <\/p>\n<p>Certaines tumeurs ne sont pas canc\u00e9reuses (\u00e9galement appel\u00e9es \u00ab b\u00e9nignes \u00bb) et ne se propagent jamais au-del\u00e0 des ovaires ou des trompes de Fallope. Cependant, d\u2019autres tumeurs peuvent \u00eatre canc\u00e9reuses (\u00ab malignes \u00bb) et se propager \u00e0 d\u2019autres parties du corps, comme le bassin ou l\u2019abdomen. Le traitement du cancer de l\u2019ovaire implique souvent l\u2019ablation chirurgicale des tumeurs, la chimioth\u00e9rapie et\/ou la radioth\u00e9rapie.  <\/p>\n<p>Environ 7 500 femmes au Royaume-Uni sont diagnostiqu\u00e9es d\u2019un cancer de l\u2019ovaire et 4 100 femmes d\u00e9c\u00e8dent chaque ann\u00e9e.  <\/p>\n<h2>Les ovaires<\/h2>\n<p><a href=\"https:\/\/www.therocatest.co.uk\/assets\/ovaries.jpg\"><img loading=\"lazy\" decoding=\"async\" class=\"alignright wp-image-1063 size-medium\" src=\"https:\/\/www.therocatest.co.uk\/assets\/ovaries-300x214.jpg\" alt=\"Ovaires et illustration du syst\u00e8me reproducteur f\u00e9minin\" width=\"300\" height=\"214\" srcset=\"https:\/\/www.therocatest.co.uk\/assets\/ovaries-300x214.jpg 300w, https:\/\/www.therocatest.co.uk\/assets\/ovaries-600x427.jpg 600w, https:\/\/www.therocatest.co.uk\/assets\/ovaries-100x71.jpg 100w, https:\/\/www.therocatest.co.uk\/assets\/ovaries.jpg 900w\" sizes=\"(max-width: 300px) 100vw, 300px\" \/><\/a><\/p>\n<p style=\"font-weight: 400;\">Les ovaires sont une paire d\u2019organes situ\u00e9s dans le bassin d\u2019une femme \u2013 la zone situ\u00e9e entre les hanches dans la partie inf\u00e9rieure de l\u2019abdomen. Elles ont chacune \u00e0 peu pr\u00e8s la taille et la forme d\u2019une amande, et font partie du syst\u00e8me reproducteur f\u00e9minin. Les ovaires produisent des ovules et des hormones f\u00e9minines.  <\/p>\n<h2>Sympt\u00f4mes du cancer de l\u2019ovaire<\/h2>\n<p>Les sympt\u00f4mes du cancer de l\u2019ovaire peuvent \u00eatre difficiles \u00e0 reconna\u00eetre, en particulier \u00e0 ses premiers stades. Cela s\u2019explique par le fait que les sympt\u00f4mes sont similaires \u00e0 ceux d\u2019autres affections moins graves, telles que le syndrome du c\u00f4lon irritable (SII) ou le syndrome pr\u00e9menstruel (SPM). <\/p>\n<p>Cependant, les sympt\u00f4mes les plus fr\u00e9quemment rapport\u00e9s chez les femmes diagnostiqu\u00e9es avec un cancer de l\u2019ovaire sont :<\/p>\n<ul>\n<li>Augmentation de la taille abdominale et ballonnements persistants<\/li>\n<li>Douleurs pelviennes et abdominales persistantes<\/li>\n<li>Difficult\u00e9 \u00e0 manger et \u00e0 se sentir rassasi\u00e9 rapidement, ou naus\u00e9e<\/li>\n<\/ul>\n<p>D\u2019autres sympt\u00f4mes incluent des douleurs dorsales, des saignements inexpliqu\u00e9s, la n\u00e9cessit\u00e9 d\u2019uriner plus fr\u00e9quemment que d\u2019habitude, des douleurs lors des rapports sexuels, de la constipation et de la fatigue.<\/p>\n<p>Si vous remarquez l\u2019un de ces sympt\u00f4mes pendant deux semaines ou plus, vous devriez consulter votre m\u00e9decin pour une \u00e9valuation. Plus le cancer de l\u2019ovaire sera d\u00e9tect\u00e9 et trait\u00e9 rapidement, meilleures seront les chances de gu\u00e9rison. <\/p>\n<h2>Risque de d\u00e9velopper un cancer de l\u2019ovaire<\/h2>\n<p>1 femme sur 52 sera diagnostiqu\u00e9e d\u2019un cancer de l\u2019ovaire au cours de sa vie. Cependant, certains facteurs peuvent encore augmenter ce risque : <\/p>\n<ul>\n<li>Vieillissement<\/li>\n<li>Porter une mutation dans le BRCA 1 ou 2<\/li>\n<li>Avoir des ant\u00e9c\u00e9dents familiaux connus de cancer de l\u2019ovaire et\/ou du sein<\/li>\n<li>D\u2019origine juive ashk\u00e9naze avec des ant\u00e9c\u00e9dents familiaux connus de cancer de l\u2019ovaire ou du sein<\/li>\n<\/ul>\n<h2>Importance de la d\u00e9tection pr\u00e9coce<\/h2>\n<p>Un d\u00e9pistage pr\u00e9coce du cancer de l\u2019ovaire signifie une survie plus longue<\/p>\n<p style=\"font-weight: 400;\">Si le cancer de l\u2019ovaire est diagnostiqu\u00e9 au plus t\u00f4t stade, alors qu\u2019il est encore confin\u00e9 \u00e0 un seul ovaire, alors jusqu\u2019\u00e0 9 femmes sur 10 seront encore en vie 5 ans plus tard. Cependant, seulement un tiers des femmes atteintes d\u2019un cancer de l\u2019ovaire sont diagnostiqu\u00e9es \u00e0 un stade pr\u00e9coce.1 <\/p>\n<p style=\"font-weight: 400;\">Malheureusement, de nombreux cancers de l\u2019ovaire sont diagnostiqu\u00e9s \u00e0 un stade avanc\u00e9. Cela signifie que de nombreuses femmes ne seront pas trait\u00e9es suffisamment t\u00f4t et que leurs options de traitement peuvent \u00eatre plus limit\u00e9es. <\/p>\n<p style=\"text-align: center;\">Taux de survie par stade<\/p>\n<p><a href=\"https:\/\/www.therocatest.co.uk\/assets\/SurvivalbyStage.png\"><img loading=\"lazy\" decoding=\"async\" class=\"aligncenter wp-image-1063\" src=\"https:\/\/www.therocatest.co.uk\/assets\/SurvivalbyStage.png\" alt=\"Survie au cancer de l\u2019ovaire\" width=\"600\" height=\"427\"><\/a><\/p>\n<div id=\"accordion-useful-links\" class=\"accordion\"><a class=\"accordion-label\" href=\"#useful-links\">Useful Links<\/a><div class=\"accordion-content\"><\/p>\n<p><a href=\"https:\/\/www.cancerresearchuk.org\/about-cancer\/ovarian-cancer\">https:\/\/www.cancerresearchuk.org\/about-cancer\/ovarian-cancer<\/a> Derni\u00e8re consultation avril 2026<\/p>\n<p style=\"font-weight: 400;\"><a href=\"https:\/\/www.nhs.uk\/conditions\/ovarian-cancer\/.\">https:\/\/www.nhs.uk\/conditions\/ovarian-cancer\/.<\/a>  Derni\u00e8re consultation en avril 2026.<\/p>\n<p><a href=\"https:\/\/www.cancerresearchuk.org\/health-professional\/cancer-statistics\/statistics-by-cancer-type\/ovarian-cancer\/risk-factors#heading-Zero\">https:\/\/www.cancerresearchuk.org\/health-professional\/cancer-statistics\/statistics-by-cancer-type\/ovarian-cancer\/risk-factors#heading-Zero<\/a> Derni\u00e8re consultation en octobre 2022.<\/p>\n<p><a href=\"http:\/\/www.nhs.uk\/Conditions\/Cancer-of-the-ovary\/Pages\/Symptoms.aspx\">http:\/\/www.nhs.uk\/Conditions\/Cancer-of-the-ovary\/Pages\/Symptoms.aspx<\/a>. Derni\u00e8re consultation en octobre 2022. <\/p>\n<p><\/div><\/div>\n<h2 style=\"text-align: center;\"><strong>Questions fr\u00e9quemment pos\u00e9es<\/strong><\/h2>\n<div id=\"accordion-what-is-my-chance-of-getting-ovarian-cancer\" class=\"accordion\"><a class=\"accordion-label\" href=\"#what-is-my-chance-of-getting-ovarian-cancer\">What is my chance of getting ovarian cancer?<\/a><div class=\"accordion-content\"><\/p>\n<p>Certains facteurs peuvent augmenter votre risque de cancer de l\u2019ovaire :<\/p>\n<p>Si vous avez plus de 50 ans et que vous avez travers\u00e9 la m\u00e9nopause<\/p>\n<p>Si vous avez l\u2019un des \u00e9l\u00e9ments suivants :<\/p>\n<p>Une mutation connue dans les g\u00e8nes BRCA1, BRCA2 et\/ou syndrome de Lynch<\/p>\n<p>Ant\u00e9c\u00e9dents familiaux connus de cancer de l\u2019ovaire et\/ou du sein<\/p>\n<p>Parents d\u2019origine juive ashk\u00e9naze avec ant\u00e9c\u00e9dents familiaux de cancer de l\u2019ovaire ou du sein<\/p>\n<p>Avoir un ou plusieurs de ces facteurs de risque ne signifie pas que vous d\u00e9velopperez un cancer de l\u2019ovaire. La chose la plus importante \u00e0 faire est de surveiller les premiers sympt\u00f4mes et d\u2019en parler \u00e0 votre m\u00e9decin si vous \u00eates inquiet. <\/p>\n<p><\/div><\/div>\n<div id=\"accordion-is-ovarian-cancer-hereditary\" class=\"accordion\"><a class=\"accordion-label\" href=\"#is-ovarian-cancer-hereditary\">Is ovarian cancer hereditary?<\/a><div class=\"accordion-content\"><\/p>\n<p>Bien que la majorit\u00e9 des cancers de l\u2019ovaire ne soient pas h\u00e9r\u00e9ditaires, environ 20 \u00e0 25 % des femmes diagnostiqu\u00e9es avec un cancer de l\u2019ovaire ont une tendance h\u00e9r\u00e9ditaire \u00e0 d\u00e9velopper cette maladie. Si vous avez des proches atteints d\u2019un cancer du sein et\/ou de l\u2019ovaire, vous pourriez \u00eatre plus \u00e0 risque de d\u00e9velopper un cancer de l\u2019ovaire. <\/p>\n<p>Dans certains cas, cela peut \u00eatre d\u00fb \u00e0 une mutation h\u00e9r\u00e9ditaire du g\u00e8ne BRCA1 et\/ou BRCA2. Ces g\u00e8nes sont pr\u00e9sents chez tout le monde, mais chez certaines personnes, ils peuvent appara\u00eetre sous une forme diff\u00e9rente, ce qui peut augmenter le risque de cancer du sein et\/ou de l\u2019ovaire. <\/p>\n<p>Votre m\u00e9decin pourra \u00e9valuer vos ant\u00e9c\u00e9dents m\u00e9dicaux et familiaux personnels et vous conseiller sur votre propre risque \u00e0 vie de cancer de l\u2019ovaire.<\/p>\n<p><\/div><\/div><p><\/p>","protected":false},"excerpt":{"rendered":"<p>Le cancer de l\u2019ovaire est une maladie qui survient lorsque des cellules anormales des ovaires se d\u00e9veloppent \u00e0 un rythme incontr\u00f4lable et forment une masse&#8230;<\/p>\n","protected":false},"author":42,"featured_media":0,"parent":3098,"menu_order":1,"comment_status":"closed","ping_status":"closed","template":"","meta":{"_acf_changed":false,"_eb_attr":"","footnotes":""},"class_list":["post-3349","page","type-page","status-publish","hentry"],"acf":[],"_links":{"self":[{"href":"https:\/\/www.therocatest.co.uk\/fr\/wp-json\/wp\/v2\/pages\/3349"}],"collection":[{"href":"https:\/\/www.therocatest.co.uk\/fr\/wp-json\/wp\/v2\/pages"}],"about":[{"href":"https:\/\/www.therocatest.co.uk\/fr\/wp-json\/wp\/v2\/types\/page"}],"author":[{"embeddable":true,"href":"https:\/\/www.therocatest.co.uk\/fr\/wp-json\/wp\/v2\/users\/42"}],"replies":[{"embeddable":true,"href":"https:\/\/www.therocatest.co.uk\/fr\/wp-json\/wp\/v2\/comments?post=3349"}],"version-history":[{"count":2,"href":"https:\/\/www.therocatest.co.uk\/fr\/wp-json\/wp\/v2\/pages\/3349\/revisions"}],"predecessor-version":[{"id":3797,"href":"https:\/\/www.therocatest.co.uk\/fr\/wp-json\/wp\/v2\/pages\/3349\/revisions\/3797"}],"up":[{"embeddable":true,"href":"https:\/\/www.therocatest.co.uk\/fr\/wp-json\/wp\/v2\/pages\/3098"}],"wp:attachment":[{"href":"https:\/\/www.therocatest.co.uk\/fr\/wp-json\/wp\/v2\/media?parent=3349"}],"curies":[{"name":"wp","href":"https:\/\/api.w.org\/{rel}","templated":true}]}}