{"id":3032,"date":"2023-04-28T09:59:14","date_gmt":"2023-04-28T08:59:14","guid":{"rendered":"https:\/\/www.therocatest.co.uk\/roca-care\/"},"modified":"2026-05-11T11:21:53","modified_gmt":"2026-05-11T10:21:53","slug":"roca-care","status":"publish","type":"page","link":"https:\/\/www.therocatest.co.uk\/it\/per-i-pazienti\/roca-care\/","title":{"rendered":"Il Test ROCA"},"content":{"rendered":"<h3 class=\"wp-block-heading\">Perch\u00e9 il test ROC?<\/h3><p>Se hai una modifica in uno dei geni BRCA (BRCA1 o BRCA2), la chirurgia preventiva (rimozione sia delle ovaie che delle tube di Falloppio) \u00e8 la prima opzione raccomandata per ridurre il rischio di sviluppare un cancro ovarico.<\/p><p>Tuttavia, potresti decidere di posticipare tale intervento, per completare la tua famiglia o per evitare una menopausa precoce. In tali casi, la sorveglianza tramite il test ROCA pu\u00f2 essere un&#8217;opzione utile. <\/p><p><em><strong>*<\/strong>Al primo momento dopo aver appreso di portare un&#8217;alterazione in uno dei geni BRCA, dovresti chiedere consiglio e informarti sulle opzioni per ridurre al minimo il rischio di tumore ovarico in fase avanzata.<\/em><\/p><p class=\"MsoNormal\" style=\"margin: 0cm 0cm 8pt; line-height: 18.4px; font-size: medium; font-family: Aptos, sans-serif; white-space: normal;\"><\/p><h3 class=\"wp-block-heading\"><\/h3><p>Il test ROCA \u00e8 l&#8217;unico test per la sorveglianza con accuratezza dimostrata, come valutato dal National Institute for Health and Care <a href=\"https:\/\/www.nice.org.uk\/guidance\/NG241\"><ins>Excellence (NICE)<\/ins><\/a> (CG241).<\/p><p>Con la sicurezza del paziente al centro dell&#8217;attenzione, la sorveglianza tramite il test ROCA sotto la guida di un clinico ti offre supporto con l&#8217;opportunit\u00e0 di <s><del>rivedere spesso<\/del><\/s> la necessit\u00e0 di interventi chirurgici preventivi a seconda della tua et\u00e0, della modifica specifica del BRCA, della pianificazione familiare e di altri fattori.<\/p><h3 class=\"wp-block-heading\">Il percorso del test ROCA<\/h3><p>  La sorveglianza tramite il Test ROCA richiede esami del sangue ogni quattro mesi. Alla tua prima visita in clinica, probabilmente avrai una consulenza con un clinico esperto che valuter\u00e0 la tua situazione personale, ti consiglier\u00e0 sulla tua idoneit\u00e0 al test ROCA e ti spiegher\u00e0 i suoi vantaggi e limiti. <\/p><p>Il test ROCA NON dovrebbe essere utilizzato come alternativa alla chirurgia preventiva. Solo se non puoi sottoportarti o hai deciso di rimandare la chirurgia preventiva dovresti considerare il test ROCA. <\/p><div class=\"wp-block-columns is-layout-flex wp-container-core-columns-is-layout-2 wp-block-columns-is-layout-flex\"><div class=\"wp-block-column is-layout-flow wp-block-column-is-layout-flow\" style=\"flex-basis:100%\"><div class=\"wp-block-columns is-layout-flex wp-container-core-columns-is-layout-1 wp-block-columns-is-layout-flex\"><div class=\"wp-block-column is-layout-flow wp-block-column-is-layout-flow\"><hr class=\"wp-block-separator has-alpha-channel-opacity is-style-default\"\/><\/div><\/div><\/div><\/div><h3 class=\"wp-block-heading\">Domande Frequenti<\/h3><div id=\"accordion-how-is-the-roca-test-different-from-the-ca-125-blood-test\" class=\"accordion\"><a class=\"accordion-label\" href=\"#how-is-the-roca-test-different-from-the-ca-125-blood-test\">How is the ROCA Test different from the CA-125 blood test?<\/a><div class=\"accordion-content\"><\/p>\n<p>A: The ROCA Test is the only test for surveillance with demonstrated accuracy, as assessed by <a href=\"https:\/\/www.nice.org.uk\/guidance\/NG241\">NICE (CG241)<\/a> and uses your CA-125 measurements, establishing your baseline levels of CA-125 with other parameters such as age to reveal an individualized profile of change over time rather than relying on a single C<\/p>\n<p>A-125 fixed cut-off value.<\/p>\n<p><\/div><\/div><div id=\"accordion-how-often-should-i-have-the-roca-test\" class=\"accordion\"><a class=\"accordion-label\" href=\"#how-often-should-i-have-the-roca-test\">How often should I have the ROCA Test?<\/a><div class=\"accordion-content\"><\/p>\n<p>A: It is recommended that you have a ROCA test 3 times a year. If your results are not Normal, your clinician may recommend a repeat ROCA Test within the next six weeks. You may also be referred for a transvaginal ultrasound (TVUS) scan of your ovaries or other clinical assessment determined by your clinician.<\/p>\n<p><\/div><\/div><p class=\"has-text-align-center\"><\/p><p><\/p>","protected":false},"excerpt":{"rendered":"<p>Perch\u00e9 il test ROC? Se hai una modifica in uno dei geni BRCA (BRCA1 o BRCA2), la chirurgia preventiva (rimozione sia delle ovaie che delle&#8230;<\/p>\n","protected":false},"author":42,"featured_media":0,"parent":3094,"menu_order":1,"comment_status":"closed","ping_status":"closed","template":"","meta":{"_acf_changed":false,"_eb_attr":"","footnotes":""},"class_list":["post-3032","page","type-page","status-publish","hentry"],"acf":[],"_links":{"self":[{"href":"https:\/\/www.therocatest.co.uk\/it\/wp-json\/wp\/v2\/pages\/3032"}],"collection":[{"href":"https:\/\/www.therocatest.co.uk\/it\/wp-json\/wp\/v2\/pages"}],"about":[{"href":"https:\/\/www.therocatest.co.uk\/it\/wp-json\/wp\/v2\/types\/page"}],"author":[{"embeddable":true,"href":"https:\/\/www.therocatest.co.uk\/it\/wp-json\/wp\/v2\/users\/42"}],"replies":[{"embeddable":true,"href":"https:\/\/www.therocatest.co.uk\/it\/wp-json\/wp\/v2\/comments?post=3032"}],"version-history":[{"count":3,"href":"https:\/\/www.therocatest.co.uk\/it\/wp-json\/wp\/v2\/pages\/3032\/revisions"}],"predecessor-version":[{"id":3766,"href":"https:\/\/www.therocatest.co.uk\/it\/wp-json\/wp\/v2\/pages\/3032\/revisions\/3766"}],"up":[{"embeddable":true,"href":"https:\/\/www.therocatest.co.uk\/it\/wp-json\/wp\/v2\/pages\/3094"}],"wp:attachment":[{"href":"https:\/\/www.therocatest.co.uk\/it\/wp-json\/wp\/v2\/media?parent=3032"}],"curies":[{"name":"wp","href":"https:\/\/api.w.org\/{rel}","templated":true}]}}