{"id":3056,"date":"2023-04-28T09:38:59","date_gmt":"2023-04-28T08:38:59","guid":{"rendered":"https:\/\/www.therocatest.co.uk\/percorso-del-paziente\/"},"modified":"2026-05-11T11:21:34","modified_gmt":"2026-05-11T10:21:34","slug":"percorso-del-paziente","status":"publish","type":"page","link":"https:\/\/www.therocatest.co.uk\/it\/per-i-pazienti\/percorso-del-paziente\/","title":{"rendered":"Percorso del paziente"},"content":{"rendered":"<p>Se sei una donna interessata al test ROCA, \u00e8 importante che tu comprenda appieno il percorso.<\/p><p>La scaletta qui sotto descrive cosa \u00e8 coinvolto. Se hai domande sui nostri servizi, contatta il nostro team esperto che sar\u00e0 lieto di aiutarti. <\/p><div class=\"wp-block-image\"><figure class=\"alignleft is-resized\"><img loading=\"lazy\" decoding=\"async\" width=\"300\" height=\"185\" src=\"https:\/\/www.therocatest.co.uk\/assets\/step1-300x185.png\" alt=\"\" class=\"wp-image-2483\" style=\"width:150px;height:93px\" srcset=\"https:\/\/www.therocatest.co.uk\/assets\/step1-300x185.png 300w, https:\/\/www.therocatest.co.uk\/assets\/step1-600x369.png 600w, https:\/\/www.therocatest.co.uk\/assets\/step1-768x473.png 768w, https:\/\/www.therocatest.co.uk\/assets\/step1-100x62.png 100w, https:\/\/www.therocatest.co.uk\/assets\/step1.png 786w\" sizes=\"(max-width: 300px) 100vw, 300px\" \/><\/figure><\/div><p><strong>Passo 1: Contattaci<\/strong><\/p><p>Il primo passo \u00e8 contattare uno dei <a href=\"https:\/\/www.therocatest.co.uk\/it\/?page_id=3032#clinicians\">nostri clinici <\/a>verificati che offre il test ROCA e potr\u00e0 condividere maggiori dettagli o prenotare una prima consulenza.<\/p><div style=\"height:50px\" aria-hidden=\"true\" class=\"wp-block-spacer\"><\/div><div class=\"wp-block-image\"><figure class=\"alignleft is-resized\"><img loading=\"lazy\" decoding=\"async\" width=\"300\" height=\"242\" src=\"https:\/\/www.therocatest.co.uk\/assets\/step2-300x242.png\" alt=\"\" class=\"wp-image-2484\" style=\"width:150px;height:121px\" srcset=\"https:\/\/www.therocatest.co.uk\/assets\/step2-300x242.png 300w, https:\/\/www.therocatest.co.uk\/assets\/step2-600x483.png 600w, https:\/\/www.therocatest.co.uk\/assets\/step2-100x81.png 100w, https:\/\/www.therocatest.co.uk\/assets\/step2.png 734w\" sizes=\"(max-width: 300px) 100vw, 300px\" \/><\/figure><\/div><p><strong>Passo 2: La consulenza iniziale<\/strong><\/p><p>Durante la consulenza, il tuo medico potr\u00e0 valutare se il test ROCA \u00e8 un&#8217;opzione adatta per te e, una volta accettato, potrai firmare il modulo di consenso. Il medico prelever\u00e0 un primo prelievo di sangue, oppure pu\u00f2 prenotarti per una data successiva. <\/p><div style=\"height:50px\" aria-hidden=\"true\" class=\"wp-block-spacer\"><\/div><div class=\"wp-block-image\"><figure class=\"alignleft is-resized\"><img loading=\"lazy\" decoding=\"async\" width=\"264\" height=\"300\" src=\"https:\/\/www.therocatest.co.uk\/assets\/step3-264x300.png\" alt=\"\" class=\"wp-image-2485\" style=\"width:132px;height:150px\" srcset=\"https:\/\/www.therocatest.co.uk\/assets\/step3-264x300.png 264w, https:\/\/www.therocatest.co.uk\/assets\/step3-600x681.png 600w, https:\/\/www.therocatest.co.uk\/assets\/step3-100x113.png 100w, https:\/\/www.therocatest.co.uk\/assets\/step3.png 683w\" sizes=\"(max-width: 264px) 100vw, 264px\" \/><\/figure><\/div><p><strong>Passo 3: Analisi del campione di sangue  <\/strong><\/p><p>Il tuo campione di sangue verr\u00e0 inviato a un laboratorio approvato e verr\u00e0 misurato il livello di un marcatore tumorale.<\/p><div style=\"height:50px\" aria-hidden=\"true\" class=\"wp-block-spacer\"><\/div><div class=\"wp-block-image\"><figure class=\"alignleft is-resized\"><img loading=\"lazy\" decoding=\"async\" width=\"229\" height=\"300\" src=\"https:\/\/www.therocatest.co.uk\/assets\/step4-229x300.png\" alt=\"\" class=\"wp-image-2486\" style=\"width:115px;height:150px\" srcset=\"https:\/\/www.therocatest.co.uk\/assets\/step4-229x300.png 229w, https:\/\/www.therocatest.co.uk\/assets\/step4-100x131.png 100w, https:\/\/www.therocatest.co.uk\/assets\/step4.png 579w\" sizes=\"(max-width: 229px) 100vw, 229px\" \/><\/figure><\/div><p><strong>Passo 4: Generare il rischio ROCA di cancro ovarico  <\/strong><\/p><p>I risultati del laboratorio, insieme alla tua et\u00e0 e allo stato menopausale, verranno poi utilizzati per determinare il tuo rischio personale di sviluppare un cancro ovarico. Il tuo clinico ricever\u00e0 un rapporto entro 7 giorni. <\/p><div style=\"height:50px\" aria-hidden=\"true\" class=\"wp-block-spacer\"><\/div><div class=\"wp-block-image\"><figure class=\"alignleft is-resized\"><img loading=\"lazy\" decoding=\"async\" width=\"228\" height=\"300\" src=\"https:\/\/www.therocatest.co.uk\/assets\/step5-228x300.png\" alt=\"\" class=\"wp-image-2487\" style=\"width:114px;height:150px\" srcset=\"https:\/\/www.therocatest.co.uk\/assets\/step5-228x300.png 228w, https:\/\/www.therocatest.co.uk\/assets\/step5-600x790.png 600w, https:\/\/www.therocatest.co.uk\/assets\/step5-100x132.png 100w, https:\/\/www.therocatest.co.uk\/assets\/step5.png 645w\" sizes=\"(max-width: 228px) 100vw, 228px\" \/><\/figure><\/div><p><strong>Passo 5: Prossimi passi<\/strong><\/p><p>In base ai risultati del tuo test ROC, il tuo clinico probabilmente consiglier\u00e0 una delle tre opzioni:<\/p><div style=\"height:\" aria-hidden=\"true\" class=\"wp-block-spacer\"><\/div><p><strong>Normale<\/strong>: Il prossimo test sar\u00e0 programmato tra 4 mesi.<\/p><p><strong>Intermedio<\/strong>: Un test ROCA di ripetizione dovrebbe essere programmato tra sei settimane<\/p><p><strong>Elevato:<\/strong> Un test ROCA ripetuto, con un&#8217;ecografia delle ovaie, dovrebbe essere programmato entro sei settimane<\/p><div style=\"height:70px\" aria-hidden=\"true\" class=\"wp-block-spacer\"><\/div><h2 class=\"wp-block-heading has-text-align-center\"><\/h2><p class=\"has-text-align-center\"><\/p><div class=\"wp-block-buttons is-content-justification-center is-layout-flex wp-container-core-buttons-is-layout-1 wp-block-buttons-is-layout-flex\"><div class=\"wp-block-button\"><a class=\"wp-block-button__link has-text-color has-background wp-element-button\" href=\"https:\/\/www.therocatest.co.uk\/it\/?page_id=3032\" style=\"color:#3d3d3d;background:linear-gradient(135deg,rgb(184,209,97) 0%,rgb(154,209,202) 100%)\">Scopri di pi\u00f9 qui<\/a><\/div><\/div><div style=\"height:100px\" aria-hidden=\"true\" class=\"wp-block-spacer\"><\/div><h2 class=\"wp-block-heading has-text-align-center\">Domande Frequenti<\/h2><div id=\"accordion-how-do-i-know-if-i-am-eligible-for-the-roca-test\" class=\"accordion\"><a class=\"accordion-label\" href=\"#how-do-i-know-if-i-am-eligible-for-the-roca-test\">How do I know if I am eligible for the ROCA Test?<\/a><div class=\"accordion-content\"><\/p>\n<p>You may be eligible for the ROCA Test if you are between 35 and 83 years with a known alteration in the BRCA1 or BRCA2 genes.  You should talk with your doctor about whether the test is right for you.<\/p>\n<p><\/div><\/div>\n<div id=\"accordion-how-do-i-know-if-i-have-a-family-history-of-ovarian-andor-breast-cancer\" class=\"accordion\"><a class=\"accordion-label\" href=\"#how-do-i-know-if-i-have-a-family-history-of-ovarian-andor-breast-cancer\">How do I know if I have a family history of ovarian and\/or breast cancer?<\/a><div class=\"accordion-content\"><\/p>\n<p>If one or more members of your family have had ovarian and\/or breast cancer (including male breast cancer), you may wish to seek expert advice about your own risk of developing ovarian cancer. Expert clinicians will gather information from you about your family history, as well as other factors such as your age and ethnic background. The clinician may recommend that you have a BRCA test.<\/p>\n<p><\/div><\/div>\n<div id=\"accordion-i-have-tested-positive-for-a-brca-gene-alteration-and-have-been-recommended-to-have-my-ovaries-removed-%e2%80%93-should-i-have-the-roca-test-instead\" class=\"accordion\"><a class=\"accordion-label\" href=\"#i-have-tested-positive-for-a-brca-gene-alteration-and-have-been-recommended-to-have-my-ovaries-removed-%e2%80%93-should-i-have-the-roca-test-instead\">I have tested positive for a BRCA gene alteration and have been recommended to have my ovaries removed \u2013 should I have the ROCA Test instead?<\/a><div class=\"accordion-content\"><\/p>\n<p>Removal of the ovaries and fallopian tubes is the recommended option for women with a BRCA gene alteration. The ROCA Test should only be considered as a short term option until a woman is ready to undertake surgery to remove her ovaries and fallopian tubes. We recommend you consult one of our expert clinicians if you wish to explore your options.<\/p>\n<p><\/div><\/div><p class=\"has-text-align-center\"><\/p>","protected":false},"excerpt":{"rendered":"<p>Se sei una donna interessata al test ROCA, \u00e8 importante che tu comprenda appieno il percorso. La scaletta qui sotto descrive cosa \u00e8 coinvolto. Se&#8230;<\/p>\n","protected":false},"author":42,"featured_media":0,"parent":3094,"menu_order":1,"comment_status":"closed","ping_status":"closed","template":"","meta":{"_acf_changed":false,"_eb_attr":"","footnotes":""},"class_list":["post-3056","page","type-page","status-publish","hentry"],"acf":[],"_links":{"self":[{"href":"https:\/\/www.therocatest.co.uk\/it\/wp-json\/wp\/v2\/pages\/3056"}],"collection":[{"href":"https:\/\/www.therocatest.co.uk\/it\/wp-json\/wp\/v2\/pages"}],"about":[{"href":"https:\/\/www.therocatest.co.uk\/it\/wp-json\/wp\/v2\/types\/page"}],"author":[{"embeddable":true,"href":"https:\/\/www.therocatest.co.uk\/it\/wp-json\/wp\/v2\/users\/42"}],"replies":[{"embeddable":true,"href":"https:\/\/www.therocatest.co.uk\/it\/wp-json\/wp\/v2\/comments?post=3056"}],"version-history":[{"count":3,"href":"https:\/\/www.therocatest.co.uk\/it\/wp-json\/wp\/v2\/pages\/3056\/revisions"}],"predecessor-version":[{"id":3760,"href":"https:\/\/www.therocatest.co.uk\/it\/wp-json\/wp\/v2\/pages\/3056\/revisions\/3760"}],"up":[{"embeddable":true,"href":"https:\/\/www.therocatest.co.uk\/it\/wp-json\/wp\/v2\/pages\/3094"}],"wp:attachment":[{"href":"https:\/\/www.therocatest.co.uk\/it\/wp-json\/wp\/v2\/media?parent=3056"}],"curies":[{"name":"wp","href":"https:\/\/api.w.org\/{rel}","templated":true}]}}