{"id":3130,"date":"2023-04-28T10:04:43","date_gmt":"2023-04-28T09:04:43","guid":{"rendered":"https:\/\/www.therocatest.co.uk\/per-i-pazienti\/cose-il-brca\/"},"modified":"2026-05-11T11:20:40","modified_gmt":"2026-05-11T10:20:40","slug":"cose-il-brca","status":"publish","type":"page","link":"https:\/\/www.therocatest.co.uk\/it\/per-i-pazienti\/cose-il-brca\/","title":{"rendered":"Cos&#8217;\u00e8 il BRCA?"},"content":{"rendered":"<p>I geni BRCA 1 e 2 sono presenti in tutti, ma in alcune persone possono essere alterati. Queste alterazioni possono aumentare il rischio di sviluppare un cancro al seno e\/o ovarico. Le donne che portano un&#8217;alterazione dei geni BRCA1 o BRCA 2 hanno rispettivamente un rischio a vita fino al 44% e al 17% di sviluppare un cancro ovarico.  <\/p><p>Se risulti positivo a un&#8217;alterazione genetica BRCA 1 o 2, il modo pi\u00f9 efficace per ridurre il rischio di cancro ovarico \u00e8 sottoporsi a un intervento chirurgico preventivo. Questo intervento \u00e8 spesso chiamato salpingo-ooforectomia bilaterale riducente del rischio (RR-BSO), durante la quale vengono completamente rimossi sia ovaie che tube di Falloppio. <\/p><p>Per molte donne, la decisione di sottoporsi a un intervento preventivo \u00e8 difficile, soprattutto se scopri di avere un&#8217;alterazione genetica BRCA prima di aver completato una famiglia. Qualsiasi donna sottoposta a questo intervento non potrebbe avere figli e vivrebbe una menopausa precoce.   <\/p><div style=\"height:80px\" aria-hidden=\"true\" class=\"wp-block-spacer\"><\/div><h2 class=\"wp-block-heading\">Trova supporto<\/h2><p>Sappiamo che ottenere una diagnosi BRCA 1 o 2 pu\u00f2 essere molto difficile. C&#8217;\u00e8 supporto e abbiamo elencato alcune delle incredibili associazioni benefiche e gruppi di supporto che potrebbero aiutarti e offrirti un supporto aggiuntivo. <\/p><p>\u2981 Per la prevenzione e la consapevolezza del cancro ovarico: <a href=\"https:\/\/eveappeal.org.uk\/\">l&#8217;appello EVE<\/a><\/p><p>\u2981 Supporto per BRCA e test genetici: <a href=\"https:\/\/brcachat.com\/\">BRCA Chat<\/a>, <a href=\"https:\/\/brcaumbrella.ning.com\/\">BRCA Umbrella<\/a><\/p><p>\u2981 Per il supporto al paziente: <a href=\"https:\/\/www.ovacome.org.uk\">Ovacome (Regno Unito);<\/a> <a href=\"https:\/\/targetovariancancer.org.uk\">Target Ovarian Cancer (Regno Unito);<\/a> <a href=\"https:\/\/ovarian.gynecancer.org\/en\/\">Olivia (UE)<\/a><\/p><p><\/p>","protected":false},"excerpt":{"rendered":"<p>I geni BRCA 1 e 2 sono presenti in tutti, ma in alcune persone possono essere alterati. Queste alterazioni possono aumentare il rischio di sviluppare&#8230;<\/p>\n","protected":false},"author":42,"featured_media":0,"parent":3094,"menu_order":1,"comment_status":"closed","ping_status":"closed","template":"","meta":{"_acf_changed":false,"_eb_attr":"","footnotes":""},"class_list":["post-3130","page","type-page","status-publish","hentry"],"acf":[],"_links":{"self":[{"href":"https:\/\/www.therocatest.co.uk\/it\/wp-json\/wp\/v2\/pages\/3130"}],"collection":[{"href":"https:\/\/www.therocatest.co.uk\/it\/wp-json\/wp\/v2\/pages"}],"about":[{"href":"https:\/\/www.therocatest.co.uk\/it\/wp-json\/wp\/v2\/types\/page"}],"author":[{"embeddable":true,"href":"https:\/\/www.therocatest.co.uk\/it\/wp-json\/wp\/v2\/users\/42"}],"replies":[{"embeddable":true,"href":"https:\/\/www.therocatest.co.uk\/it\/wp-json\/wp\/v2\/comments?post=3130"}],"version-history":[{"count":3,"href":"https:\/\/www.therocatest.co.uk\/it\/wp-json\/wp\/v2\/pages\/3130\/revisions"}],"predecessor-version":[{"id":3750,"href":"https:\/\/www.therocatest.co.uk\/it\/wp-json\/wp\/v2\/pages\/3130\/revisions\/3750"}],"up":[{"embeddable":true,"href":"https:\/\/www.therocatest.co.uk\/it\/wp-json\/wp\/v2\/pages\/3094"}],"wp:attachment":[{"href":"https:\/\/www.therocatest.co.uk\/it\/wp-json\/wp\/v2\/media?parent=3130"}],"curies":[{"name":"wp","href":"https:\/\/api.w.org\/{rel}","templated":true}]}}