{"id":3179,"date":"2024-03-26T11:19:45","date_gmt":"2024-03-26T11:19:45","guid":{"rendered":"https:\/\/www.therocatest.co.uk\/notizie-e-blog\/nice-supporta-il-test-roca\/"},"modified":"2026-05-11T11:22:10","modified_gmt":"2026-05-11T10:22:10","slug":"nice-supporta-il-test-roca","status":"publish","type":"page","link":"https:\/\/www.therocatest.co.uk\/it\/notizie-e-blog\/nice-supporta-il-test-roca\/","title":{"rendered":"NICE supporta il test ROCA"},"content":{"rendered":"<h3 class=\"wp-block-heading\">Nuove linee guida NICE per il cancro ovarico<\/h3><p><em>La sorveglianza tramite il test ROCA \u00e8 ora un&#8217;opzione per le persone ad alto rischio di cancro ovarico<\/em><\/p><p>Oxford, Regno Unito. GENinCode Plc (AIM: GENI), l&#8217;azienda di genetica predittiva focalizzata sulla prevenzione delle malattie cardiovascolari (&#8220;CVD&#8221;) e sul rischio di cancro ovarico (&#8220;OC&#8221;), annuncia che il suo test Risk of Ovarian Cancer Algorithm (&#8220;ROCA&#8221;) ha ricevuto una raccomandazione del National Institute for Health and Care Excellence (&#8220;NICE&#8221;) come test preferito per la sorveglianza del CO in individui ad alto rischio di cancro ovarico che non si sottopongono a interventi chirurgici di riduzione del rischio. La nuova guida NICE si concentra sull&#8217;identificazione e la gestione del rischio familiare e genetico di OC.  <\/p><p>Ogni anno nel Regno Unito, 7.500 donne vengono diagnosticate con OC e oltre la met\u00e0 di queste muore a causa della malattia. Il rischio di sviluppare OC \u00e8 particolarmente alto negli individui che ereditano una variante patogena nota in alcuni geni come BRCA1 o BRCA2. Si stima che fino a 170.000 persone nel Regno Unito possano essere portatori di una variante del gene BRCA. Identificare tali individui tramite test genetici permetter\u00e0 al NHS di mitigare meglio questo rischio attraverso la prevenzione e\/o la sorveglianza.   <\/p><p>La chirurgia preventiva per rimuovere sia ovaie che tube di Falloppio \u00e8 lo standard di cura, ma dove ci\u00f2 non \u00e8 possibile, o quando il paziente decide di rimandare l&#8217;intervento, il NICE ora raccomanda che le persone possano essere sorvegliate tramite il test ROC. Il comitato NICE ha esaminato vari protocolli di sorveglianza, come pubblicato nella letteratura peer-reviewed, e ha concluso che il test ROCA era il pi\u00f9 accurato con il miglior tasso di rilevamento per le fasi precedenti della OC (stadio IIIa o inferiore). La rilevazione dell&#8217;OC in una fase precoce \u00e8 associata a una prognosi e a un trattamento migliori.  <\/p><p>Il test ROCA utilizza un algoritmo proprietario per calcolare il rischio individuale di OC di una donna basandosi su diversi fattori clinici, tra cui l&#8217;et\u00e0 e l&#8217;accumulo dei risultati degli esami del sangue con l&#8217;Antigene Canceroso 125 (CA-125). La capacit\u00e0 del test ROCA di interpretare i cambiamenti nel livello CA-125 di un individuo nel tempo attraverso test a intervalli quattro mensili \u00e8 stata riconosciuta dal comitato NICE come un fattore importante per la sua accuratezza e la capacit\u00e0 di rilevare la CO pi\u00f9 precocemente. Inoltre, il comitato NICE ha riconosciuto le evidenze pubblicate secondo cui la sorveglianza tramite il test ROCA avrebbe un beneficio di risparmio per il NHS.  <\/p><p>Scopri di pi\u00f9 sulle Linee Guida NICE<\/p><a class=\"btn\" href=\"https:\/\/www.nice.org.uk\/guidance\/NG241\">Ecco<\/a>","protected":false},"excerpt":{"rendered":"<p>Nuove linee guida NICE per il cancro ovarico La sorveglianza tramite il test ROCA \u00e8 ora un&#8217;opzione per le persone ad alto rischio di cancro&#8230;<\/p>\n","protected":false},"author":178,"featured_media":0,"parent":3073,"menu_order":1,"comment_status":"closed","ping_status":"closed","template":"","meta":{"_acf_changed":false,"_eb_attr":"","footnotes":""},"class_list":["post-3179","page","type-page","status-publish","hentry"],"acf":[],"_links":{"self":[{"href":"https:\/\/www.therocatest.co.uk\/it\/wp-json\/wp\/v2\/pages\/3179"}],"collection":[{"href":"https:\/\/www.therocatest.co.uk\/it\/wp-json\/wp\/v2\/pages"}],"about":[{"href":"https:\/\/www.therocatest.co.uk\/it\/wp-json\/wp\/v2\/types\/page"}],"author":[{"embeddable":true,"href":"https:\/\/www.therocatest.co.uk\/it\/wp-json\/wp\/v2\/users\/178"}],"replies":[{"embeddable":true,"href":"https:\/\/www.therocatest.co.uk\/it\/wp-json\/wp\/v2\/comments?post=3179"}],"version-history":[{"count":3,"href":"https:\/\/www.therocatest.co.uk\/it\/wp-json\/wp\/v2\/pages\/3179\/revisions"}],"predecessor-version":[{"id":3773,"href":"https:\/\/www.therocatest.co.uk\/it\/wp-json\/wp\/v2\/pages\/3179\/revisions\/3773"}],"up":[{"embeddable":true,"href":"https:\/\/www.therocatest.co.uk\/it\/wp-json\/wp\/v2\/pages\/3073"}],"wp:attachment":[{"href":"https:\/\/www.therocatest.co.uk\/it\/wp-json\/wp\/v2\/media?parent=3179"}],"curies":[{"name":"wp","href":"https:\/\/api.w.org\/{rel}","templated":true}]}}