{"id":3263,"date":"2015-11-06T15:28:23","date_gmt":"2015-11-06T15:28:23","guid":{"rendered":"https:\/\/www.therocatest.co.uk\/faq-per-i-clinici-roca\/"},"modified":"2026-05-11T11:21:06","modified_gmt":"2026-05-11T10:21:06","slug":"faq-per-i-clinici-roca","status":"publish","type":"page","link":"https:\/\/www.therocatest.co.uk\/it\/per-i-clinici\/faq-per-i-clinici-roca\/","title":{"rendered":"FAQ per i clinici ROCA"},"content":{"rendered":"<div id=\"accordion-1-what-is-the-roca-test\" class=\"accordion\"><a class=\"accordion-label\" href=\"#1-what-is-the-roca-test\">1. What is the ROCA Test?<\/a><div class=\"accordion-content\"><\/p>\n<p>Il <a href=\"https:\/\/www.therocatest.co.uk\/it\/per-i-clinici\/about-roca\/\">test ROCA<\/a> \u00e8 un semplice esame del sangue che determina la probabilit\u00e0 che una donna abbia un cancro ovarico. Il test utilizza l&#8217;et\u00e0 della donna, lo stato menopausale, lo stato di rischio e le misurazioni seriali del sangue di CA-125 nel tempo per produrre un punteggio che indica la probabilit\u00e0 di sviluppare un cancro ovarico. <\/p>\n<p>\u00c8 l&#8217;unico test di sorveglianza del cancro ovarico approvato dal <a href=\"https:\/\/www.nice.org.uk\/guidance\/NG241\">NICE<\/a> e valutato in importanti studi clinici prospettici. Questi studi dimostrano che \u00e8 sensibile nel rilevare il cancro ovarico prima della manifestazione dei sintomi e pu\u00f2 rilevare una malattia in stadio pi\u00f9 precoce rispetto a una semplice sorveglianza. <\/p>\n<p>Il test ROCA \u00e8 destinato a donne tra i 35 e gli 83 anni che hanno una mutazione confermata nel gene BRCA1 o BRCA2.<\/p>\n<p><\/div><\/div>\n<div id=\"accordion-2-how-is-the-roca-test-different-from-the-standard-ca-125-test\" class=\"accordion\"><a class=\"accordion-label\" href=\"#2-how-is-the-roca-test-different-from-the-standard-ca-125-test\">2. How is the ROCA Test different from the standard CA-125 test?<\/a><div class=\"accordion-content\"><\/p>\n<p>Il test ROCA si differenzia da un CA-125 standard in quanto non utilizza un livello di soglia fisso di 35U\/ml, ma utilizza un metodo basato su algoritmi per valutare la rilevanza di qualsiasi cambiamento nel livello di base di CA125 al fine di prevedere il rischio di avere un tumore ovarico. L&#8217;algoritmo confronta il profilo seriale CA-125 di una donna con un database proprietario di profili CA-125 noti (con e senza cancro). Pi\u00f9 il profilo di una donna si correla con i profili noti del cancro ovarico, maggiore \u00e8 il suo rischio. L&#8217;algoritmo utilizza anche et\u00e0, stato menopausale e se una donna \u00e8 ad alto rischio di cancro ovarico come fattori. \u00c8 anche l&#8217;unico test per la sorveglianza con accuratezza dimostrata, come accertato dal <a href=\"https:\/\/www.nice.org.uk\/guidance\/NG241\">NICE (CG241).<\/a>    <\/p>\n<p><\/div><\/div>\n<div id=\"accordion-3-how-do-i-interpret-my-patients-roca-test-results\" class=\"accordion\"><a class=\"accordion-label\" href=\"#3-how-do-i-interpret-my-patients-roca-test-results\">3. How do I interpret my patient's ROCA Test results?<\/a><div class=\"accordion-content\"><\/p>\n<p>Il test ROCA riporta un punteggio numerico che rappresenta il rischio di una donna di sviluppare un cancro ovarico (ad esempio 1 su 3.000). Il punteggio di rischio \u00e8 classificato come Normale, Intermedio o Elevato e le raccomandazioni cliniche sono una guida per il follow-up clinico. <\/p>\n<p>Il test ROCA \u00e8 un test di prima linea e non dovrebbe essere utilizzato per indirizzare direttamente un paziente alla chirurgia. I risultati del test indirizzano il paziente a un test ROCA ripetuto o a un&#8217;ecografia transvaginale delle ovaie, i cui risultati vengono interpretati da una valutazione clinica esperta. <\/p>\n<p><\/div><\/div>\n<\/p>\n<p><strong><b><a href=\"https:\/\/www.therocatest.co.uk\/it\/?page_id=3018\">RISCHI E CONTROINDICAZIONI<\/a><\/b><\/strong><\/p><p><\/p>","protected":false},"excerpt":{"rendered":"<p>RISCHI E CONTROINDICAZIONI<\/p>\n","protected":false},"author":42,"featured_media":0,"parent":3324,"menu_order":2,"comment_status":"closed","ping_status":"closed","template":"","meta":{"_acf_changed":false,"_eb_attr":"","footnotes":""},"class_list":["post-3263","page","type-page","status-publish","hentry"],"acf":[],"_links":{"self":[{"href":"https:\/\/www.therocatest.co.uk\/it\/wp-json\/wp\/v2\/pages\/3263"}],"collection":[{"href":"https:\/\/www.therocatest.co.uk\/it\/wp-json\/wp\/v2\/pages"}],"about":[{"href":"https:\/\/www.therocatest.co.uk\/it\/wp-json\/wp\/v2\/types\/page"}],"author":[{"embeddable":true,"href":"https:\/\/www.therocatest.co.uk\/it\/wp-json\/wp\/v2\/users\/42"}],"replies":[{"embeddable":true,"href":"https:\/\/www.therocatest.co.uk\/it\/wp-json\/wp\/v2\/comments?post=3263"}],"version-history":[{"count":3,"href":"https:\/\/www.therocatest.co.uk\/it\/wp-json\/wp\/v2\/pages\/3263\/revisions"}],"predecessor-version":[{"id":3755,"href":"https:\/\/www.therocatest.co.uk\/it\/wp-json\/wp\/v2\/pages\/3263\/revisions\/3755"}],"up":[{"embeddable":true,"href":"https:\/\/www.therocatest.co.uk\/it\/wp-json\/wp\/v2\/pages\/3324"}],"wp:attachment":[{"href":"https:\/\/www.therocatest.co.uk\/it\/wp-json\/wp\/v2\/media?parent=3263"}],"curies":[{"name":"wp","href":"https:\/\/api.w.org\/{rel}","templated":true}]}}