{"id":3335,"date":"2015-11-06T15:28:23","date_gmt":"2015-11-06T15:28:23","guid":{"rendered":"https:\/\/www.therocatest.co.uk\/per-i-pazienti\/informazioni-sul-cancro-ovarico\/"},"modified":"2026-05-11T11:25:48","modified_gmt":"2026-05-11T10:25:48","slug":"informazioni-sul-cancro-ovarico","status":"publish","type":"page","link":"https:\/\/www.therocatest.co.uk\/it\/per-i-pazienti\/informazioni-sul-cancro-ovarico\/","title":{"rendered":"Informazioni sul cancro ovarico"},"content":{"rendered":"<h2> <\/h2>\n<p>Il cancro ovarico \u00e8 una malattia che si verifica quando cellule anomale nelle ovaie crescono a un ritmo incontrollabile e formano una massa di tessuto nota come tumore. Molti tipi di tumori possono iniziare nelle tube di Falloppio o in uno o entrambi le ovaie. <\/p>\n<p>Alcuni tumori non sono cancerosi (noti anche come &#8220;benigni&#8221;) e non si diffondono mai oltre le ovaie o le tube di Falloppio. Tuttavia, altri tumori possono essere cancerosi (&#8220;maligni&#8221;) e diffondersi ad altre parti del corpo, come il bacino o l&#8217;addome. Il trattamento del cancro ovarico spesso prevede la rimozione chirurgica dei tumori, chemioterapia e\/o radioterapia.  <\/p>\n<p>Circa 7.500 donne nel Regno Unito vengono diagnosticate con un cancro ovarico e 4.100 muoiono ogni anno.  <\/p>\n<h2>Le ovaie<\/h2>\n<p><a href=\"https:\/\/www.therocatest.co.uk\/assets\/ovaries.jpg\"><img loading=\"lazy\" decoding=\"async\" class=\"alignright wp-image-1063 size-medium\" src=\"https:\/\/www.therocatest.co.uk\/assets\/ovaries-300x214.jpg\" alt=\"Ovaie e illustrazione del sistema riproduttivo femminile\" width=\"300\" height=\"214\" srcset=\"https:\/\/www.therocatest.co.uk\/assets\/ovaries-300x214.jpg 300w, https:\/\/www.therocatest.co.uk\/assets\/ovaries-600x427.jpg 600w, https:\/\/www.therocatest.co.uk\/assets\/ovaries-100x71.jpg 100w, https:\/\/www.therocatest.co.uk\/assets\/ovaries.jpg 900w\" sizes=\"(max-width: 300px) 100vw, 300px\" \/><\/a><\/p>\n<p style=\"font-weight: 400;\">Le ovaie sono una coppia di organi situati nel bacino della donna &#8211; l&#8217;area tra i fianchi nella parte inferiore dell&#8217;addome. Ognuna ha circa la dimensione e la forma di una mandorla e costituisce parte del sistema riproduttivo femminile. Le ovaie producono ovuli e ormoni femminili.  <\/p>\n<h2>Sintomi del cancro ovarico<\/h2>\n<p>I sintomi del cancro ovarico possono essere difficili da riconoscere, soprattutto nelle sue fasi iniziali. Questo perch\u00e9 i sintomi sono simili a quelli di altre condizioni meno gravi, come la sindrome dell&#8217;intestino irritabile (IBS) o la sindrome premestruale (PMS). <\/p>\n<p>Tuttavia, i sintomi pi\u00f9 comunemente segnalati nelle donne con diagnosi di cancro ovarico sono:<\/p>\n<ul>\n<li>Aumento della dimensione addominale e gonfiore persistente<\/li>\n<li>Dolore pelvico e addominale persistente<\/li>\n<li>Difficolt\u00e0 a mangiare e sentirsi sazi rapidamente, oppure nausea<\/li>\n<\/ul>\n<p>Altri sintomi includono mal di schiena, sanguinamento inspiegabile, necessit\u00e0 di urinare pi\u00f9 frequentemente del solito, dolore durante i rapporti sessuali, stitichezza e stanchezza.<\/p>\n<p>Se noti uno di questi sintomi per due o pi\u00f9 settimane, dovresti consultare il tuo medico per una valutazione. Prima viene individuato e trattato il tumore ovarico, maggiori sono le possibilit\u00e0 di guarigione. <\/p>\n<h2>Rischio di sviluppare un tumore ovarico<\/h2>\n<p>1 donna su 52 ricever\u00e0 una diagnosi di cancro ovarico durante la vita. Tuttavia, ci sono alcuni fattori che possono aumentare ulteriormente questo rischio: <\/p>\n<ul>\n<li>Crescita dell&#8217;et\u00e0<\/li>\n<li>Portare una mutazione nel BRCA 1 o 2<\/li>\n<li>Avere una storia familiare nota di cancro ovarico e\/o al seno<\/li>\n<li>Di origine ebraica ashkenazita con una storia familiare nota di cancro ovarico o al seno<\/li>\n<\/ul>\n<h2>Importanza della Rilevazione Precoce<\/h2>\n<p>La diagnosi precoce del tumore ovarico significa una sopravvivenza pi\u00f9 lunga<\/p>\n<p style=\"font-weight: 400;\">Se il tumore ovarico viene diagnosticato nella fase pi\u00f9 precoce, quando \u00e8 ancora confinato a un ovaio, fino a 9 donne su 10 saranno ancora vive dopo 5 anni. Tuttavia, solo un terzo delle donne con cancro ovarico viene diagnosticato nelle fasi iniziali.1 <\/p>\n<p style=\"font-weight: 400;\">Purtroppo, molti tumori ovaricoli vengono diagnosticati in stadio avanzato. Ci\u00f2 significa che molte donne non verranno curate abbastanza presto e le loro opzioni di trattamento potrebbero essere pi\u00f9 limitate. <\/p>\n<p style=\"text-align: center;\">Tassi di sopravvivenza per stadio<\/p>\n<p><a href=\"https:\/\/www.therocatest.co.uk\/assets\/SurvivalbyStage.png\"><img loading=\"lazy\" decoding=\"async\" class=\"aligncenter wp-image-1063\" src=\"https:\/\/www.therocatest.co.uk\/assets\/SurvivalbyStage.png\" alt=\"Sopravvivenza al cancro ovarico\" width=\"600\" height=\"427\"><\/a><\/p>\n<div id=\"accordion-useful-links\" class=\"accordion\"><a class=\"accordion-label\" href=\"#useful-links\">Useful Links<\/a><div class=\"accordion-content\"><\/p>\n<p><a href=\"https:\/\/www.cancerresearchuk.org\/about-cancer\/ovarian-cancer\">https:\/\/www.cancerresearchuk.org\/about-cancer\/ovarian-cancer<\/a> Ultimo accesso aprile 2026<\/p>\n<p style=\"font-weight: 400;\"><a href=\"https:\/\/www.nhs.uk\/conditions\/ovarian-cancer\/.\">https:\/\/www.nhs.uk\/conditions\/ovarian-cancer\/.<\/a>  Ultima consultazione aprile 2026.<\/p>\n<p><a href=\"https:\/\/www.cancerresearchuk.org\/health-professional\/cancer-statistics\/statistics-by-cancer-type\/ovarian-cancer\/risk-factors#heading-Zero\">https:\/\/www.cancerresearchuk.org\/health-professional\/cancer-statistics\/statistics-by-cancer-type\/ovarian-cancer\/risk-factors#heading-Zero<\/a> Ultimo accesso ottobre 2022.<\/p>\n<p><a href=\"http:\/\/www.nhs.uk\/Conditions\/Cancer-of-the-ovary\/Pages\/Symptoms.aspx\">http:\/\/www.nhs.uk\/Conditions\/Cancer-of-the-ovary\/Pages\/Symptoms.aspx<\/a>. Ultimo accesso ottobre 2022. <\/p>\n<p><\/div><\/div>\n<h2 style=\"text-align: center;\"><strong>Domande Frequenti<\/strong><\/h2>\n<div id=\"accordion-what-is-my-chance-of-getting-ovarian-cancer\" class=\"accordion\"><a class=\"accordion-label\" href=\"#what-is-my-chance-of-getting-ovarian-cancer\">What is my chance of getting ovarian cancer?<\/a><div class=\"accordion-content\"><\/p>\n<p>Alcuni fattori possono aumentare la probabilit\u00e0 di sviluppare un cancro ovarico:<\/p>\n<p>Se hai pi\u00f9 di 50 anni e hai attraversato la menopausa<\/p>\n<p>Se hai uno dei seguenti sintomi:<\/p>\n<p>Una mutazione nota nei geni BRCA1, BRCA2 e\/o della sindrome di Lynch<\/p>\n<p>Storia familiare nota di cancro ovarico e\/o al seno<\/p>\n<p>Parenti di origine ebraica ashkenazita con storia familiare di cancro ovarico\/al seno<\/p>\n<p>Avere uno o pi\u00f9 di questi fattori di rischio non significa che svilupperai un cancro ovarico. La cosa pi\u00f9 importante che puoi fare \u00e8 monitorare i sintomi precoci e parlare con il tuo medico se sei preoccupato. <\/p>\n<p><\/div><\/div>\n<div id=\"accordion-is-ovarian-cancer-hereditary\" class=\"accordion\"><a class=\"accordion-label\" href=\"#is-ovarian-cancer-hereditary\">Is ovarian cancer hereditary?<\/a><div class=\"accordion-content\"><\/p>\n<p>Sebbene la maggior parte dei tumori ovaricos non sia ereditaria, circa il 20-25 percento delle donne a cui \u00e8 stato diagnosticato un tumore ovarico ha una tendenza ereditaria a sviluppare la malattia. Se hai parenti con tumore al seno e\/o ovarico, potresti avere un rischio maggiore di sviluppare un cancro ovarico. <\/p>\n<p>In alcuni casi, ci\u00f2 pu\u00f2 essere dovuto a una mutazione ereditaria sia nel gene BRCA1 che\/o BRCA2. Questi geni sono presenti in tutti, ma in alcune persone possono manifestarsi in forme diverse e possono aumentare la probabilit\u00e0 di cancro al seno e\/o ovarico. <\/p>\n<p>Il tuo medico pu\u00f2 valutare la tua storia medica e familiare personale e consigliarti sul tuo rischio a vita di cancro ovarico.<\/p>\n<p><\/div><\/div><p><\/p>","protected":false},"excerpt":{"rendered":"<p>Il cancro ovarico \u00e8 una malattia che si verifica quando cellule anomale nelle ovaie crescono a un ritmo incontrollabile e formano una massa di tessuto&#8230;<\/p>\n","protected":false},"author":42,"featured_media":0,"parent":3094,"menu_order":1,"comment_status":"closed","ping_status":"closed","template":"","meta":{"_acf_changed":false,"_eb_attr":"","footnotes":""},"class_list":["post-3335","page","type-page","status-publish","hentry"],"acf":[],"_links":{"self":[{"href":"https:\/\/www.therocatest.co.uk\/it\/wp-json\/wp\/v2\/pages\/3335"}],"collection":[{"href":"https:\/\/www.therocatest.co.uk\/it\/wp-json\/wp\/v2\/pages"}],"about":[{"href":"https:\/\/www.therocatest.co.uk\/it\/wp-json\/wp\/v2\/types\/page"}],"author":[{"embeddable":true,"href":"https:\/\/www.therocatest.co.uk\/it\/wp-json\/wp\/v2\/users\/42"}],"replies":[{"embeddable":true,"href":"https:\/\/www.therocatest.co.uk\/it\/wp-json\/wp\/v2\/comments?post=3335"}],"version-history":[{"count":3,"href":"https:\/\/www.therocatest.co.uk\/it\/wp-json\/wp\/v2\/pages\/3335\/revisions"}],"predecessor-version":[{"id":3777,"href":"https:\/\/www.therocatest.co.uk\/it\/wp-json\/wp\/v2\/pages\/3335\/revisions\/3777"}],"up":[{"embeddable":true,"href":"https:\/\/www.therocatest.co.uk\/it\/wp-json\/wp\/v2\/pages\/3094"}],"wp:attachment":[{"href":"https:\/\/www.therocatest.co.uk\/it\/wp-json\/wp\/v2\/media?parent=3335"}],"curies":[{"name":"wp","href":"https:\/\/api.w.org\/{rel}","templated":true}]}}